{"id":37,"date":"2025-05-28T00:02:29","date_gmt":"2025-05-28T00:02:29","guid":{"rendered":"https:\/\/promociondeeventos.sld.cu\/jcemedicalix2025\/?page_id=37"},"modified":"2025-05-28T04:20:35","modified_gmt":"2025-05-28T04:20:35","slug":"normas-de-presentacion-de-trabajo","status":"publish","type":"page","link":"https:\/\/promociondeeventos.sld.cu\/jcemedicalix2025\/normas-de-presentacion-de-trabajo\/","title":{"rendered":"Normas de presentaci\u00f3n"},"content":{"rendered":"<p><strong>Modalidades:<\/strong><br \/>\n1. Revisiones Bibliogr\u00e1ficas (Solamente estudiantes de 1er y 2do a\u00f1o)<br \/>\n2. Art\u00edculos Originales<br \/>\n3. Presentaci\u00f3n de casos<br \/>\n4. Productos terminados<\/p>\n<p><strong>Puntualizaciones<\/strong><br \/>\nEl t\u00edtulo debe reflejar la esencia del trabajo. Ser conciso, claro, no contar con subt\u00edtulos, abreviaturas ni siglas, aunque estas sean reconocidas internacionalmente, sin sobre explicaciones, con aparici\u00f3n preferente de las palabras claves de la investigaci\u00f3n. Deber\u00e1 presentar lenguaje cient\u00edfico. Culmina sin punto final. No es recomendable se\u00f1alar el ac\u00e1pite \u201cT\u00edtulo\u201d.<\/p>\n<p>El Resumen informativo (en cualquiera de sus 2 variantes: estructurado y no estructurado) contiene de manera generalizada las partes elementales del cuerpo del informe final, se presenta en forma de p\u00e1rrafo e incluye: objetivo general del trabajo, dise\u00f1o metodol\u00f3gico (si lo posee), resultados fundamentales y la conclusi\u00f3n\u00a0 m\u00e1s relevante. La informaci\u00f3n que brinda es proporcional al tipo y estilo del documento base, su extensi\u00f3n no debe exceder las (250) palabras.<br \/>\nLa introducci\u00f3n debe tener como finalidades la presentaci\u00f3n del fundamento racional de la investigaci\u00f3n y el suministro de suficientes antecedentes para que el lector pueda comprender y evaluar los resultados del estudio sin necesidad de consultar otros documentos. Su funci\u00f3n es precisamente \u201cintroducir\u201d el tema de la investigaci\u00f3n y es donde se comienza a articular la misma definici\u00f3n del Problema Cient\u00edfico. Para la elaboraci\u00f3n de este ac\u00e1pite es necesaria una exhaustiva b\u00fasqueda bibliogr\u00e1fica, donde se resuma toda la producci\u00f3n te\u00f3rica existente sobre el tema abordado, adem\u00e1s de una clara definici\u00f3n del problema al cual se pretende dar soluci\u00f3n dicho estudio y una correcta justificaci\u00f3n del mismo.<br \/>\nLas referencias bibliogr\u00e1ficas se encuentran acotadas en el cuerpo del informe escrito. Aparecen referenciadas en esta secci\u00f3n y acotadas en el cuerpo del informe escrito con n\u00fameros ar\u00e1bigos consecutivos seg\u00fan el orden de aparici\u00f3n. El asentamiento bibliogr\u00e1fico sigue uniformemente alguna versi\u00f3n de las normas de Vancouver. M\u00e1s del 60 % de las referencias posee una antig\u00fcedad igual o inferior a los 5 a\u00f1os desde su publicaci\u00f3n. No son menos de 10 ni m\u00e1s de 40.<\/p>\n<p>El documento se entrega en formato PDF<\/p>\n<ul>\n<li>P\u00e1gina tama\u00f1o Carta<\/li>\n<li>Tipograf\u00eda Arial a 12 puntos (para el cuerpo y la bibliograf\u00eda), Arial a 14 puntos (para subt\u00edtulos) y Arial a 16 puntos (para t\u00edtulos).<\/li>\n<li>Las notas al pie, o al final, deber\u00e1n aparecer en Arial a 10 puntos, siempre con fuente color negro para la investigaci\u00f3n que cuente con el asentamiento bibliogr\u00e1fico de APA 6ta Edici\u00f3n.<\/li>\n<li>Un (1,5) espacio de interlineado, siempre con p\u00e1rrafos en justificado.<\/li>\n<li>M\u00e1rgenes (Normal) de 2,5 cm por cada lado.<\/li>\n<\/ul>\n<p>&nbsp;<\/p>\n","protected":false},"excerpt":{"rendered":"<p>Modalidades: 1. Revisiones Bibliogr\u00e1ficas (Solamente estudiantes de 1er y 2do a\u00f1o) 2. Art\u00edculos Originales 3. Presentaci\u00f3n de casos 4. Productos terminados Puntualizaciones El t\u00edtulo debe reflejar la esencia del trabajo. Ser conciso, claro, no contar con subt\u00edtulos, abreviaturas ni siglas, aunque estas sean reconocidas internacionalmente, sin sobre explicaciones, con aparici\u00f3n preferente de las palabras claves [&hellip;]<\/p>\n","protected":false},"author":4,"featured_media":0,"parent":0,"menu_order":0,"comment_status":"closed","ping_status":"closed","template":"","meta":[],"_links":{"self":[{"href":"https:\/\/promociondeeventos.sld.cu\/jcemedicalix2025\/wp-json\/wp\/v2\/pages\/37"}],"collection":[{"href":"https:\/\/promociondeeventos.sld.cu\/jcemedicalix2025\/wp-json\/wp\/v2\/pages"}],"about":[{"href":"https:\/\/promociondeeventos.sld.cu\/jcemedicalix2025\/wp-json\/wp\/v2\/types\/page"}],"author":[{"embeddable":true,"href":"https:\/\/promociondeeventos.sld.cu\/jcemedicalix2025\/wp-json\/wp\/v2\/users\/4"}],"replies":[{"embeddable":true,"href":"https:\/\/promociondeeventos.sld.cu\/jcemedicalix2025\/wp-json\/wp\/v2\/comments?post=37"}],"version-history":[{"count":2,"href":"https:\/\/promociondeeventos.sld.cu\/jcemedicalix2025\/wp-json\/wp\/v2\/pages\/37\/revisions"}],"predecessor-version":[{"id":81,"href":"https:\/\/promociondeeventos.sld.cu\/jcemedicalix2025\/wp-json\/wp\/v2\/pages\/37\/revisions\/81"}],"wp:attachment":[{"href":"https:\/\/promociondeeventos.sld.cu\/jcemedicalix2025\/wp-json\/wp\/v2\/media?parent=37"}],"curies":[{"name":"wp","href":"https:\/\/api.w.org\/{rel}","templated":true}]}}