{"id":19,"date":"2025-05-27T23:21:20","date_gmt":"2025-05-27T23:21:20","guid":{"rendered":"https:\/\/promociondeeventos.sld.cu\/jcemedicalix2025\/?page_id=19"},"modified":"2025-05-27T23:22:22","modified_gmt":"2025-05-27T23:22:22","slug":"tematicas","status":"publish","type":"page","link":"https:\/\/promociondeeventos.sld.cu\/jcemedicalix2025\/tematicas\/","title":{"rendered":"Tem\u00e1ticas"},"content":{"rendered":"<p>Tem\u00e1ticas<br \/>\nSe aceptar\u00e1n trabajos que tributen a los perfiles de formaci\u00f3n:<br \/>\n1. Ginecolog\u00eda y Obstetricia<br \/>\n2. Pediatr\u00eda<br \/>\n3. Cirug\u00eda y ciencias quir\u00fargicas<br \/>\n4. Medicina Interna<br \/>\n5. Medicina General Integral<br \/>\n6. Psicolog\u00eda, Psiquiatr\u00eda y Sexualidad<br \/>\n7. Corte educativo<br \/>\n8. Tecnolog\u00eda de la Salud<br \/>\n9. Enfermer\u00eda<br \/>\n10. CEDRO<br \/>\n11. Medicina Natural y Tradicional<br \/>\n12. Ingles M\u00e9dico<br \/>\n13. Preparaci\u00f3n para la defensa y reducci\u00f3n de desastre<br \/>\n14. COVID 19 y Enfermedades infecciosas<\/p>\n","protected":false},"excerpt":{"rendered":"<p>Tem\u00e1ticas Se aceptar\u00e1n trabajos que tributen a los perfiles de formaci\u00f3n: 1. Ginecolog\u00eda y Obstetricia 2. Pediatr\u00eda 3. Cirug\u00eda y ciencias quir\u00fargicas 4. Medicina Interna 5. Medicina General Integral 6. Psicolog\u00eda, Psiquiatr\u00eda y Sexualidad 7. Corte educativo 8. Tecnolog\u00eda de la Salud 9. Enfermer\u00eda 10. CEDRO 11. Medicina Natural y Tradicional 12. Ingles M\u00e9dico 13. [&hellip;]<\/p>\n","protected":false},"author":4,"featured_media":0,"parent":0,"menu_order":0,"comment_status":"closed","ping_status":"closed","template":"","meta":[],"_links":{"self":[{"href":"https:\/\/promociondeeventos.sld.cu\/jcemedicalix2025\/wp-json\/wp\/v2\/pages\/19"}],"collection":[{"href":"https:\/\/promociondeeventos.sld.cu\/jcemedicalix2025\/wp-json\/wp\/v2\/pages"}],"about":[{"href":"https:\/\/promociondeeventos.sld.cu\/jcemedicalix2025\/wp-json\/wp\/v2\/types\/page"}],"author":[{"embeddable":true,"href":"https:\/\/promociondeeventos.sld.cu\/jcemedicalix2025\/wp-json\/wp\/v2\/users\/4"}],"replies":[{"embeddable":true,"href":"https:\/\/promociondeeventos.sld.cu\/jcemedicalix2025\/wp-json\/wp\/v2\/comments?post=19"}],"version-history":[{"count":1,"href":"https:\/\/promociondeeventos.sld.cu\/jcemedicalix2025\/wp-json\/wp\/v2\/pages\/19\/revisions"}],"predecessor-version":[{"id":20,"href":"https:\/\/promociondeeventos.sld.cu\/jcemedicalix2025\/wp-json\/wp\/v2\/pages\/19\/revisions\/20"}],"wp:attachment":[{"href":"https:\/\/promociondeeventos.sld.cu\/jcemedicalix2025\/wp-json\/wp\/v2\/media?parent=19"}],"curies":[{"name":"wp","href":"https:\/\/api.w.org\/{rel}","templated":true}]}}