{"id":16,"date":"2025-05-27T23:19:21","date_gmt":"2025-05-27T23:19:21","guid":{"rendered":"https:\/\/promociondeeventos.sld.cu\/jcemedicalix2025\/?page_id=16"},"modified":"2025-05-27T23:19:21","modified_gmt":"2025-05-27T23:19:21","slug":"objetivos","status":"publish","type":"page","link":"https:\/\/promociondeeventos.sld.cu\/jcemedicalix2025\/objetivos\/","title":{"rendered":"Objetivos"},"content":{"rendered":"<p><strong>Objetivo General:<\/strong><br \/>\nPromover un espacio para el desarrollo de la investigaci\u00f3n cient\u00edfica en la<br \/>\nense\u00f1anza de Pregrado, desde un enfoque creativo, responsable y con un alto<br \/>\ncompromiso en la labor formativa de la educaci\u00f3n<\/p>\n<p><strong>Objetivos Espec\u00edficos:<\/strong><\/p>\n<ul>\n<li>Potenciar la investigaci\u00f3n cient\u00edfica entre los estudiantes a los diferentes niveles.<br \/>\nIncentivar el desarrollo de investigaciones que respondan al banco de problemas<br \/>\nde la instituci\u00f3n.<\/li>\n<li>Favorecer los espacios de interacci\u00f3n cient\u00edfica multidisciplinaria entre los<br \/>\nestudiantes de la Universidad de Ciencias M\u00e9dicas de La Habana.<\/li>\n<li>Promover la producci\u00f3n cient\u00edfica como un instrumento unificador del perfil<br \/>\ndocente, investigativo y asistencial en la ense\u00f1anza de pregrado.<\/li>\n<li>Consolidar la formaci\u00f3n de valores en nuestro estudiantado, en vista a la futura<br \/>\nrelaci\u00f3n con el paciente, la sociedad y el entorno que lo rodea<\/li>\n<\/ul>\n","protected":false},"excerpt":{"rendered":"<p>Objetivo General: Promover un espacio para el desarrollo de la investigaci\u00f3n cient\u00edfica en la ense\u00f1anza de Pregrado, desde un enfoque creativo, responsable y con un alto compromiso en la labor formativa de la educaci\u00f3n Objetivos Espec\u00edficos: Potenciar la investigaci\u00f3n cient\u00edfica entre los estudiantes a los diferentes niveles. Incentivar el desarrollo de investigaciones que respondan al [&hellip;]<\/p>\n","protected":false},"author":4,"featured_media":0,"parent":0,"menu_order":0,"comment_status":"closed","ping_status":"closed","template":"","meta":[],"_links":{"self":[{"href":"https:\/\/promociondeeventos.sld.cu\/jcemedicalix2025\/wp-json\/wp\/v2\/pages\/16"}],"collection":[{"href":"https:\/\/promociondeeventos.sld.cu\/jcemedicalix2025\/wp-json\/wp\/v2\/pages"}],"about":[{"href":"https:\/\/promociondeeventos.sld.cu\/jcemedicalix2025\/wp-json\/wp\/v2\/types\/page"}],"author":[{"embeddable":true,"href":"https:\/\/promociondeeventos.sld.cu\/jcemedicalix2025\/wp-json\/wp\/v2\/users\/4"}],"replies":[{"embeddable":true,"href":"https:\/\/promociondeeventos.sld.cu\/jcemedicalix2025\/wp-json\/wp\/v2\/comments?post=16"}],"version-history":[{"count":1,"href":"https:\/\/promociondeeventos.sld.cu\/jcemedicalix2025\/wp-json\/wp\/v2\/pages\/16\/revisions"}],"predecessor-version":[{"id":17,"href":"https:\/\/promociondeeventos.sld.cu\/jcemedicalix2025\/wp-json\/wp\/v2\/pages\/16\/revisions\/17"}],"wp:attachment":[{"href":"https:\/\/promociondeeventos.sld.cu\/jcemedicalix2025\/wp-json\/wp\/v2\/media?parent=16"}],"curies":[{"name":"wp","href":"https:\/\/api.w.org\/{rel}","templated":true}]}}