{"id":13,"date":"2025-05-27T23:16:53","date_gmt":"2025-05-27T23:16:53","guid":{"rendered":"https:\/\/promociondeeventos.sld.cu\/jcemedicalix2025\/?page_id=13"},"modified":"2025-05-27T23:54:05","modified_gmt":"2025-05-27T23:54:05","slug":"participacion","status":"publish","type":"page","link":"https:\/\/promociondeeventos.sld.cu\/jcemedicalix2025\/participacion\/","title":{"rendered":"Participaci\u00f3n"},"content":{"rendered":"<p>Podr\u00e1n participar todos los estudiantes que cursen alguna de las diferentes carreras correspondientes a la Educaci\u00f3n Superior de nuestra universidad.<\/p>\n<ul>\n<li>Medicina<\/li>\n<li>Licenciatura en Enfermer\u00eda<\/li>\n<li>ESCC<\/li>\n<li>ETP<\/li>\n<\/ul>\n<p>Entrega de trabajos por WhatsApp a:<br \/>\nAlejandro Rom\u00e1n Rodr\u00edguez (5 5801397) O Asaph Ahmad (5 9310789)<br \/>\nSolo se acepta los trabajos en formato PDF. Espera confirmaci\u00f3n del comit\u00e9 cient\u00edfico de que su trabajo fue aceptado<\/p>\n","protected":false},"excerpt":{"rendered":"<p>Podr\u00e1n participar todos los estudiantes que cursen alguna de las diferentes carreras correspondientes a la Educaci\u00f3n Superior de nuestra universidad. Medicina Licenciatura en Enfermer\u00eda ESCC ETP Entrega de trabajos por WhatsApp a: Alejandro Rom\u00e1n Rodr\u00edguez (5 5801397) O Asaph Ahmad (5 9310789) Solo se acepta los trabajos en formato PDF. Espera confirmaci\u00f3n del comit\u00e9 cient\u00edfico [&hellip;]<\/p>\n","protected":false},"author":4,"featured_media":0,"parent":0,"menu_order":0,"comment_status":"closed","ping_status":"closed","template":"","meta":[],"_links":{"self":[{"href":"https:\/\/promociondeeventos.sld.cu\/jcemedicalix2025\/wp-json\/wp\/v2\/pages\/13"}],"collection":[{"href":"https:\/\/promociondeeventos.sld.cu\/jcemedicalix2025\/wp-json\/wp\/v2\/pages"}],"about":[{"href":"https:\/\/promociondeeventos.sld.cu\/jcemedicalix2025\/wp-json\/wp\/v2\/types\/page"}],"author":[{"embeddable":true,"href":"https:\/\/promociondeeventos.sld.cu\/jcemedicalix2025\/wp-json\/wp\/v2\/users\/4"}],"replies":[{"embeddable":true,"href":"https:\/\/promociondeeventos.sld.cu\/jcemedicalix2025\/wp-json\/wp\/v2\/comments?post=13"}],"version-history":[{"count":4,"href":"https:\/\/promociondeeventos.sld.cu\/jcemedicalix2025\/wp-json\/wp\/v2\/pages\/13\/revisions"}],"predecessor-version":[{"id":34,"href":"https:\/\/promociondeeventos.sld.cu\/jcemedicalix2025\/wp-json\/wp\/v2\/pages\/13\/revisions\/34"}],"wp:attachment":[{"href":"https:\/\/promociondeeventos.sld.cu\/jcemedicalix2025\/wp-json\/wp\/v2\/media?parent=13"}],"curies":[{"name":"wp","href":"https:\/\/api.w.org\/{rel}","templated":true}]}}