{"id":11,"date":"2025-05-27T23:15:46","date_gmt":"2025-05-27T23:15:46","guid":{"rendered":"https:\/\/promociondeeventos.sld.cu\/jcemedicalix2025\/?page_id=11"},"modified":"2025-05-27T23:55:13","modified_gmt":"2025-05-27T23:55:13","slug":"comite-cientifico","status":"publish","type":"page","link":"https:\/\/promociondeeventos.sld.cu\/jcemedicalix2025\/comite-cientifico\/","title":{"rendered":"Comit\u00e9 Cient\u00ecfico"},"content":{"rendered":"<ul>\n<li>DrC. Daima Pelegrino de la Vega. Metod\u00f3loga. Dpto Metodol\u00f3gico.<\/li>\n<li>Dr. Pedro Pablo Valle Artiz. Metod\u00f3logo Dpto Metodol\u00f3gico.<\/li>\n<li>Lic. Haymara Moynelo Gonz\u00e1lez. Metod\u00f3loga. Dpto Metodol\u00f3gico<\/li>\n<li>Lic. Ivette Rubio Camizola. Metod\u00f3loga. Dpto Metodol\u00f3gico<\/li>\n<li>Dra. Arianna Isla Vald\u00e9s. Metod\u00f3loga. Dpto Metodol\u00f3gico<\/li>\n<li>DrC. Odalys Arencibia Salazar. Metod\u00f3loga. Dpto Metodol\u00f3gico<\/li>\n<li>Est. Asaph Ahmad. Secretario de Docencia FEU FCM.CG<\/li>\n<li>Est. Alejandro Rom\u00e1n Rodr\u00edguez. Secretario de Investigaciones. FEU FCM.CG<\/li>\n<\/ul>\n","protected":false},"excerpt":{"rendered":"<p>DrC. Daima Pelegrino de la Vega. Metod\u00f3loga. Dpto Metodol\u00f3gico. Dr. Pedro Pablo Valle Artiz. Metod\u00f3logo Dpto Metodol\u00f3gico. Lic. Haymara Moynelo Gonz\u00e1lez. Metod\u00f3loga. Dpto Metodol\u00f3gico Lic. Ivette Rubio Camizola. Metod\u00f3loga. Dpto Metodol\u00f3gico Dra. Arianna Isla Vald\u00e9s. Metod\u00f3loga. Dpto Metodol\u00f3gico DrC. Odalys Arencibia Salazar. Metod\u00f3loga. Dpto Metodol\u00f3gico Est. Asaph Ahmad. Secretario de Docencia FEU FCM.CG Est. Alejandro [&hellip;]<\/p>\n","protected":false},"author":4,"featured_media":0,"parent":0,"menu_order":0,"comment_status":"closed","ping_status":"closed","template":"","meta":[],"_links":{"self":[{"href":"https:\/\/promociondeeventos.sld.cu\/jcemedicalix2025\/wp-json\/wp\/v2\/pages\/11"}],"collection":[{"href":"https:\/\/promociondeeventos.sld.cu\/jcemedicalix2025\/wp-json\/wp\/v2\/pages"}],"about":[{"href":"https:\/\/promociondeeventos.sld.cu\/jcemedicalix2025\/wp-json\/wp\/v2\/types\/page"}],"author":[{"embeddable":true,"href":"https:\/\/promociondeeventos.sld.cu\/jcemedicalix2025\/wp-json\/wp\/v2\/users\/4"}],"replies":[{"embeddable":true,"href":"https:\/\/promociondeeventos.sld.cu\/jcemedicalix2025\/wp-json\/wp\/v2\/comments?post=11"}],"version-history":[{"count":2,"href":"https:\/\/promociondeeventos.sld.cu\/jcemedicalix2025\/wp-json\/wp\/v2\/pages\/11\/revisions"}],"predecessor-version":[{"id":35,"href":"https:\/\/promociondeeventos.sld.cu\/jcemedicalix2025\/wp-json\/wp\/v2\/pages\/11\/revisions\/35"}],"wp:attachment":[{"href":"https:\/\/promociondeeventos.sld.cu\/jcemedicalix2025\/wp-json\/wp\/v2\/media?parent=11"}],"curies":[{"name":"wp","href":"https:\/\/api.w.org\/{rel}","templated":true}]}}