{"id":23,"date":"2024-05-15T21:21:58","date_gmt":"2024-05-15T21:21:58","guid":{"rendered":"https:\/\/promociondeeventos.sld.cu\/jc-nermassaabotinmemoriam2024\/?page_id=23"},"modified":"2024-05-16T23:47:31","modified_gmt":"2024-05-16T23:47:31","slug":"normas-de-presentacion-de-los-trabajos","status":"publish","type":"page","link":"https:\/\/promociondeeventos.sld.cu\/jc-nermassaabotinmemoriam2024\/normas-de-presentacion-de-los-trabajos\/","title":{"rendered":"Normas de presentaci\u00f3n de los trabajos"},"content":{"rendered":"<p align=\"justify\">Se extiende la <a href=\"http:\/\/promociondeeventos.sld.cu\/jc-nermassaabotinmemoriam2024\/files\/2024\/05\/JCNERM-CONVOCATORIA-1.pdf\">convocatoria<\/a>\u00a0a los interesados para la presentaci\u00f3n de res\u00famenes de las ponencias que reflejen investigaciones originales o de revisi\u00f3n, en espa\u00f1ol y en ingl\u00e9s, que representen contribuciones significativas en el campo de los Sistemas de Informaci\u00f3n en Salud.<\/p>\n<p align=\"justify\">La recepci\u00f3n de los res\u00famenes se realizar\u00e1 seg\u00fan el siguiente calendario:<\/p>\n<table>\n<tbody>\n<tr>\n<td width=\"283\">Modalidad presencial<\/td>\n<td width=\"283\">Hasta el 20 de mayo del 2024<\/td>\n<\/tr>\n<tr>\n<td width=\"283\">Modalidad virtual<\/td>\n<td width=\"283\">\u00a0Hasta el 1 de julio del 2024<\/td>\n<\/tr>\n<\/tbody>\n<\/table>\n<p>Para la presentaci\u00f3n de los res\u00famenes se seguir\u00e1 el siguiente formato:<\/p>\n<ul>\n<li>T\u00edtulo (indicativo, no m\u00e1s de 15 palabras)<\/li>\n<li>Autores (Nombres y apellidos completos)<\/li>\n<li>Afiliaci\u00f3n de los autores (Grado cient\u00edfico o acad\u00e9mico, Instituci\u00f3n, Ciudad, Pa\u00eds, correo electr\u00f3nico y ORCID).<\/li>\n<li>Resumen (estructurado de 250 palabras para investigaciones originales, y no estructurado de 150 palabras para revisiones).<\/li>\n<li>Palabras clave (entre tres y seis).<\/li>\n<\/ul>\n<p>Todo el documento con fuente <em>Verdana<\/em>, tama\u00f1o 10, interlineado sencillo. Todo el texto deber\u00e1 estar justificado. Puede utilizar la plantilla del evento para mayor facilidad: <a href=\"https:\/\/promociondeeventos.sld.cu\/jc-nermassaabotinmemoriam2024\/files\/2024\/05\/Plantilla-para-resumenes.docx\">Plantilla para resumenes<\/a>.<\/p>\n<p>Los res\u00famenes deber\u00e1n ser enviados a trav\u00e9s del correo electr\u00f3nico:<a href=\"mailto:jcnerm2024@infomed.sld.cu\"> jcnerm2024@infomed.sld.cu<\/a><\/p>\n<p>Una vez aceptados, los autores deber\u00e1n enviar la ponencia a texto completo seg\u00fan el formato de las plantillas de art\u00edculos de la Revista Cubana de Tecnolog\u00eda de la Salud: <a href=\"https:\/\/revtecnologia.sld.cu\/index.php\/tec\/pages\/view\/plantillas\">Link<\/a>.<\/p>\n<p>Los materiales complementarios de los trabajos, es decir, las presentaciones o posters electr\u00f3nicos, deber\u00e1n emplear la plantilla del evento:<\/p>\n<p class=\"attachment\"><a href=\"https:\/\/promociondeeventos.sld.cu\/jc-nermassaabotinmemoriam2024\/files\/2024\/05\/Power-Point-Plantilla.pptx\">Power Point Plantilla<\/a><\/p>\n<p class=\"attachment\"><a href=\"https:\/\/promociondeeventos.sld.cu\/jc-nermassaabotinmemoriam2024\/files\/2024\/05\/Poster-Plantilla.pptx\">Poster Plantilla<\/a><\/p>\n<p style=\"text-align: justify\">Hasta el 15 de julio, se podr\u00e1n realizar comentario sobre las ponencias presentadas al evento. Estos deber\u00e1n ser constructivos y propiciar el debate sobre las l\u00edneas propuestas.<\/p>\n<p>&nbsp;<\/p>\n<p>&nbsp;<\/p>\n<p>&nbsp;<\/p>\n","protected":false},"excerpt":{"rendered":"<p>Se extiende la convocatoria\u00a0a los interesados para la presentaci\u00f3n de res\u00famenes de las ponencias que reflejen investigaciones originales o de revisi\u00f3n, en espa\u00f1ol y en ingl\u00e9s, que representen contribuciones significativas en el campo de los Sistemas de Informaci\u00f3n en Salud. La recepci\u00f3n de los res\u00famenes se realizar\u00e1 seg\u00fan el siguiente calendario: Modalidad presencial Hasta el [&hellip;]<\/p>\n","protected":false},"author":4,"featured_media":0,"parent":0,"menu_order":0,"comment_status":"closed","ping_status":"closed","template":"","meta":[],"_links":{"self":[{"href":"https:\/\/promociondeeventos.sld.cu\/jc-nermassaabotinmemoriam2024\/wp-json\/wp\/v2\/pages\/23"}],"collection":[{"href":"https:\/\/promociondeeventos.sld.cu\/jc-nermassaabotinmemoriam2024\/wp-json\/wp\/v2\/pages"}],"about":[{"href":"https:\/\/promociondeeventos.sld.cu\/jc-nermassaabotinmemoriam2024\/wp-json\/wp\/v2\/types\/page"}],"author":[{"embeddable":true,"href":"https:\/\/promociondeeventos.sld.cu\/jc-nermassaabotinmemoriam2024\/wp-json\/wp\/v2\/users\/4"}],"replies":[{"embeddable":true,"href":"https:\/\/promociondeeventos.sld.cu\/jc-nermassaabotinmemoriam2024\/wp-json\/wp\/v2\/comments?post=23"}],"version-history":[{"count":26,"href":"https:\/\/promociondeeventos.sld.cu\/jc-nermassaabotinmemoriam2024\/wp-json\/wp\/v2\/pages\/23\/revisions"}],"predecessor-version":[{"id":139,"href":"https:\/\/promociondeeventos.sld.cu\/jc-nermassaabotinmemoriam2024\/wp-json\/wp\/v2\/pages\/23\/revisions\/139"}],"wp:attachment":[{"href":"https:\/\/promociondeeventos.sld.cu\/jc-nermassaabotinmemoriam2024\/wp-json\/wp\/v2\/media?parent=23"}],"curies":[{"name":"wp","href":"https:\/\/api.w.org\/{rel}","templated":true}]}}