{"id":2,"date":"2024-05-15T20:34:02","date_gmt":"2024-05-15T20:34:02","guid":{"rendered":"https:\/\/promociondeeventos.sld.cu\/jc-nermassaabotinmemoriam2024\/?page_id=2"},"modified":"2024-05-16T21:33:41","modified_gmt":"2024-05-16T21:33:41","slug":"pagina-ejemplo","status":"publish","type":"page","link":"https:\/\/promociondeeventos.sld.cu\/jc-nermassaabotinmemoriam2024\/","title":{"rendered":"Convocatoria"},"content":{"rendered":"<p align=\"justify\"><img decoding=\"async\" loading=\"lazy\" class=\" wp-image-45 alignleft\" src=\"http:\/\/promociondeeventos.sld.cu\/jc-nermassaabotinmemoriam2024\/files\/2024\/05\/Img-00000290-300x300.jpg\" alt=\"\" width=\"156\" height=\"156\" srcset=\"https:\/\/promociondeeventos.sld.cu\/jc-nermassaabotinmemoriam2024\/files\/2024\/05\/Img-00000290-300x300.jpg 300w, https:\/\/promociondeeventos.sld.cu\/jc-nermassaabotinmemoriam2024\/files\/2024\/05\/Img-00000290-150x150.jpg 150w, https:\/\/promociondeeventos.sld.cu\/jc-nermassaabotinmemoriam2024\/files\/2024\/05\/Img-00000290-250x250.jpg 250w, https:\/\/promociondeeventos.sld.cu\/jc-nermassaabotinmemoriam2024\/files\/2024\/05\/Img-00000290.jpg 500w\" sizes=\"(max-width: 156px) 100vw, 156px\" \/>La comunidad cient\u00edfica y acad\u00e9mica est\u00e1 invitada a participar en la I Jornada Cient\u00edfica \u201c<a href=\"https:\/\/promociondeeventos.sld.cu\/jc-nermassaabotinmemoriam2024\/doctora_norma_eneida_rios_massabot_1930-2018\/\">Dr.C. Norma Eneida R\u00edos Massabot in Memoriam\u201d<\/a>, un evento que busca honrar la memoria y el legado de esta doctora, considerada una figura emblem\u00e1tica en el campo de las estad\u00edsticas sanitarias.<\/p>\n<p align=\"justify\">El evento forma parte de las actividades centrales que tiene la <a href=\"https:\/\/promociondeeventos.sld.cu\/jc-nermassaabotinmemoriam2024\/doctora_norma_eneida_rios_massabot_1930-2018\/catedra-honorifica\/\">C\u00e1tedra Honor\u00edfica<\/a> en su nombre y que contribuye a la formaci\u00f3n y reafirmaci\u00f3n vocacional de los estudiantes y profesionales relacionados con el procesamiento de la informaci\u00f3n en salud. Se proyecta que la jornada tenga una periodicidad anual, entre los meses de mayo y julio, tomando en consideraci\u00f3n las fechas de natalicio y deceso de la doctora.<\/p>\n<p align=\"justify\">Se extender\u00e1 desde el 23 de mayo hasta el 15 de julio del 2024, y propiciar\u00e1 el espacio para compartir contribuciones y promover las investigaciones en el \u00e1rea de los Sistemas de Informaci\u00f3n en Salud.<\/p>\n<p align=\"justify\">Podr\u00e1n participar profesionales y estudiantes de los Sistemas de Informaci\u00f3n en Salud, las Ciencias M\u00e9dicas y otros campos afines a las tem\u00e1ticas centrales del evento.<\/p>\n<p style=\"text-align: justify\" align=\"justify\"><strong>Objetivo del evento:<\/strong><\/p>\n<p style=\"text-align: justify\">Socializar las tendencias actuales de los sistemas de informaci\u00f3n en salud en Cuba y el mundo.<\/p>\n<p>&nbsp;<\/p>\n<p>&nbsp;<\/p>\n","protected":false},"excerpt":{"rendered":"<p>La comunidad cient\u00edfica y acad\u00e9mica est\u00e1 invitada a participar en la I Jornada Cient\u00edfica \u201cDr.C. Norma Eneida R\u00edos Massabot in Memoriam\u201d, un evento que busca honrar la memoria y el legado de esta doctora, considerada una figura emblem\u00e1tica en el campo de las estad\u00edsticas sanitarias. El evento forma parte de las actividades centrales que tiene [&hellip;]<\/p>\n","protected":false},"author":4,"featured_media":0,"parent":0,"menu_order":0,"comment_status":"closed","ping_status":"open","template":"","meta":[],"_links":{"self":[{"href":"https:\/\/promociondeeventos.sld.cu\/jc-nermassaabotinmemoriam2024\/wp-json\/wp\/v2\/pages\/2"}],"collection":[{"href":"https:\/\/promociondeeventos.sld.cu\/jc-nermassaabotinmemoriam2024\/wp-json\/wp\/v2\/pages"}],"about":[{"href":"https:\/\/promociondeeventos.sld.cu\/jc-nermassaabotinmemoriam2024\/wp-json\/wp\/v2\/types\/page"}],"author":[{"embeddable":true,"href":"https:\/\/promociondeeventos.sld.cu\/jc-nermassaabotinmemoriam2024\/wp-json\/wp\/v2\/users\/4"}],"replies":[{"embeddable":true,"href":"https:\/\/promociondeeventos.sld.cu\/jc-nermassaabotinmemoriam2024\/wp-json\/wp\/v2\/comments?post=2"}],"version-history":[{"count":18,"href":"https:\/\/promociondeeventos.sld.cu\/jc-nermassaabotinmemoriam2024\/wp-json\/wp\/v2\/pages\/2\/revisions"}],"predecessor-version":[{"id":114,"href":"https:\/\/promociondeeventos.sld.cu\/jc-nermassaabotinmemoriam2024\/wp-json\/wp\/v2\/pages\/2\/revisions\/114"}],"wp:attachment":[{"href":"https:\/\/promociondeeventos.sld.cu\/jc-nermassaabotinmemoriam2024\/wp-json\/wp\/v2\/media?parent=2"}],"curies":[{"name":"wp","href":"https:\/\/api.w.org\/{rel}","templated":true}]}}