{"id":80,"date":"2023-11-15T02:42:01","date_gmt":"2023-11-15T07:42:01","guid":{"rendered":"https:\/\/promociondeeventos.sld.cu\/jc-cenatox\/?page_id=80"},"modified":"2023-11-15T02:53:24","modified_gmt":"2023-11-15T07:53:24","slug":"centro-nacional-de-toxicologia-cenatox","status":"publish","type":"page","link":"https:\/\/promociondeeventos.sld.cu\/jc-cenatox\/centro-nacional-de-toxicologia-cenatox\/","title":{"rendered":"Centro Nacional de Toxicolog\u00eda (CENATOX)"},"content":{"rendered":"<p><img decoding=\"async\" loading=\"lazy\" class=\"alignleft wp-image-81\" src=\"http:\/\/promociondeeventos.sld.cu\/jc-cenatox\/files\/2023\/11\/cenatox-redondo-para-jornada-fondo-blanco.png\" alt=\"\" width=\"200\" height=\"173\" srcset=\"https:\/\/promociondeeventos.sld.cu\/jc-cenatox\/files\/2023\/11\/cenatox-redondo-para-jornada-fondo-blanco.png 286w, https:\/\/promociondeeventos.sld.cu\/jc-cenatox\/files\/2023\/11\/cenatox-redondo-para-jornada-fondo-blanco-250x216.png 250w\" sizes=\"(max-width: 200px) 100vw, 200px\" \/>El Centro Nacional de Toxicolog\u00eda (CENATOX) fue inaugurado el 15 de noviembre de 1986. Se encuentra ubicado en las \u00e1reas del Hospital Docente \u201cDr. Carlos J. Finlay\u201d, en la ciudad de La Habana. Es el centro rector de todas las actividades relacionadas con la especialidad de Toxicolog\u00eda en Cuba y su objetivo principal es brindar informaci\u00f3n m\u00e9dica especializada a profesionales de la salud y poblaci\u00f3n en general, en relaci\u00f3n con el diagn\u00f3stico y tratamiento de las intoxicaciones.<\/p>\n<p>Entre sus principales l\u00edneas de trabajo se encuentran: Informaci\u00f3n Toxicol\u00f3gica de Urgencia, Toxicolog\u00eda Cl\u00ednica, Toxicolog\u00eda Anal\u00edtica, Toxicovigilancia, Ensayos Cl\u00ednicos y Estudios de Bioequivalencia, Respuesta M\u00e9dica ante Desastres Qu\u00edmicos, Ant\u00eddotos y Ecotoxicolog\u00eda.<\/p>\n<p>Su visi\u00f3n es lograr el fortalecimiento en la toma de decisiones cuando el personal m\u00e9dico, param\u00e9dico y\/o la poblaci\u00f3n se enfrentan a productos qu\u00edmicos de cualquier \u00edndole \u00a0y a su vez retroalimentarnos, desde la base, en relaci\u00f3n al comportamiento de los eventos toxicol\u00f3gicos, todo\u00a0 lo anterior con el objetivo de contribuir al mejoramiento de \u00a0la calidad de vida de la poblaci\u00f3n cubana.<\/p>\n<p>En el Centro Nacional de Toxicolog\u00eda se realizan actividades docentes e investigativas a trav\u00e9s de maestr\u00edas, diplomados, cursos de entrenamientos en Laboratorio de Toxicolog\u00eda Anal\u00edtica, Investigaciones Ecotoxicol\u00f3gicas y Medio Ambientales, Ensayos Cl\u00ednicos y Bioequivalencias a productos farmac\u00e9uticos, biotecnol\u00f3gicos, vacunas, etc., as\u00ed como asesoramiento toxicol\u00f3gico a entidades estatales y de salud.<\/p>\n<p><img decoding=\"async\" loading=\"lazy\" class=\"alignright wp-image-87\" src=\"http:\/\/promociondeeventos.sld.cu\/jc-cenatox\/files\/2023\/11\/investigadora-del-Cenatox.jpg\" alt=\"\" width=\"200\" height=\"199\" srcset=\"https:\/\/promociondeeventos.sld.cu\/jc-cenatox\/files\/2023\/11\/investigadora-del-Cenatox.jpg 487w, https:\/\/promociondeeventos.sld.cu\/jc-cenatox\/files\/2023\/11\/investigadora-del-Cenatox-300x300.jpg 300w, https:\/\/promociondeeventos.sld.cu\/jc-cenatox\/files\/2023\/11\/investigadora-del-Cenatox-150x150.jpg 150w, https:\/\/promociondeeventos.sld.cu\/jc-cenatox\/files\/2023\/11\/investigadora-del-Cenatox-250x249.jpg 250w\" sizes=\"(max-width: 200px) 100vw, 200px\" \/>Para el cumplimiento de todas estas funciones cuenta con un grupo de profesionales y t\u00e9cnicos, que incluyen personal m\u00e9dico especializado en Toxicolog\u00eda Cl\u00ednica, Farmacolog\u00eda, Pediatr\u00eda, Veterinaria, Internistas, Higienistas, Epidemi\u00f3logos, Emergencistas, Medicina General Integral; Licenciados en Enfermer\u00eda, Farmacia, Qu\u00edmica, Bioqu\u00edmica, Biolog\u00eda y T\u00e9cnicos en Qu\u00edmica Anal\u00edtica, Laboratorio Cl\u00ednico, Investigaciones y Procesos Biol\u00f3gicos, Veterinaria; todos altamente capacitados, experimentados y sensibilizados con la importancia de la labor que realizan.<\/p>\n<p><a href=\"https:\/\/especialidades.sld.cu\/toxicologia\/centros-nacionales-4\/cenatox-2\/\" target=\"_blank\" rel=\"noopener\">Conozca m\u00e1s sobre nuestra instituci\u00f3n y los servicios que brinda<\/a>.<\/p>\n","protected":false},"excerpt":{"rendered":"<p>El Centro Nacional de Toxicolog\u00eda (CENATOX) fue inaugurado el 15 de noviembre de 1986. Se encuentra ubicado en las \u00e1reas del Hospital Docente \u201cDr. Carlos J. Finlay\u201d, en la ciudad de La Habana. Es el centro rector de todas las actividades relacionadas con la especialidad de Toxicolog\u00eda en Cuba y su objetivo principal es brindar [&hellip;]<\/p>\n","protected":false},"author":3297,"featured_media":0,"parent":0,"menu_order":0,"comment_status":"closed","ping_status":"closed","template":"","meta":[],"_links":{"self":[{"href":"https:\/\/promociondeeventos.sld.cu\/jc-cenatox\/wp-json\/wp\/v2\/pages\/80"}],"collection":[{"href":"https:\/\/promociondeeventos.sld.cu\/jc-cenatox\/wp-json\/wp\/v2\/pages"}],"about":[{"href":"https:\/\/promociondeeventos.sld.cu\/jc-cenatox\/wp-json\/wp\/v2\/types\/page"}],"author":[{"embeddable":true,"href":"https:\/\/promociondeeventos.sld.cu\/jc-cenatox\/wp-json\/wp\/v2\/users\/3297"}],"replies":[{"embeddable":true,"href":"https:\/\/promociondeeventos.sld.cu\/jc-cenatox\/wp-json\/wp\/v2\/comments?post=80"}],"version-history":[{"count":2,"href":"https:\/\/promociondeeventos.sld.cu\/jc-cenatox\/wp-json\/wp\/v2\/pages\/80\/revisions"}],"predecessor-version":[{"id":88,"href":"https:\/\/promociondeeventos.sld.cu\/jc-cenatox\/wp-json\/wp\/v2\/pages\/80\/revisions\/88"}],"wp:attachment":[{"href":"https:\/\/promociondeeventos.sld.cu\/jc-cenatox\/wp-json\/wp\/v2\/media?parent=80"}],"curies":[{"name":"wp","href":"https:\/\/api.w.org\/{rel}","templated":true}]}}