{"id":78,"date":"2023-11-15T02:18:54","date_gmt":"2023-11-15T07:18:54","guid":{"rendered":"https:\/\/promociondeeventos.sld.cu\/jc-cenatox\/?page_id=78"},"modified":"2023-11-15T07:25:58","modified_gmt":"2023-11-15T12:25:58","slug":"nuestras-jornadas-cientificas","status":"publish","type":"page","link":"https:\/\/promociondeeventos.sld.cu\/jc-cenatox\/nuestras-jornadas-cientificas\/","title":{"rendered":"Nuestras Jornadas Cient\u00edficas"},"content":{"rendered":"<p><img decoding=\"async\" loading=\"lazy\" class=\"alignleft wp-image-175\" src=\"http:\/\/promociondeeventos.sld.cu\/jc-cenatox\/files\/2023\/11\/jornadas.jpg\" alt=\"\" width=\"200\" height=\"205\" srcset=\"https:\/\/promociondeeventos.sld.cu\/jc-cenatox\/files\/2023\/11\/jornadas.jpg 300w, https:\/\/promociondeeventos.sld.cu\/jc-cenatox\/files\/2023\/11\/jornadas-293x300.jpg 293w, https:\/\/promociondeeventos.sld.cu\/jc-cenatox\/files\/2023\/11\/jornadas-250x256.jpg 250w\" sizes=\"(max-width: 200px) 100vw, 200px\" \/>Las Jornadas Cient\u00edficas del CENATOX representan una excelente oportunidad para intercambiar experiencias y conocimientos actualizados en Toxicolog\u00eda y promover el desarrollo de esta especialidad en Cuba. Se celebran desde 1997 y este a\u00f1o convocamos la XIX edici\u00f3n.<\/p>\n<p>Participan todos los especialistas en Toxicolog\u00eda y especialidades afines del pa\u00eds, interesados en dar a conocer sus resultados de investigaci\u00f3n en este campo de las ciencias m\u00e9dicas. Este espacio convoca al debate, el intercambio de experiencias, la actualizaci\u00f3n de temas y procedimientos, y la presentaci\u00f3n de proyectos novedosos.<\/p>\n<p>En estas Jornadas tambi\u00e9n se insertan las Jornadas de la ANIR (Asociaci\u00f3n Nacional de Innovadores y Racionalizadores), donde se premian las soluciones m\u00e1s relevantes a problemas vinculados con la toxicolog\u00eda, de impacto econ\u00f3mico y social.<\/p>\n<p>Algunas de las instituciones que habitualmente nos acompa\u00f1an en estos eventos son el <a class=\"recurso_link\" href=\"https:\/\/instituciones.sld.cu\/cencec\/\" target=\"_blank\" rel=\"noopener\">Centro Nacional Coordinador de Ensayos Cl\u00ednicos (CENCEC)<\/a>, el <a href=\"http:\/\/www.cecmed.cu\/\" target=\"_blank\" rel=\"noopener\">Centro para el Control Estatal de Medicamentos, Equipos y Dispositivos M\u00e9dicos (CECMED)<\/a> y el <a class=\"recurso_link\" href=\"https:\/\/instituciones.sld.cu\/insat\/\" target=\"_blank\" rel=\"noopener\">Instituto Nacional de Salud de los Trabajadores (INSAT)<\/a>, el Centro de Ingenier\u00eda Gen\u00e9tica y Biotecnolog\u00eda (CIGB) y BioCubaFarma.<\/p>\n","protected":false},"excerpt":{"rendered":"<p>Las Jornadas Cient\u00edficas del CENATOX representan una excelente oportunidad para intercambiar experiencias y conocimientos actualizados en Toxicolog\u00eda y promover el desarrollo de esta especialidad en Cuba. Se celebran desde 1997 y este a\u00f1o convocamos la XIX edici\u00f3n. Participan todos los especialistas en Toxicolog\u00eda y especialidades afines del pa\u00eds, interesados en dar a conocer sus resultados [&hellip;]<\/p>\n","protected":false},"author":3297,"featured_media":0,"parent":0,"menu_order":0,"comment_status":"closed","ping_status":"closed","template":"","meta":[],"_links":{"self":[{"href":"https:\/\/promociondeeventos.sld.cu\/jc-cenatox\/wp-json\/wp\/v2\/pages\/78"}],"collection":[{"href":"https:\/\/promociondeeventos.sld.cu\/jc-cenatox\/wp-json\/wp\/v2\/pages"}],"about":[{"href":"https:\/\/promociondeeventos.sld.cu\/jc-cenatox\/wp-json\/wp\/v2\/types\/page"}],"author":[{"embeddable":true,"href":"https:\/\/promociondeeventos.sld.cu\/jc-cenatox\/wp-json\/wp\/v2\/users\/3297"}],"replies":[{"embeddable":true,"href":"https:\/\/promociondeeventos.sld.cu\/jc-cenatox\/wp-json\/wp\/v2\/comments?post=78"}],"version-history":[{"count":8,"href":"https:\/\/promociondeeventos.sld.cu\/jc-cenatox\/wp-json\/wp\/v2\/pages\/78\/revisions"}],"predecessor-version":[{"id":176,"href":"https:\/\/promociondeeventos.sld.cu\/jc-cenatox\/wp-json\/wp\/v2\/pages\/78\/revisions\/176"}],"wp:attachment":[{"href":"https:\/\/promociondeeventos.sld.cu\/jc-cenatox\/wp-json\/wp\/v2\/media?parent=78"}],"curies":[{"name":"wp","href":"https:\/\/api.w.org\/{rel}","templated":true}]}}