{"id":75,"date":"2023-11-15T01:47:30","date_gmt":"2023-11-15T06:47:30","guid":{"rendered":"https:\/\/promociondeeventos.sld.cu\/jc-cenatox\/?page_id=75"},"modified":"2023-11-15T03:31:24","modified_gmt":"2023-11-15T08:31:24","slug":"como-participar","status":"publish","type":"page","link":"https:\/\/promociondeeventos.sld.cu\/jc-cenatox\/como-participar\/","title":{"rendered":"C\u00f3mo participar"},"content":{"rendered":"<p><img decoding=\"async\" loading=\"lazy\" class=\"alignright wp-image-114\" src=\"http:\/\/promociondeeventos.sld.cu\/jc-cenatox\/files\/2023\/11\/comunicacion.jpg\" alt=\"\" width=\"250\" height=\"206\" srcset=\"https:\/\/promociondeeventos.sld.cu\/jc-cenatox\/files\/2023\/11\/comunicacion.jpg 313w, https:\/\/promociondeeventos.sld.cu\/jc-cenatox\/files\/2023\/11\/comunicacion-300x247.jpg 300w, https:\/\/promociondeeventos.sld.cu\/jc-cenatox\/files\/2023\/11\/comunicacion-250x206.jpg 250w\" sizes=\"(max-width: 250px) 100vw, 250px\" \/>Los profesionales interesados en participar deber\u00e1n enviar antes del <strong>15 de octubre<\/strong>, el resumen de cada uno de los trabajos a exponer y la presentaci\u00f3n en formato <em>PowerPoint<\/em>, antes del <strong>25 de octubre<\/strong>. Vea las <a href=\"https:\/\/promociondeeventos.sld.cu\/jc-cenatox\/normas-de-presentacion-de-los-trabajos\/\">normas de presentaci\u00f3n<\/a>.<\/p>\n<p>Esta informaci\u00f3n se recoger\u00e1 a trav\u00e9s de las siguientes direcciones electr\u00f3nicas:<\/p>\n<p>Lic. Belina Capote Marrero: <a href=\"mailto:bibliotox@infomed.sld.cu\" target=\"_blank\" rel=\"noopener noreferrer\">bibliotox@infomed.sld.cu<\/a><br \/>\nDra. Jessica P\u00e9rez L\u00f3pez: <a href=\"mailto:perezlopezjessica6@gmail.com\" target=\"_blank\" rel=\"noopener noreferrer\">perezlopezjessica6@gmail.com<\/a><\/p>\n<p>La cuota de inscripci\u00f3n es de 750.00 MN, que pueden ser pagada directamente en el CENATOX o transferirse a una cuenta; en este caso, deben solicitarla al siguiente n\u00famero: +53 58 053 839.<\/p>\n","protected":false},"excerpt":{"rendered":"<p>Los profesionales interesados en participar deber\u00e1n enviar antes del 15 de octubre, el resumen de cada uno de los trabajos a exponer y la presentaci\u00f3n en formato PowerPoint, antes del 25 de octubre. Vea las normas de presentaci\u00f3n. Esta informaci\u00f3n se recoger\u00e1 a trav\u00e9s de las siguientes direcciones electr\u00f3nicas: Lic. Belina Capote Marrero: bibliotox@infomed.sld.cu Dra. [&hellip;]<\/p>\n","protected":false},"author":3297,"featured_media":0,"parent":0,"menu_order":0,"comment_status":"closed","ping_status":"closed","template":"","meta":[],"_links":{"self":[{"href":"https:\/\/promociondeeventos.sld.cu\/jc-cenatox\/wp-json\/wp\/v2\/pages\/75"}],"collection":[{"href":"https:\/\/promociondeeventos.sld.cu\/jc-cenatox\/wp-json\/wp\/v2\/pages"}],"about":[{"href":"https:\/\/promociondeeventos.sld.cu\/jc-cenatox\/wp-json\/wp\/v2\/types\/page"}],"author":[{"embeddable":true,"href":"https:\/\/promociondeeventos.sld.cu\/jc-cenatox\/wp-json\/wp\/v2\/users\/3297"}],"replies":[{"embeddable":true,"href":"https:\/\/promociondeeventos.sld.cu\/jc-cenatox\/wp-json\/wp\/v2\/comments?post=75"}],"version-history":[{"count":6,"href":"https:\/\/promociondeeventos.sld.cu\/jc-cenatox\/wp-json\/wp\/v2\/pages\/75\/revisions"}],"predecessor-version":[{"id":117,"href":"https:\/\/promociondeeventos.sld.cu\/jc-cenatox\/wp-json\/wp\/v2\/pages\/75\/revisions\/117"}],"wp:attachment":[{"href":"https:\/\/promociondeeventos.sld.cu\/jc-cenatox\/wp-json\/wp\/v2\/media?parent=75"}],"curies":[{"name":"wp","href":"https:\/\/api.w.org\/{rel}","templated":true}]}}