{"id":2,"date":"2023-11-06T17:43:10","date_gmt":"2023-11-06T17:43:10","guid":{"rendered":"https:\/\/promociondeeventos.sld.cu\/jc-cenatox\/?page_id=2"},"modified":"2023-11-15T03:59:50","modified_gmt":"2023-11-15T08:59:50","slug":"pagina-ejemplo","status":"publish","type":"page","link":"https:\/\/promociondeeventos.sld.cu\/jc-cenatox\/","title":{"rendered":"Convocatoria"},"content":{"rendered":"<p style=\"text-align: left\">El Centro Nacional de Toxicolog\u00eda (Cenatox) convoca a la XIX Jornada Cient\u00edfica que sesionar\u00e1 durante los d\u00edas 13 al 15 de noviembre del 2023 con sede en el Centro, sito en Calle 114 y Ave. 31, Marianao, La Habana.<\/p>\n<p style=\"text-align: left\">Este evento se realiza con frecuencia anual y pueden participar todos los especialistas que trabajen la tem\u00e1tica de Toxicolog\u00eda en Cuba.<\/p>\n<p>Nuestra Jornada Cient\u00edfica representa una excelente oportunidad para intercambiar experiencias y conocimientos actualizados en este campo de las ciencias m\u00e9dicas, con el objetivo final de contribuir al mejoramiento de la calidad de vida de la poblaci\u00f3n cubana.<\/p>\n<p>&nbsp;<\/p>\n<p style=\"text-align: right\">Queda abierta entonces la invitaci\u00f3n a participar en la<br \/>\n<strong>XIX Jornada Cient\u00edfica Cenatox 2023<\/strong>.<\/p>\n<p><img decoding=\"async\" loading=\"lazy\" class=\"alignnone size-full wp-image-124\" src=\"http:\/\/promociondeeventos.sld.cu\/jc-cenatox\/files\/2023\/11\/toxicologia-jornada.jpg\" alt=\"\" width=\"600\" height=\"231\" srcset=\"https:\/\/promociondeeventos.sld.cu\/jc-cenatox\/files\/2023\/11\/toxicologia-jornada.jpg 600w, https:\/\/promociondeeventos.sld.cu\/jc-cenatox\/files\/2023\/11\/toxicologia-jornada-300x116.jpg 300w, https:\/\/promociondeeventos.sld.cu\/jc-cenatox\/files\/2023\/11\/toxicologia-jornada-250x96.jpg 250w\" sizes=\"(max-width: 600px) 100vw, 600px\" \/><\/p>\n","protected":false},"excerpt":{"rendered":"<p>El Centro Nacional de Toxicolog\u00eda (Cenatox) convoca a la XIX Jornada Cient\u00edfica que sesionar\u00e1 durante los d\u00edas 13 al 15 de noviembre del 2023 con sede en el Centro, sito en Calle 114 y Ave. 31, Marianao, La Habana. Este evento se realiza con frecuencia anual y pueden participar todos los especialistas que trabajen la [&hellip;]<\/p>\n","protected":false},"author":3297,"featured_media":0,"parent":0,"menu_order":0,"comment_status":"closed","ping_status":"open","template":"","meta":[],"_links":{"self":[{"href":"https:\/\/promociondeeventos.sld.cu\/jc-cenatox\/wp-json\/wp\/v2\/pages\/2"}],"collection":[{"href":"https:\/\/promociondeeventos.sld.cu\/jc-cenatox\/wp-json\/wp\/v2\/pages"}],"about":[{"href":"https:\/\/promociondeeventos.sld.cu\/jc-cenatox\/wp-json\/wp\/v2\/types\/page"}],"author":[{"embeddable":true,"href":"https:\/\/promociondeeventos.sld.cu\/jc-cenatox\/wp-json\/wp\/v2\/users\/3297"}],"replies":[{"embeddable":true,"href":"https:\/\/promociondeeventos.sld.cu\/jc-cenatox\/wp-json\/wp\/v2\/comments?post=2"}],"version-history":[{"count":14,"href":"https:\/\/promociondeeventos.sld.cu\/jc-cenatox\/wp-json\/wp\/v2\/pages\/2\/revisions"}],"predecessor-version":[{"id":127,"href":"https:\/\/promociondeeventos.sld.cu\/jc-cenatox\/wp-json\/wp\/v2\/pages\/2\/revisions\/127"}],"wp:attachment":[{"href":"https:\/\/promociondeeventos.sld.cu\/jc-cenatox\/wp-json\/wp\/v2\/media?parent=2"}],"curies":[{"name":"wp","href":"https:\/\/api.w.org\/{rel}","templated":true}]}}