{"id":186,"date":"2024-03-28T09:04:56","date_gmt":"2024-03-28T14:04:56","guid":{"rendered":"https:\/\/promociondeeventos.sld.cu\/jc-cenatox\/?page_id=186"},"modified":"2024-03-28T10:24:11","modified_gmt":"2024-03-28T15:24:11","slug":"trabajos","status":"publish","type":"page","link":"https:\/\/promociondeeventos.sld.cu\/jc-cenatox\/trabajos\/","title":{"rendered":"Trabajos"},"content":{"rendered":"<ol>\n<li><a href=\"http:\/\/promociondeeventos.sld.cu\/jc-cenatox\/files\/2024\/03\/53-131-1-PB.pdf\">Caracterizaci\u00f3n de Reacciones Adversas a Medicamentos reportadas al Centro Nacional de Toxicolog\u00eda.2018-2022.<\/a><br \/>\nAutores: Dr. Yunior Gonz\u00e1lez Freyre 1, Dra. Anelys Mesa Viera 2, Lic. Javier<br \/>\nTaboada Gonz\u00e1lez 3, Dra. Aliuska Leal Venta 4. Dra. Lilia Beatriz Rosales GilT<\/li>\n<li><a href=\"http:\/\/promociondeeventos.sld.cu\/jc-cenatox\/files\/2024\/03\/sistema-automatizado.pdf\">Creaci\u00f3n de un sistema automatizado para Informaci\u00f3n de Urgencia del Centro Nacional de Toxicolog\u00eda.<\/a><br \/>\nAutores: Ing Amelisa P\u00e9rez Cicili, Dra. Aliuska Leal Venta, Yohandry Raymel Tam\u00e9 Cabrera<\/li>\n<li><a href=\"http:\/\/promociondeeventos.sld.cu\/jc-cenatox\/files\/2024\/03\/Trabajo-Inteligencia-Artificial.pdf\">Inteligencia Artificial en Salud, una mirada al tema.<\/a><br \/>\nAutoras: Ing. Amelisa Perez Cicili, MsC. Aliuska Leal Venta<\/li>\n<li><a href=\"http:\/\/promociondeeventos.sld.cu\/jc-cenatox\/files\/2024\/03\/Articulo-Patologia-Dual.pdf\">Patolog\u00eda dual en pacientes atendidos en consulta de adicciones del Cenatox en el a\u00f1o 2019.<\/a><br \/>\nAutor: Adelaida Alfonso Ramos, Yamilet Garc\u00eda Gonz\u00e1lezI, Dagmara S\u00e1nchez<br \/>\nArrast\u00eda, Yudisleidy Esmori Mena, Leanne Garc\u00eda Rosales<\/li>\n<li><a href=\"http:\/\/promociondeeventos.sld.cu\/jc-cenatox\/files\/2024\/03\/Anteproyecto-sinanexos.pdf\">T\u00edtulo: Sistema inform\u00e1tico para la gesti\u00f3n de las fichas toxicol\u00f3gicas en el servicio de informaci\u00f3n de urgencia del Centro Nacional de Toxicolog\u00eda. Maestr\u00eda: Inform\u00e1tica en Salud.<\/a><br \/>\nAutor: Ing. Amelisa P\u00e9rez Cicili<\/li>\n<li><a href=\"http:\/\/promociondeeventos.sld.cu\/jc-cenatox\/files\/2024\/03\/PUBLICACION-SATURNISMO.pdf\">Reportes al Centro Nacional de Toxicolog\u00eda de eventos masivos de saturnismo en el bienio 2022-2023<\/a><br \/>\nAutores: Dra. Sonia P\u00e9rez Rodr\u00edguez, Dr. Yunior Gonz\u00e1lez Freyre, Dr. Alejandro Antonio Mestre Barroso,<br \/>\nDra. Gladys Elvira Gonz\u00e1lez Priedes, Dra. Martha Lidia Quesada Acosta<\/li>\n<li><a href=\"http:\/\/promociondeeventos.sld.cu\/jc-cenatox\/files\/2024\/03\/trabajo-iml.pdf\">Sustancias adictivas, Epigen\u00e9tica y embriog\u00e9nesis<\/a><br \/>\nAutores: Dra. Maritza Dom\u00ednguez M\u00e9ndez, Dra. Keny Alfonso D\u00edaz, Dra. Irina Ram\u00edrez Santos<\/li>\n<li><a href=\"http:\/\/promociondeeventos.sld.cu\/jc-cenatox\/files\/2024\/03\/Articulo-yamilet.pdf\">Marihuana. Actualidad. Mitos y realidad<\/a><br \/>\nAutor: Yamilet Garc\u00eda Gonz\u00e1lez, Leanne Garc\u00eda Rosales, Jurek Guirola Fuentes,<br \/>\nAdelaida Alfonso Ramos, Yudisleidy Esmori Mena<\/li>\n<li><a href=\"http:\/\/promociondeeventos.sld.cu\/jc-cenatox\/files\/2024\/03\/RAM-para-publicar.pdf\">Reacciones adversas a medicamentos, ant\u00edgenos farmacol\u00f3gicos, su relaci\u00f3n con la Inmunotoxicolog\u00eda<\/a>.<br \/>\nAutores: Dr. Yunior Gonz\u00e1lez Freyre, Dra. Aliuska Leal Venta, Dra Felicia Morales Pe\u00f1a, Yamilet Garc\u00eda Gonz\u00e1lez, Yudisleidy Esmoris Mena<\/li>\n<li><a href=\"http:\/\/promociondeeventos.sld.cu\/jc-cenatox\/files\/2024\/03\/YA-Area-de-cria-y-mantenimiento-2023.pdf\">\u00c1rea de Cr\u00eda y Mantenimiento de la Subdirecci\u00f3n de Evaluaciones Toxicol\u00f3gicas y Medio Ambiente (SETMA)<\/a><br \/>\nAutores: Aymee Ferrer Col\u00e1s, Ania Reyes Gonz\u00e1lez, Odette Beiro Castro, Yordanka Dom\u00ednguez Linares, Esperanza L\u00f3riga Loaces, Erl\u00e9n Aguirre Pe\u00f1alver, Vivian Prevot Caz\u00f3n, Roxana Fraga \u00c1lvarez, Ana Cristina Noa Rodr\u00edguez, Dayvis D\u00edaz Salazar, Gypsy Quintero Rodr\u00edguez, Emma Brown Richard.<\/li>\n<li><a href=\"http:\/\/promociondeeventos.sld.cu\/jc-cenatox\/files\/2024\/03\/YA-Dianelys-P-Actualizada.pdf\">Caracterizaci\u00f3n de las intoxicaciones tributarias de ant\u00eddotos, Centro Nacional de Toxicolog\u00eda, Cuba, 2018-2022.<\/a><br \/>\nAutores: Dra. Dianelys D\u00edaz Rodr\u00edguez. Dra. Jessica P\u00e9rez L\u00f3pez. Dra. Sonia P\u00e9rez Rodr\u00edguez. Dra. Aliuska Leal Venta.<\/li>\n<li><a href=\"http:\/\/promociondeeventos.sld.cu\/jc-cenatox\/files\/2024\/03\/publicacion-Odette.pdf\">Ejercicio para la implementaci\u00f3n de un Sistema de Vigilancia Ecotoxicol\u00f3gica para cultivos gen\u00e9ticamente modificados<\/a><br \/>\nAutores: Beiro O , Dom\u00ednguez Y , Noa AC , Mart\u00ednez C , Vald\u00e9s J , Su\u00e1rez M,<br \/>\nRomay T , Aguirre E , Prevot V , L\u00f3riga E, Ferrer A , \u00c1lvarez R , D\u00edaz D,<br \/>\nQuintero Y , Reyes A , Brown E<\/li>\n<\/ol>\n","protected":false},"excerpt":{"rendered":"<p>Caracterizaci\u00f3n de Reacciones Adversas a Medicamentos reportadas al Centro Nacional de Toxicolog\u00eda.2018-2022. Autores: Dr. Yunior Gonz\u00e1lez Freyre 1, Dra. Anelys Mesa Viera 2, Lic. Javier Taboada Gonz\u00e1lez 3, Dra. Aliuska Leal Venta 4. Dra. Lilia Beatriz Rosales GilT Creaci\u00f3n de un sistema automatizado para Informaci\u00f3n de Urgencia del Centro Nacional de Toxicolog\u00eda. Autores: Ing Amelisa [&hellip;]<\/p>\n","protected":false},"author":4,"featured_media":0,"parent":0,"menu_order":0,"comment_status":"closed","ping_status":"closed","template":"","meta":[],"_links":{"self":[{"href":"https:\/\/promociondeeventos.sld.cu\/jc-cenatox\/wp-json\/wp\/v2\/pages\/186"}],"collection":[{"href":"https:\/\/promociondeeventos.sld.cu\/jc-cenatox\/wp-json\/wp\/v2\/pages"}],"about":[{"href":"https:\/\/promociondeeventos.sld.cu\/jc-cenatox\/wp-json\/wp\/v2\/types\/page"}],"author":[{"embeddable":true,"href":"https:\/\/promociondeeventos.sld.cu\/jc-cenatox\/wp-json\/wp\/v2\/users\/4"}],"replies":[{"embeddable":true,"href":"https:\/\/promociondeeventos.sld.cu\/jc-cenatox\/wp-json\/wp\/v2\/comments?post=186"}],"version-history":[{"count":18,"href":"https:\/\/promociondeeventos.sld.cu\/jc-cenatox\/wp-json\/wp\/v2\/pages\/186\/revisions"}],"predecessor-version":[{"id":216,"href":"https:\/\/promociondeeventos.sld.cu\/jc-cenatox\/wp-json\/wp\/v2\/pages\/186\/revisions\/216"}],"wp:attachment":[{"href":"https:\/\/promociondeeventos.sld.cu\/jc-cenatox\/wp-json\/wp\/v2\/media?parent=186"}],"curies":[{"name":"wp","href":"https:\/\/api.w.org\/{rel}","templated":true}]}}