{"id":16,"date":"2023-11-08T20:26:27","date_gmt":"2023-11-08T20:26:27","guid":{"rendered":"https:\/\/promociondeeventos.sld.cu\/jc-cenatox\/?page_id=16"},"modified":"2023-11-15T01:41:05","modified_gmt":"2023-11-15T06:41:05","slug":"normas-de-presentacion-de-los-trabajos","status":"publish","type":"page","link":"https:\/\/promociondeeventos.sld.cu\/jc-cenatox\/normas-de-presentacion-de-los-trabajos\/","title":{"rendered":"Normas de presentaci\u00f3n de los trabajos"},"content":{"rendered":"<p><strong>Modalidades de presentaci\u00f3n: <\/strong><\/p>\n<ul>\n<li>Conferencias<\/li>\n<li>Temas libres (orales)<\/li>\n<li>P\u00f3sters (tradicionales y digitales)<\/li>\n<li>Mesas redondas<\/li>\n<\/ul>\n<p><strong>Normas de presentaci\u00f3n<\/strong><strong>: <\/strong><\/p>\n<ul>\n<li>Los res\u00famenes deben incluir el t\u00edtulo del trabajo y los autores participantes con sus instituciones.<\/li>\n<li>La extensi\u00f3n m\u00e1xima es de 250 palabras.<\/li>\n<li>Deben ser estructurados, incluyendo: Objetivos; Materiales y m\u00e9todos; Resultados y discusi\u00f3n; Conclusiones.<\/li>\n<\/ul>\n","protected":false},"excerpt":{"rendered":"<p>Modalidades de presentaci\u00f3n: Conferencias Temas libres (orales) P\u00f3sters (tradicionales y digitales) Mesas redondas Normas de presentaci\u00f3n: Los res\u00famenes deben incluir el t\u00edtulo del trabajo y los autores participantes con sus instituciones. La extensi\u00f3n m\u00e1xima es de 250 palabras. Deben ser estructurados, incluyendo: Objetivos; Materiales y m\u00e9todos; Resultados y discusi\u00f3n; Conclusiones.<\/p>\n","protected":false},"author":4,"featured_media":0,"parent":0,"menu_order":0,"comment_status":"closed","ping_status":"closed","template":"","meta":[],"_links":{"self":[{"href":"https:\/\/promociondeeventos.sld.cu\/jc-cenatox\/wp-json\/wp\/v2\/pages\/16"}],"collection":[{"href":"https:\/\/promociondeeventos.sld.cu\/jc-cenatox\/wp-json\/wp\/v2\/pages"}],"about":[{"href":"https:\/\/promociondeeventos.sld.cu\/jc-cenatox\/wp-json\/wp\/v2\/types\/page"}],"author":[{"embeddable":true,"href":"https:\/\/promociondeeventos.sld.cu\/jc-cenatox\/wp-json\/wp\/v2\/users\/4"}],"replies":[{"embeddable":true,"href":"https:\/\/promociondeeventos.sld.cu\/jc-cenatox\/wp-json\/wp\/v2\/comments?post=16"}],"version-history":[{"count":3,"href":"https:\/\/promociondeeventos.sld.cu\/jc-cenatox\/wp-json\/wp\/v2\/pages\/16\/revisions"}],"predecessor-version":[{"id":73,"href":"https:\/\/promociondeeventos.sld.cu\/jc-cenatox\/wp-json\/wp\/v2\/pages\/16\/revisions\/73"}],"wp:attachment":[{"href":"https:\/\/promociondeeventos.sld.cu\/jc-cenatox\/wp-json\/wp\/v2\/media?parent=16"}],"curies":[{"name":"wp","href":"https:\/\/api.w.org\/{rel}","templated":true}]}}