{"id":13,"date":"2023-11-08T20:17:03","date_gmt":"2023-11-08T20:17:03","guid":{"rendered":"https:\/\/promociondeeventos.sld.cu\/jc-cenatox\/?page_id=13"},"modified":"2023-11-15T03:26:23","modified_gmt":"2023-11-15T08:26:23","slug":"tematicas","status":"publish","type":"page","link":"https:\/\/promociondeeventos.sld.cu\/jc-cenatox\/tematicas\/","title":{"rendered":"Tem\u00e1ticas"},"content":{"rendered":"<p>Se podr\u00e1 participar en los siguientes temas:<\/p>\n<ul>\n<li><img decoding=\"async\" loading=\"lazy\" class=\"alignright wp-image-110 size-full\" src=\"http:\/\/promociondeeventos.sld.cu\/jc-cenatox\/files\/2023\/11\/inevstigacion-temas-e1700036777736.jpg\" alt=\"\" width=\"250\" height=\"205\" \/>Antidototerapia<\/li>\n<li>Bioequivalencias<\/li>\n<li>Docencia y Toxicolog\u00eda<\/li>\n<li>Drogas de abuso<\/li>\n<li>Ecotoxicolog\u00eda<\/li>\n<li>Efectos de las sustancias a largo y mediano plazo<\/li>\n<li>Ensayos cl\u00ednicos<\/li>\n<li>Farmacovigilancia<\/li>\n<li>Informaci\u00f3n Toxicol\u00f3gica<\/li>\n<li>Intoxicaciones agudas<\/li>\n<li>Nanotoxicolog\u00eda<\/li>\n<li>Respuesta m\u00e9dico toxicol\u00f3gica ante accidentes y cat\u00e1strofes qu\u00edmicas<\/li>\n<li>Sistemas de gesti\u00f3n de la calidad<\/li>\n<li>Toxicolog\u00eda Anal\u00edtica<\/li>\n<li>Toxicolog\u00eda Comunitaria<\/li>\n<li>Toxicolog\u00eda precl\u00ednica<\/li>\n<li>Toxicovigilancia<\/li>\n<li>Transg\u00e9nesis<\/li>\n<\/ul>\n","protected":false},"excerpt":{"rendered":"<p>Se podr\u00e1 participar en los siguientes temas: Antidototerapia Bioequivalencias Docencia y Toxicolog\u00eda Drogas de abuso Ecotoxicolog\u00eda Efectos de las sustancias a largo y mediano plazo Ensayos cl\u00ednicos Farmacovigilancia Informaci\u00f3n Toxicol\u00f3gica Intoxicaciones agudas Nanotoxicolog\u00eda Respuesta m\u00e9dico toxicol\u00f3gica ante accidentes y cat\u00e1strofes qu\u00edmicas Sistemas de gesti\u00f3n de la calidad Toxicolog\u00eda Anal\u00edtica Toxicolog\u00eda Comunitaria Toxicolog\u00eda precl\u00ednica Toxicovigilancia Transg\u00e9nesis<\/p>\n","protected":false},"author":4,"featured_media":0,"parent":0,"menu_order":0,"comment_status":"closed","ping_status":"closed","template":"","meta":[],"_links":{"self":[{"href":"https:\/\/promociondeeventos.sld.cu\/jc-cenatox\/wp-json\/wp\/v2\/pages\/13"}],"collection":[{"href":"https:\/\/promociondeeventos.sld.cu\/jc-cenatox\/wp-json\/wp\/v2\/pages"}],"about":[{"href":"https:\/\/promociondeeventos.sld.cu\/jc-cenatox\/wp-json\/wp\/v2\/types\/page"}],"author":[{"embeddable":true,"href":"https:\/\/promociondeeventos.sld.cu\/jc-cenatox\/wp-json\/wp\/v2\/users\/4"}],"replies":[{"embeddable":true,"href":"https:\/\/promociondeeventos.sld.cu\/jc-cenatox\/wp-json\/wp\/v2\/comments?post=13"}],"version-history":[{"count":9,"href":"https:\/\/promociondeeventos.sld.cu\/jc-cenatox\/wp-json\/wp\/v2\/pages\/13\/revisions"}],"predecessor-version":[{"id":112,"href":"https:\/\/promociondeeventos.sld.cu\/jc-cenatox\/wp-json\/wp\/v2\/pages\/13\/revisions\/112"}],"wp:attachment":[{"href":"https:\/\/promociondeeventos.sld.cu\/jc-cenatox\/wp-json\/wp\/v2\/media?parent=13"}],"curies":[{"name":"wp","href":"https:\/\/api.w.org\/{rel}","templated":true}]}}