{"id":23,"date":"2024-06-02T19:13:01","date_gmt":"2024-06-02T19:13:01","guid":{"rendered":"https:\/\/promociondeeventos.sld.cu\/ixpremiofarmacologiaterapeutica\/?page_id=23"},"modified":"2024-08-08T21:07:08","modified_gmt":"2024-08-08T21:07:08","slug":"premios-2024","status":"publish","type":"page","link":"https:\/\/promociondeeventos.sld.cu\/ixpremiofarmacologiaterapeutica\/premios-2024\/","title":{"rendered":"Premios 2024"},"content":{"rendered":"<p><strong>El Jurado de la <\/strong><strong>9<sup>na<\/sup><\/strong><strong><em> Edici\u00f3n del Concurso \u00abPremio Nacional de Farmacolog\u00eda y Terap\u00e9utica\u00bb \u00abDr. FRANCISCO J. MOR\u00d3N RODR\u00cdGUEZ<\/em><\/strong><strong> <em>IN MEMORIAM\u00bb<\/em><\/strong><strong>, otorgado por la Sociedad Cubana de Farmacolog\u00eda\u201d para <u>Trabajos publicados en el periodo <\/u><\/strong><strong><u>2020-2023 <\/u><\/strong><\/p>\n<p>Estuvo integrado por<\/p>\n<p><strong>Deybi Orta Hern\u00e1ndez<\/strong>. M\u00e1ster en Farmacolog\u00eda Experimental. Especialista en segundo grado en Bioestad\u00edstica. Investigador Auxiliar y Profesor Asistente.<\/p>\n<p><strong>Mar\u00eda Aida Cruz Barrios<\/strong>. Doctor en Ciencias M\u00e9dicas. Profesor Titular. Investigador Titular.<\/p>\n<p><strong>Juan Antonio Furrones Mourelle<\/strong>. Doctor en Ciencias de la Salud. Profesor Titular y Consultante. Investigador Titular.<\/p>\n<p><strong>Daise Jim\u00e9nez Rodr\u00edguez<\/strong>. M\u00e1ster en Farmacia Cl\u00ednica. Profesor Auxiliar. Investigador Auxiliar.<\/p>\n<p><strong>Gisell Saurez Mart\u00ednez<\/strong>. Doctor en Ciencias M\u00e9dicas. Especialista primer grado MGI, segundo grado Farmacolog\u00eda. Investigador Auxiliar.<\/p>\n<p><strong>Odalys Blanco Hidalgo<\/strong>. Doctor en Ciencias Farmac\u00e9uticas. Investigador Titular.<\/p>\n<p><strong>\u00a0<\/strong>Se presentaron un total de 15 trabajos, distribuidos en:<\/p>\n<table>\n<tbody>\n<tr>\n<td width=\"236\">Tesis de Doctorado<\/td>\n<td width=\"47\">5<\/td>\n<\/tr>\n<tr>\n<td width=\"236\">Tesis de Maestr\u00eda<\/td>\n<td width=\"47\">4<\/td>\n<\/tr>\n<tr>\n<td width=\"236\">Articulo cient\u00edfico<\/td>\n<td width=\"47\">4<\/td>\n<\/tr>\n<tr>\n<td width=\"236\">Ense\u00f1anza de la Farmacolog\u00eda<\/td>\n<td width=\"47\">2<\/td>\n<\/tr>\n<tr>\n<td width=\"236\">TOTAL<\/td>\n<td width=\"47\"><strong>15<\/strong><\/td>\n<\/tr>\n<\/tbody>\n<\/table>\n<p>Resultados de la 9na edici\u00f3n del concurso \u00abPremio Nacional de Farmacolog\u00eda y Terap\u00e9utica\u00bb \u00abDr. FRANCISCO J. MOR\u00d3N RODR\u00cdGUEZ IN MEMORIAM\u00bb<\/p>\n<p><em><strong><span style=\"color: #0000ff\">EN LA MODALIDAD DE ART\u00cdCULOS CIENT\u00cdFICOS DE IMPACTO<\/span><\/strong><\/em><\/p>\n<p><strong><u>SE OTORG\u00d3 PREMIO AL TRABAJO TITULADO<\/u><\/strong><\/p>\n<p><strong>NeuroEPO plus (NeuralCIM\u00ae) en el s\u00edndrome cl\u00ednico de Alzheimer leve a moderado: Ensayo cl\u00ednico aleatorizado ATENEA<\/strong><\/p>\n<p><strong>NeuroEPO plus (NeuralCIM\u00ae) in mild-to-moderate Alzheimer\u2019s clinical syndrome: the ATHENEA randomized clinical trial<\/strong><\/p>\n<p><strong>DE LOS AUTORES<\/strong><\/p>\n<p>Saily Sosa, Giosmany Bringas, Nelky Urrutia, Ana Ivis Pe\u00f1alver, Danay L\u00f3pez, Evelio Gonz\u00e1lez, Ana Fern\u00e1ndez, Zenaida Milagros Hern\u00e1ndez, Ariel Vi\u00f1a, Yamile Pe\u00f1a, Juan Felipe Batista, Carmen Valenzuela, \u00a0Kalet Le\u00f3n, Tania Crombet, Teresita Rodr\u00edguez, Leslie P\u00e9rez and <em>on behalf of the ATHENEA Investigators<\/em><\/p>\n<p><strong>PUBLICADO EN LA REVISTA\u00a0 <\/strong><\/p>\n<p>Alzheimer\u2019s Research &amp; Therapy (2023). <strong>Factor <\/strong><strong>de impacto<\/strong><strong>: 9<\/strong><\/p>\n<p><em>En el campo de la Farmacolog\u00eda Cl\u00ednica<\/em><\/p>\n<p><strong>\u00a0<u>SE OTORG\u00d3 PREMIO AL<\/u><\/strong><strong><u> TRABAJO TITULADO<\/u><\/strong><\/p>\n<p><strong><em>El extracto de la planta marina de Thalassia testudinum <\/em>suprime el crecimiento, la motilidad y la angiog\u00e9nesis del tumor colorectal mediante el estr\u00e9s autof\u00e1gico y por las v\u00edas de muerte celular inmunog\u00e9nica. <\/strong><\/p>\n<p><strong>Marine Seagrass Extract of<em> Thalassia testudinum <\/em>Suppresses Colorectal Tumor Growth, Motility and Angiogenesis by Autophagic Stress and Immunogenic Cell Death Pathways<\/strong><\/p>\n<p><strong>DE LOS AUTORES<\/strong><\/p>\n<p><strong>Ivones Hern\u00e1ndez-Balmaseda<\/strong>, Idania Rodeiro Guerra, Ken Declerck, Jos\u00e9 Alfredo Herrera Isidr\u00f3n, Claudina P\u00e9rez-Novo, Guy Van Camp, Olivier De Wever, Kethia Gonz\u00e1lez, Mayrel Labrada, Adriana Carr, Geovanni Dantas-Cassali, Diego Carlos dos Reis, Livan Delgado-Roche, Roberto Rafael Nu\u00f1ez, Ren\u00e9 Delgado-Hern\u00e1ndez, Miguel David Fern\u00e1ndez, Miriam T. Paz-Lopes and Wim Vanden Berghe<\/p>\n<p><strong>PUBLICADO EN LA REVISTA <\/strong><\/p>\n<p>Marine Drugs 2021, <strong>Factor de impacto: 6<\/strong><\/p>\n<p>En el campo de la Farmacolog\u00eda Experimental<\/p>\n<p><strong><u>SE OTORG\u00d3 MENCI\u00d3N AL TRABAJO TITULADO<\/u><\/strong><\/p>\n<p><strong>Reacciones adversas a los antirretrovirales en pacientes cubanos que viven con VIH\/SIDA<\/strong><\/p>\n<p><strong>Adverse Reactions to Antiretrovirals in Cuban Patients Living with HIV\/AIDS<\/strong><\/p>\n<p><strong>De la autora<\/strong><\/p>\n<p><strong>Mayasil Morales-P\u00e9rez<\/strong><\/p>\n<p><strong>PUBLICADO EN LA REVISTA <\/strong><\/p>\n<p>MEDICC Review, 2021<\/p>\n<p>En el campo de la Farmacolog\u00eda Cl\u00ednica\/farmacovigilancia\/ farmacoepidemiolog\u00eda<\/p>\n<p><em><span style=\"color: #0000ff\"><strong>PREMIO ESPECIAL \u201cJanet Rodr\u00edguez Morales\u201d in Memoriam<\/strong><\/span><\/em><\/p>\n<p>Premia el trabajo de los j\u00f3venes que se destaquen por sus resultados cient\u00edficos en el campo de la farmacolog\u00eda<\/p>\n<p><strong><u>SE OTORG\u00d3\u00a0 PREMIO ESPECIAL AL JOVEN<\/u><\/strong><\/p>\n<p><strong>Jes\u00fas Garc\u00eda D\u00edaz<\/strong><\/p>\n<p>POR EL ARTICULO CIENT\u00cdFICO<\/p>\n<p>Efecto inhibidor sobre la liberaci\u00f3n del \u00f3xido n\u00edtrico en macr\u00f3fagos estimulados por LPS y de la actividad secuestradora de radicales libres de las hojas de <em>Croton Linearis<\/em>.<\/p>\n<p><strong>Inhibitory Effect on Nitric Oxide Release in LPS-Stimulated Macrophages and Free Radical Scavenging Activity of <em>Croton Linearis Jacq<\/em>. <\/strong><strong>Leaves<\/strong><\/p>\n<p>CUYOS AUTORES<\/p>\n<p><strong>Jes\u00fas Garc\u00eda D\u00edaz,<\/strong> Rosalia Gonz\u00e1lez Fern\u00e1ndez, Julio C\u00e9sar Escalona Arranz, Gabriel Llaurad\u00f3 Maury, Daniel M\u00e9ndez Rodr\u00edguez, Linda De Vooght, Enrique Molina, Emmy Tuenter, Luc Pieters and Paul Cos<\/p>\n<p><strong>PUBLICADO EN LA REVISTA <\/strong><\/p>\n<p>Antioxidants 2022, <strong>Factor de impacto: 7<\/strong><\/p>\n<p><em><span style=\"color: #0000ff\"><strong>EN LA MODALIDAD DE <\/strong><strong>TESIS DE MAESTR\u00cdA<\/strong><\/span><\/em><\/p>\n<p><span style=\"text-decoration: underline\"><strong>SE OTORG\u00d3 PREMIO A LA TESIS DE MAESTR\u00cdA <\/strong><strong>TITULADA<\/strong><\/span><\/p>\n<p><strong>Polimorfismos en genes de reparaci\u00f3n del da\u00f1o al ADN y susceptibilidad a c\u00e1ncer de pulm\u00f3n<\/strong><\/p>\n<p>DE LA AUTORA<\/p>\n<p><strong>Elizabet Reyes Reyes<\/strong><\/p>\n<p>En el campo de la Farmacogen\u00e9tica<\/p>\n<p><span style=\"text-decoration: underline\"><strong>SE OTORG\u00d3 MENCI\u00d3N A LA TESIS DE MAESTR\u00cdA <\/strong><\/span><strong><span style=\"text-decoration: underline\">TITULADA<\/span> <\/strong><\/p>\n<p><strong>Efecto neuroprotector de la nemorosona en modelos experimentales de isquemia cerebral<\/strong><\/p>\n<p>DEL AUTOR<\/p>\n<p><strong>Daniel \u00c1lvarez Almi\u00f1aque.<\/strong><\/p>\n<p>En el campo de la Farmacolog\u00eda Experimental<\/p>\n<p><em><span style=\"color: #0000ff\"><strong>\u00a0<\/strong><strong>EN LA MODALIDAD DE <\/strong><strong>TESIS DE DOCTORADO<\/strong><\/span><\/em><\/p>\n<p><span style=\"text-decoration: underline\"><strong>SE OTORG\u00d3 PREMIO A LA TESIS DE DOCTORADO <\/strong><\/span><strong><span style=\"text-decoration: underline\">TITULADA\u00a0<\/span> <\/strong><\/p>\n<p><strong>Eficiencia e impacto presupuestario del Nimotuzumab en el tratamiento de pacientes con c\u00e1ncer de cabeza y cuello en Cuba<\/strong><\/p>\n<p>DE LA AUTORA<\/p>\n<p><strong>Leslie P\u00e9rez Ruiz<\/strong><\/p>\n<p>En el campo de la Farmacoeconom\u00eda y Farmacolog\u00eda Cl\u00ednica<\/p>\n<p><span style=\"text-decoration: underline\"><strong>SE OTORG\u00d3 MENCI\u00d3N A LA TESIS DE DOCTORADO <\/strong><\/span><strong><span style=\"text-decoration: underline\">TITULADA\u00a0<\/span> <\/strong><\/p>\n<p><strong>Actividad neurofarmacol\u00f3gica del extracto de las hojas de <em>Plectranthus neochilus cultivado en Cuba<\/em><\/strong><\/p>\n<p><strong>Neuropharmacological activity of leaf extract of <em>Plectranthus neochilus <\/em>Schltr<em>.<\/em> grown in Cuba<\/strong><\/p>\n<p>DE LA AUTORA<\/p>\n<p><strong>Annarli Olivia Rodr\u00edguez Ferreiro<\/strong><\/p>\n<p>En el campo de la Farmacolog\u00eda Experimental<\/p>\n<p><span style=\"text-decoration: underline\"><strong>SE OTORG\u00d3 MENCI\u00d3N A LA TESIS DE DOCTORADO <\/strong><\/span><strong><span style=\"text-decoration: underline\">TITULADA<\/span> <\/strong><\/p>\n<p><strong>Actividades antibacterianas e insecticidas de la semilla de <\/strong><strong><em>Persea americana<\/em><\/strong><\/p>\n<p><strong>Antibacterial and insecticide activities of the <em>Persea americana<\/em> Mill seeds.<\/strong><\/p>\n<p>DE LA AUTORA<\/p>\n<p><strong>Silvia del Carmen Molina Bertr\u00e1n<\/strong><\/p>\n<p>En el campo de la Farmacolog\u00eda Experimental<\/p>\n<p><em><span style=\"color: #0000ff\"><strong>EN LA MODALIDAD DE <\/strong><strong>ENSE\u00d1ANZA DE LA FARMACOLOG\u00cdA<\/strong><\/span><\/em><\/p>\n<p><strong>SE OTORG\u00d3 PREMIO <\/strong><strong><u>AL TRABAJO TITULADO<\/u><\/strong><\/p>\n<p><strong>FarmApk: software educativo para el perfeccionamiento de la ense\u00f1anza en Farmacolog\u00eda Cl\u00ednica<\/strong><\/p>\n<p>DE LOS AUTORES<\/p>\n<p><strong>Liset Jim\u00e9nez Fern\u00e1ndez<\/strong>, Zoila Armada Esmoris, Eduardo Izaguirre Castellano, Juan Miguel Chala, Melba Zayas Gonz\u00e1lez, Yudileidy Brito Ferrer, Namirys Gonz\u00e1lez S\u00e1nchez, Maiyen Garc\u00eda Arcia, Damaris Montesino Cruz, Alicia Garc\u00eda P\u00e9rez, Alianys Izaguirre Artiles, Laura Adalys Guill\u00e9n Le\u00f3n, Dailenys G\u00f3mez Cavada.<\/p>\n<p><strong>\u00a0<\/strong><strong>SE OTORG\u00d3 MENCI\u00d3N <\/strong><strong><u>AL TRABAJO TITULADO<\/u><\/strong><\/p>\n<p><strong>Vinculaci\u00f3n de la disciplina Ciencias Farmacol\u00f3gicas al Centro de Ingenier\u00eda Gen\u00e9tica y Biotecnolog\u00eda de Cuba<\/strong><\/p>\n<p>DE LOS AUTORES<\/p>\n<p><strong>Juan Carlos Polo Vega<\/strong>, lv\u00f3n Gonz\u00e1lez Blanco, Jorge Castro Velazco, Lizet Aldana Velazco, Rub\u00e9n Amaya Izquierdo, Arlety Gonz\u00e1lez Langaney<\/p>\n<p>Publicados en la revista Alternativas.<\/p>\n","protected":false},"excerpt":{"rendered":"<p>El Jurado de la 9na Edici\u00f3n del Concurso \u00abPremio Nacional de Farmacolog\u00eda y Terap\u00e9utica\u00bb \u00abDr. FRANCISCO J. MOR\u00d3N RODR\u00cdGUEZ IN MEMORIAM\u00bb, otorgado por la Sociedad Cubana de Farmacolog\u00eda\u201d para Trabajos publicados en el periodo 2020-2023 Estuvo integrado por Deybi Orta Hern\u00e1ndez. M\u00e1ster en Farmacolog\u00eda Experimental. Especialista en segundo grado en Bioestad\u00edstica. Investigador Auxiliar y Profesor [&hellip;]<\/p>\n","protected":false},"author":4,"featured_media":0,"parent":0,"menu_order":0,"comment_status":"closed","ping_status":"closed","template":"","meta":[],"_links":{"self":[{"href":"https:\/\/promociondeeventos.sld.cu\/ixpremiofarmacologiaterapeutica\/wp-json\/wp\/v2\/pages\/23"}],"collection":[{"href":"https:\/\/promociondeeventos.sld.cu\/ixpremiofarmacologiaterapeutica\/wp-json\/wp\/v2\/pages"}],"about":[{"href":"https:\/\/promociondeeventos.sld.cu\/ixpremiofarmacologiaterapeutica\/wp-json\/wp\/v2\/types\/page"}],"author":[{"embeddable":true,"href":"https:\/\/promociondeeventos.sld.cu\/ixpremiofarmacologiaterapeutica\/wp-json\/wp\/v2\/users\/4"}],"replies":[{"embeddable":true,"href":"https:\/\/promociondeeventos.sld.cu\/ixpremiofarmacologiaterapeutica\/wp-json\/wp\/v2\/comments?post=23"}],"version-history":[{"count":10,"href":"https:\/\/promociondeeventos.sld.cu\/ixpremiofarmacologiaterapeutica\/wp-json\/wp\/v2\/pages\/23\/revisions"}],"predecessor-version":[{"id":53,"href":"https:\/\/promociondeeventos.sld.cu\/ixpremiofarmacologiaterapeutica\/wp-json\/wp\/v2\/pages\/23\/revisions\/53"}],"wp:attachment":[{"href":"https:\/\/promociondeeventos.sld.cu\/ixpremiofarmacologiaterapeutica\/wp-json\/wp\/v2\/media?parent=23"}],"curies":[{"name":"wp","href":"https:\/\/api.w.org\/{rel}","templated":true}]}}