{"id":44,"date":"2022-11-29T20:28:46","date_gmt":"2022-11-29T20:28:46","guid":{"rendered":"http:\/\/promociondeeventos.sld.cu\/infotecsa2022\/?page_id=44"},"modified":"2022-11-29T20:29:59","modified_gmt":"2022-11-29T20:29:59","slug":"44-2","status":"publish","type":"page","link":"https:\/\/promociondeeventos.sld.cu\/infotecsa2022\/44-2\/","title":{"rendered":"Comit\u00e9 organizador"},"content":{"rendered":"<p><strong>PRESIDENTES<\/strong><\/p>\n<ul>\n<li>Dr.C. Dianelys Hern\u00e1ndez Chisholm- Jefa de Departamento de Posgrado<\/li>\n<li>Dr.C. Carmen Rita Rodr\u00edguez D\u00edaz- Metod\u00f3loga de Superaci\u00f3n de Posgrado<\/li>\n<\/ul>\n<p><strong>\u00a0COMIT\u00c9 ORGANIZADOR<\/strong><\/p>\n<ul>\n<li>Presidenta: MSc. Grisel Garc\u00eda Rubio\u00a0\u00a0\u00a0\u00a0\u00a0\u00a0\u00a0\u00a0\u00a0\u00a0\u00a0\u00a0\u00a0\u00a0\u00a0\u00a0\u00a0\u00a0\u00a0\u00a0\u00a0\u00a0\u00a0\u00a0\u00a0\u00a0\u00a0\u00a0\u00a0\u00a0\u00a0\u00a0\u00a0\u00a0\u00a0\u00a0\u00a0\u00a0 <a href=\"mailto:griselgr@infomed.sld.cu\">griselgr@infomed.sld.cu<\/a><\/li>\n<li>Vice-presidente: Lic. Ysis Molina Mart\u00ednez\u00a0\u00a0\u00a0\u00a0\u00a0\u00a0\u00a0\u00a0\u00a0\u00a0\u00a0\u00a0\u00a0\u00a0\u00a0\u00a0\u00a0 <a href=\"mailto:ysiscmm@infomed.sld.cu\">y<\/a><span style=\"text-decoration: underline;\">sisdelcarmenmolina@gmail.com<\/span><\/li>\n<\/ul>\n<p><strong>LOG\u00cdSTICA: <\/strong><\/p>\n<ul>\n<li>Lic. Ra\u00fal Mart\u00ednez Bernardo- Decano<\/li>\n<li>Dr.C. Valodia Escalona Rojas<\/li>\n<li>Dr.C. Otilio Lombillo Crespo<\/li>\n<li>MSc. Felicia D\u00edaz Montes de Oca<\/li>\n<li>Lic. Juan Carlos\u00a0 P\u00e1ez Vald\u00e9s<\/li>\n<li>Lic. Rafael Dorta Coello<\/li>\n<li>Lic. Alejandro Carrillo Zambrano<\/li>\n<li>T\u00e9c. W\u00edctor Arrate Herrera<\/li>\n<\/ul>\n<p>&nbsp;<\/p>\n<p><strong>Recepci\u00f3n de Trabajos:<\/strong><\/p>\n<ul>\n<li>Departamento de Inform\u00e1tica M\u00e9dica, FATESA, 4to Piso<\/li>\n<\/ul>\n<p>&nbsp;<\/p>\n<p><strong>Representantes FEU:<\/strong><\/p>\n<ul>\n<li>Est. Faustino Villal\u00f3n<\/li>\n<li>Est. Brian Mendoza Fraga<\/li>\n<li>Est. Yamilet Baez Cillero<\/li>\n<\/ul>\n<p>&nbsp;<\/p>\n<p><strong>Representante FEEM:<\/strong><\/p>\n<ul>\n<li>Est. Olmer N\u00fa\u00f1ez Mart\u00ednez<\/li>\n<\/ul>\n<p><strong>COMISI\u00d3N DE ACREDITACI\u00d3N<\/strong><\/p>\n<ul>\n<li><strong>Presidenta<\/strong>: MSc Iris Cabrera Alfonso<\/li>\n<li><strong>Estudiante<\/strong>: Armando Luis Rivera Fern\u00e1ndez<\/li>\n<li><strong>Estudiante<\/strong>: Yunisleydi P\u00e9rez Garc\u00eda<\/li>\n<li><strong>Estudiante<\/strong>: Rosemary P\u00e9rez Mart\u00ednez<\/li>\n<\/ul>\n<p><strong>COMISIONES DE TRABAJO<\/strong><\/p>\n<p><strong>COMISI\u00d3N\u00a0 I T\u00c9CNICOS<\/strong><\/p>\n<ul>\n<li><strong>Revisi\u00f3n Bibliogr\u00e1fica<\/strong><\/li>\n<li><strong>Presidente<\/strong>: MSc. Alfredo \u00c1lvarez Gonz\u00e1lez<\/li>\n<li><strong>Secretario<\/strong>: Lic. Rafael Dorta Coello<\/li>\n<li><strong>Vocal:\u00a0 <\/strong>Est. Olmer N\u00fa\u00f1ez Mart\u00ednez<\/li>\n<\/ul>\n<p>&nbsp;<\/p>\n<p><strong>COMISI\u00d3N II CARRERAS<\/strong><\/p>\n<ul>\n<li><strong>Revisi\u00f3n Bibliogr\u00e1fica<\/strong><\/li>\n<li>Presidente: MSc. Iris Cabrera Alfonso<\/li>\n<li>Secretario: Lic. Alejandro Carrillo Zambrano<\/li>\n<li>Vocal: Est. Sucel Rosa Lastre Ant\u00fanez<\/li>\n<\/ul>\n<p>&nbsp;<\/p>\n<p><strong>COMISI\u00d3N III CARRERAS <\/strong><\/p>\n<ul>\n<li><strong>Dise\u00f1os Te\u00f3ricos Metodol\u00f3gicos. Estudios de Casos.<\/strong><\/li>\n<li><strong>Presidente<\/strong>: Dr.C. Mayel\u00edn Llosa Santana.<\/li>\n<li><strong>Secretario<\/strong>: Dr.C. Kenia B\u00e1rbara D\u00edaz P\u00e9rez<\/li>\n<li><strong>Vocal<\/strong>: Est. Carlos Rafael Ara\u00fajo Inastrilla<\/li>\n<\/ul>\n<p>&nbsp;<\/p>\n<p><strong>COMISI\u00d3N VI CARRERAS<\/strong><\/p>\n<ul>\n<li><strong>Proyectos de Investigaci\u00f3n.<\/strong><\/li>\n<li><strong>Presidente<\/strong>: Dr.C. Odalis Alvarez Medina<\/li>\n<li><strong>Secretario<\/strong>: Dr.C. Aixa Rodr\u00edguez G\u00f3mez<\/li>\n<li><strong>Vocal<\/strong>: Est. Katherine Manzanet<\/li>\n<\/ul>\n<p>&nbsp;<\/p>\n<p><strong>PROFESIONALES<\/strong><\/p>\n<p>&nbsp;<\/p>\n<p><strong>COMISI\u00d3N IV PROFESIONALES<\/strong><\/p>\n<ul>\n<li>I<strong>nformes Finales de Investigaci\u00f3n. Presentaci\u00f3n de trabajos de investigaci\u00f3n <\/strong><\/li>\n<li><strong>Presidente<\/strong>: Dr.C. Maribel S\u00e1nchez L\u00f3pez<\/li>\n<li><strong>Secretario<\/strong>:\u00a0 Dr.C. Rub\u00e9n de Armas Molina<\/li>\n<li><strong>Vocal:\u00a0 <\/strong>Dr.C. Zoraya S\u00e1nchez Camacho<\/li>\n<\/ul>\n<p>&nbsp;<\/p>\n<p><strong>COMISI\u00d3N V PROFESIONALES<\/strong><\/p>\n<ul>\n<li><strong>Productos Terminados Digitales. Recursos Educativos Digitales<\/strong><\/li>\n<li><strong>Presidente<\/strong>: DrC. Otilio Lombillo Crespo<\/li>\n<li><strong>Secretaria<\/strong>: DrC.Tania Rosa Gonz\u00e1lez Garc\u00eda<\/li>\n<li><strong>Vocal<\/strong>: \u00a0MSc. Jorge Luis \u00c1lvarez Valc\u00e1rcel<\/li>\n<li><strong>Vocal<\/strong>: Lic. Luis Mario Leiva<\/li>\n<\/ul>\n<p><strong>\u00a0COMISI\u00d3N VII EVENTO VIRTUAL. <\/strong><\/p>\n<ul>\n<li><strong>Presidente<\/strong>: Dr.C. Juana Isabel Lamanier Ramos<\/li>\n<li><strong>Secretario<\/strong>: Dr.C. Ivette Cabrera D\u00edaz de Arce<\/li>\n<li><strong>Vocal: <\/strong>Dr.C. Yuleiky Rodr\u00edguez S\u00e1nchez<\/li>\n<li><strong>Vocal: <\/strong>Est. Jos\u00e9 Manuel Luper\u00f3n Hern\u00e1ndez<\/li>\n<\/ul>\n<p><strong>\u00a0<\/strong><\/p>\n","protected":false},"excerpt":{"rendered":"<p>PRESIDENTES Dr.C. Dianelys Hern\u00e1ndez Chisholm- Jefa de Departamento de Posgrado Dr.C. Carmen Rita Rodr\u00edguez D\u00edaz- Metod\u00f3loga de Superaci\u00f3n de Posgrado \u00a0COMIT\u00c9 ORGANIZADOR Presidenta: MSc. Grisel Garc\u00eda Rubio\u00a0\u00a0\u00a0\u00a0\u00a0\u00a0\u00a0\u00a0\u00a0\u00a0\u00a0\u00a0\u00a0\u00a0\u00a0\u00a0\u00a0\u00a0\u00a0\u00a0\u00a0\u00a0\u00a0\u00a0\u00a0\u00a0\u00a0\u00a0\u00a0\u00a0\u00a0\u00a0\u00a0\u00a0\u00a0\u00a0\u00a0\u00a0 griselgr@infomed.sld.cu Vice-presidente: Lic. Ysis Molina Mart\u00ednez\u00a0\u00a0\u00a0\u00a0\u00a0\u00a0\u00a0\u00a0\u00a0\u00a0\u00a0\u00a0\u00a0\u00a0\u00a0\u00a0\u00a0 ysisdelcarmenmolina@gmail.com LOG\u00cdSTICA: Lic. Ra\u00fal Mart\u00ednez Bernardo- Decano Dr.C. Valodia Escalona Rojas Dr.C. Otilio Lombillo Crespo MSc. Felicia D\u00edaz Montes de Oca Lic. [&hellip;]<\/p>\n","protected":false},"author":4,"featured_media":0,"parent":0,"menu_order":0,"comment_status":"closed","ping_status":"open","template":"","meta":[],"_links":{"self":[{"href":"https:\/\/promociondeeventos.sld.cu\/infotecsa2022\/wp-json\/wp\/v2\/pages\/44"}],"collection":[{"href":"https:\/\/promociondeeventos.sld.cu\/infotecsa2022\/wp-json\/wp\/v2\/pages"}],"about":[{"href":"https:\/\/promociondeeventos.sld.cu\/infotecsa2022\/wp-json\/wp\/v2\/types\/page"}],"author":[{"embeddable":true,"href":"https:\/\/promociondeeventos.sld.cu\/infotecsa2022\/wp-json\/wp\/v2\/users\/4"}],"replies":[{"embeddable":true,"href":"https:\/\/promociondeeventos.sld.cu\/infotecsa2022\/wp-json\/wp\/v2\/comments?post=44"}],"version-history":[{"count":3,"href":"https:\/\/promociondeeventos.sld.cu\/infotecsa2022\/wp-json\/wp\/v2\/pages\/44\/revisions"}],"predecessor-version":[{"id":47,"href":"https:\/\/promociondeeventos.sld.cu\/infotecsa2022\/wp-json\/wp\/v2\/pages\/44\/revisions\/47"}],"wp:attachment":[{"href":"https:\/\/promociondeeventos.sld.cu\/infotecsa2022\/wp-json\/wp\/v2\/media?parent=44"}],"curies":[{"name":"wp","href":"https:\/\/api.w.org\/{rel}","templated":true}]}}