{"id":2,"date":"2022-11-25T22:55:47","date_gmt":"2022-11-25T22:55:47","guid":{"rendered":"http:\/\/promociondeeventos.sld.cu\/infotecsa2022\/?page_id=2"},"modified":"2022-11-29T23:58:34","modified_gmt":"2022-11-29T23:58:34","slug":"pagina-ejemplo","status":"publish","type":"page","link":"https:\/\/promociondeeventos.sld.cu\/infotecsa2022\/pagina-ejemplo\/","title":{"rendered":"Convocatoria"},"content":{"rendered":"<p>&nbsp;<\/p>\n<p><strong><a href=\"http:\/\/promociondeeventos.sld.cu\/infotecsa2022\/files\/2022\/11\/Infotecsa2022.png\"><img decoding=\"async\" loading=\"lazy\" class=\" size-medium wp-image-56 aligncenter\" src=\"http:\/\/promociondeeventos.sld.cu\/infotecsa2022\/files\/2022\/11\/Infotecsa2022-300x300.png\" alt=\"Infotecsa2022\" width=\"300\" height=\"300\" srcset=\"https:\/\/promociondeeventos.sld.cu\/infotecsa2022\/files\/2022\/11\/Infotecsa2022-300x300.png 300w, https:\/\/promociondeeventos.sld.cu\/infotecsa2022\/files\/2022\/11\/Infotecsa2022-150x150.png 150w, https:\/\/promociondeeventos.sld.cu\/infotecsa2022\/files\/2022\/11\/Infotecsa2022.png 600w\" sizes=\"(max-width: 300px) 100vw, 300px\" \/><\/a><\/strong><strong>Estimados colegas y estudiantes: <\/strong><\/p>\n<p>La Facultad de Tecnolog\u00eda de la Salud, adscrita a la Universidad de Ciencias M\u00e9dicas de La Habana, tiene el placer de invitarlos al III Encuentro de Inform\u00e1tica, Informaci\u00f3n e Investigaci\u00f3n Cient\u00edfica en Tecnolog\u00eda de la Salud, \u00ab<strong>INFOTECSA,<\/strong> <strong>2022&#8243;,<\/strong> a celebrarse, de modo presencial el d\u00eda 15 de diciembre y el evento virtual, que sesionar\u00e1, entre los d\u00edas del 12 al 15 de diciembre de 2022.<\/p>\n<p>Dirigido a estudiantes, t\u00e9cnicos y profesionales vinculados a los procesos educativos, instructivos y desarrolladores, para promover el intercambio cient\u00edfico de conocimientos, habilidades y actitudes necesarias para abordar los complejos desaf\u00edos del desarrollo sostenible y sustentable en relaci\u00f3n con la formaci\u00f3n investigativa, incentivando procesos cient\u00edficos investigativos que propongan soluciones a problem\u00e1ticas sociales desde sus profesiones y favorezcan su formaci\u00f3n profesional integral en las Tecnolog\u00edas de la Salud.<\/p>\n<p>La producci\u00f3n de nuevos conocimientos y la investigaci\u00f3n caracterizan a la universidad actual. La agenda 2030 en relaci\u00f3n a sus objetivos, incentiva a las instituciones al desarrollo en l\u00edneas de investigaci\u00f3n que solucionen problemas sociales, por lo que el mejoramiento de actitudes y destrezas para la investigaci\u00f3n cient\u00edfica, constituye una necesidad ineludible que contribuya a cumplir la misi\u00f3n actual de la universidad, favoreciendo el avance y bienestar de la sociedad.<\/p>\n<p><strong>Objetivo: <\/strong><\/p>\n<ul>\n<li>Promover el intercambio cient\u00edfico de conocimientos, habilidades y actitudes necesarias para abordar los complejos desaf\u00edos del desarrollo sostenible y sustentable, incentivando procesos cient\u00edficos investigativos en los profesionales vinculados a las Tecnolog\u00edas de la Salud, que propongan soluciones a problem\u00e1ticas sociales desde sus profesiones y contribuyan a su formaci\u00f3n integral.<\/li>\n<\/ul>\n","protected":false},"excerpt":{"rendered":"<p>&nbsp; Estimados colegas y estudiantes: La Facultad de Tecnolog\u00eda de la Salud, adscrita a la Universidad de Ciencias M\u00e9dicas de La Habana, tiene el placer de invitarlos al III Encuentro de Inform\u00e1tica, Informaci\u00f3n e Investigaci\u00f3n Cient\u00edfica en Tecnolog\u00eda de la Salud, \u00abINFOTECSA, 2022&#8243;, a celebrarse, de modo presencial el d\u00eda 15 de diciembre y el [&hellip;]<\/p>\n","protected":false},"author":3290,"featured_media":0,"parent":0,"menu_order":0,"comment_status":"closed","ping_status":"open","template":"","meta":[],"_links":{"self":[{"href":"https:\/\/promociondeeventos.sld.cu\/infotecsa2022\/wp-json\/wp\/v2\/pages\/2"}],"collection":[{"href":"https:\/\/promociondeeventos.sld.cu\/infotecsa2022\/wp-json\/wp\/v2\/pages"}],"about":[{"href":"https:\/\/promociondeeventos.sld.cu\/infotecsa2022\/wp-json\/wp\/v2\/types\/page"}],"author":[{"embeddable":true,"href":"https:\/\/promociondeeventos.sld.cu\/infotecsa2022\/wp-json\/wp\/v2\/users\/3290"}],"replies":[{"embeddable":true,"href":"https:\/\/promociondeeventos.sld.cu\/infotecsa2022\/wp-json\/wp\/v2\/comments?post=2"}],"version-history":[{"count":5,"href":"https:\/\/promociondeeventos.sld.cu\/infotecsa2022\/wp-json\/wp\/v2\/pages\/2\/revisions"}],"predecessor-version":[{"id":214,"href":"https:\/\/promociondeeventos.sld.cu\/infotecsa2022\/wp-json\/wp\/v2\/pages\/2\/revisions\/214"}],"wp:attachment":[{"href":"https:\/\/promociondeeventos.sld.cu\/infotecsa2022\/wp-json\/wp\/v2\/media?parent=2"}],"curies":[{"name":"wp","href":"https:\/\/api.w.org\/{rel}","templated":true}]}}