{"id":14,"date":"2022-11-25T23:03:39","date_gmt":"2022-11-25T23:03:39","guid":{"rendered":"http:\/\/promociondeeventos.sld.cu\/infotecsa2022\/?page_id=14"},"modified":"2022-11-29T20:24:02","modified_gmt":"2022-11-29T20:24:02","slug":"modalidades-de-presentacion","status":"publish","type":"page","link":"https:\/\/promociondeeventos.sld.cu\/infotecsa2022\/modalidades-de-presentacion\/","title":{"rendered":"Modalidades de presentaci\u00f3n"},"content":{"rendered":"<ul>\n<li>Revisiones Bibliogr\u00e1ficas<\/li>\n<li>Estudios de Casos<\/li>\n<li>Dise\u00f1os Te\u00f3ricos- Metodol\u00f3gicos<\/li>\n<li>Proyectos de Investigaci\u00f3n<\/li>\n<li>Informes Finales de Investigaci\u00f3n<\/li>\n<li>Productos Terminados Digitales<\/li>\n<li>Recursos Educativos Digitales<\/li>\n<\/ul>\n<p><strong>\u00a0FECHA TOPE DE ENTREGA DE TRABAJOS<\/strong><\/p>\n<p>Mi\u00e9rcoles 7 de diciembre hasta las 4.30 pm<\/p>\n<p><strong>FORMATO DE PRESENTACI\u00d3N DE TRABAJOS<\/strong><\/p>\n<p><strong>Documento de texto:<\/strong><\/p>\n<ul>\n<li>Fuentes Arial, Sans Serif<\/li>\n<li>Tama\u00f1o 12,<\/li>\n<li>Interlineado 1,5,<\/li>\n<li>M\u00e1rgenes 2,5.<\/li>\n<\/ul>\n<p><strong>Presentaci\u00f3n Electr\u00f3nica:<\/strong><\/p>\n<ul>\n<li>Contraste fondo-fuente,<\/li>\n<li>M\u00ednimo de tama\u00f1o fuente 28-32,<\/li>\n<li>Seis l\u00edneas de texto por diapositiva como m\u00e1ximo<\/li>\n<\/ul>\n<p>Los trabajos se evaluar\u00e1n desde lo metodol\u00f3gico, atendiendo a las gu\u00edas confeccionadas al efecto, y las referencias y bibliograf\u00edas se describir\u00e1n atendiendo las Normas Vancouver 2020.<\/p>\n<p>Se otorgar\u00e1n tres premios por cada comisi\u00f3n:<\/p>\n<ul>\n<li><strong>RELEVANTE, DESTACADO, y MENCI\u00d3N<\/strong>.<\/li>\n<li>En casos muy justificados podr\u00eda otorgarse un <strong>RECONOCIMIENTO ESPECIAL<\/strong><\/li>\n<\/ul>\n","protected":false},"excerpt":{"rendered":"<p>Revisiones Bibliogr\u00e1ficas Estudios de Casos Dise\u00f1os Te\u00f3ricos- Metodol\u00f3gicos Proyectos de Investigaci\u00f3n Informes Finales de Investigaci\u00f3n Productos Terminados Digitales Recursos Educativos Digitales \u00a0FECHA TOPE DE ENTREGA DE TRABAJOS Mi\u00e9rcoles 7 de diciembre hasta las 4.30 pm FORMATO DE PRESENTACI\u00d3N DE TRABAJOS Documento de texto: Fuentes Arial, Sans Serif Tama\u00f1o 12, Interlineado 1,5, M\u00e1rgenes 2,5. Presentaci\u00f3n Electr\u00f3nica: [&hellip;]<\/p>\n","protected":false},"author":4,"featured_media":0,"parent":0,"menu_order":0,"comment_status":"closed","ping_status":"open","template":"","meta":[],"_links":{"self":[{"href":"https:\/\/promociondeeventos.sld.cu\/infotecsa2022\/wp-json\/wp\/v2\/pages\/14"}],"collection":[{"href":"https:\/\/promociondeeventos.sld.cu\/infotecsa2022\/wp-json\/wp\/v2\/pages"}],"about":[{"href":"https:\/\/promociondeeventos.sld.cu\/infotecsa2022\/wp-json\/wp\/v2\/types\/page"}],"author":[{"embeddable":true,"href":"https:\/\/promociondeeventos.sld.cu\/infotecsa2022\/wp-json\/wp\/v2\/users\/4"}],"replies":[{"embeddable":true,"href":"https:\/\/promociondeeventos.sld.cu\/infotecsa2022\/wp-json\/wp\/v2\/comments?post=14"}],"version-history":[{"count":3,"href":"https:\/\/promociondeeventos.sld.cu\/infotecsa2022\/wp-json\/wp\/v2\/pages\/14\/revisions"}],"predecessor-version":[{"id":43,"href":"https:\/\/promociondeeventos.sld.cu\/infotecsa2022\/wp-json\/wp\/v2\/pages\/14\/revisions\/43"}],"wp:attachment":[{"href":"https:\/\/promociondeeventos.sld.cu\/infotecsa2022\/wp-json\/wp\/v2\/media?parent=14"}],"curies":[{"name":"wp","href":"https:\/\/api.w.org\/{rel}","templated":true}]}}