{"id":13,"date":"2015-05-19T20:37:25","date_gmt":"2015-05-19T20:37:25","guid":{"rendered":"http:\/\/promociondeeventos.sld.cu\/hominis2016en\/?page_id=13"},"modified":"2015-05-25T18:31:20","modified_gmt":"2015-05-25T18:31:20","slug":"organazing-committee","status":"publish","type":"page","link":"https:\/\/promociondeeventos.sld.cu\/hominis2016en\/organazing-committee\/","title":{"rendered":"Organizing Committee"},"content":{"rendered":"<p><a href=\"http:\/\/promociondeeventos.sld.cu\/hominis2016\/comite-organizador\/\"><img decoding=\"async\" loading=\"lazy\" class=\"alignnone size-full wp-image-37\" alt=\"25x17_espana\" src=\"http:\/\/promociondeeventos.sld.cu\/hominis2016en\/files\/2015\/05\/25x17_espana.jpg\" width=\"25\" height=\"17\" \/><\/a><\/p>\n<p>&nbsp;<\/p>\n<h2 style=\"text-align: center;\" align=\"center\">Commitee of honor<\/h2>\n<p style=\"text-align: center;\" align=\"center\"><b><i>Presidents<\/i><\/b><b><i><\/i><\/b><\/p>\n<p style=\"text-align: center;\" align=\"center\">Minister of Higher Education of the Republic of Cuba<br \/>\n<b>Rodolfo Alarc\u00f3n Ortiz, Dr<\/b><\/p>\n<p style=\"text-align: center;\">Minister of Culture<br \/>\n<b>Juli\u00e1n Gonz\u00e1lez Toledo<\/b><\/p>\n<p style=\"text-align: center;\">Minister of Public Health of the Republic of Cuba<br \/>\n<b>Roberto Morales Ojeda, Dr.<\/b><\/p>\n<p style=\"text-align: center;\">Minister of Education of the Republic of Cuba<br \/>\n<b>Ena Elsa Vel\u00e1squez, Dr.<\/b><\/p>\n<p style=\"text-align: center;\">Rector of the University of\u00a0 Havana<br \/>\n<b>Gustavo Cobreiro Su\u00e1rez, Dr.<\/b><\/p>\n<h2 style=\"text-align: center;\">\u00a0Organazing Committee<\/h2>\n<p style=\"text-align: center;\">President<br \/>\n<b>Alexis Lorenzo Ruiz, Dr., Ph. D.<\/b><\/p>\n<p style=\"text-align: center;\">President of the Scientific Committee<br \/>\n<b>Roberto Corral Ruso, Dr.,Ph.D.\u00a0<\/b><\/p>\n<p style=\"text-align: center;\">Executive Secretary<br \/>\n<b>Jorge Enrique Torralbas, BA.<\/b><\/p>\n<p style=\"text-align: center;\">International Relations<br \/>\n<b>Manuel Calvi\u00f1o Vald\u00e9s-Fauly, Dr., Ph. D.<\/b><\/p>\n<p style=\"text-align: center;\">Pre-Congress Courses<br \/>\n<b>B\u00e1rbara Zas Ros, M. Sc.<br \/>\n<\/b><\/p>\n<p style=\"text-align: center;\">Professional Congress Organizer<br \/>\n<b>Alicia Garc\u00eda Gonz\u00e1lez, BA.<\/b><\/p>\n<p style=\"text-align: center;\"><strong>Members<\/strong><\/p>\n<p style=\"text-align: center;\">B\u00e1rbara Oviedo Brito, M. Sc.<\/p>\n<p style=\"text-align: center;\">Beatriz Torres Rodr\u00edguez, Dr., Ph. D.<\/p>\n<p style=\"text-align: center;\">Justo R. Fabelo Roche, Dr., Ph. D.<\/p>\n<p style=\"text-align: center;\">Mar\u00eda E. Rodr\u00edguez Lafuente,M. Sc.<\/p>\n<p style=\"text-align: center;\">Mar\u00eda Esther Ortiz Quesada,M. Sc.<\/p>\n<p style=\"text-align: center;\">Mar\u00eda Teresa Abreu Garc\u00eda, M. Sc.<\/p>\n<p style=\"text-align: center;\">Maricela Perera P\u00e9rez, Dr., Ph.\u00a0D.<\/p>\n<p style=\"text-align: center;\">Martha Mart\u00ednez Rodr\u00edguez, M. Sc.<\/p>\n<p style=\"text-align: center;\">Mario Rodr\u00edguez-Mena Garc\u00eda, Dr., Ph. D.<\/p>\n<p style=\"text-align: center;\">Norma Rita Guillard Limonta, BA.<\/p>\n<p style=\"text-align: center;\">Ovidio D\u00e1ngelo Hern\u00e1ndez,Dr., Ph. D.<\/p>\n<p style=\"text-align: center;\">Ra\u00fal Fuillerat Mart\u00ednez, BA.<\/p>\n","protected":false},"excerpt":{"rendered":"<p>&nbsp; Commitee of honor Presidents Minister of Higher Education of the Republic of Cuba Rodolfo Alarc\u00f3n Ortiz, Dr Minister of Culture Juli\u00e1n Gonz\u00e1lez Toledo Minister of Public Health of the Republic of Cuba Roberto Morales Ojeda, Dr. Minister of Education of the Republic of Cuba Ena Elsa Vel\u00e1squez, Dr. Rector of the University of\u00a0 Havana [&hellip;]<\/p>\n","protected":false},"author":1,"featured_media":0,"parent":0,"menu_order":3,"comment_status":"closed","ping_status":"closed","template":"","meta":[],"_links":{"self":[{"href":"https:\/\/promociondeeventos.sld.cu\/hominis2016en\/wp-json\/wp\/v2\/pages\/13"}],"collection":[{"href":"https:\/\/promociondeeventos.sld.cu\/hominis2016en\/wp-json\/wp\/v2\/pages"}],"about":[{"href":"https:\/\/promociondeeventos.sld.cu\/hominis2016en\/wp-json\/wp\/v2\/types\/page"}],"author":[{"embeddable":true,"href":"https:\/\/promociondeeventos.sld.cu\/hominis2016en\/wp-json\/wp\/v2\/users\/1"}],"replies":[{"embeddable":true,"href":"https:\/\/promociondeeventos.sld.cu\/hominis2016en\/wp-json\/wp\/v2\/comments?post=13"}],"version-history":[{"count":10,"href":"https:\/\/promociondeeventos.sld.cu\/hominis2016en\/wp-json\/wp\/v2\/pages\/13\/revisions"}],"predecessor-version":[{"id":61,"href":"https:\/\/promociondeeventos.sld.cu\/hominis2016en\/wp-json\/wp\/v2\/pages\/13\/revisions\/61"}],"wp:attachment":[{"href":"https:\/\/promociondeeventos.sld.cu\/hominis2016en\/wp-json\/wp\/v2\/media?parent=13"}],"curies":[{"name":"wp","href":"https:\/\/api.w.org\/{rel}","templated":true}]}}