{"id":8,"date":"2024-11-27T17:55:21","date_gmt":"2024-11-27T17:55:21","guid":{"rendered":"https:\/\/promociondeeventos.sld.cu\/histomay2024\/?page_id=8"},"modified":"2024-11-29T02:01:18","modified_gmt":"2024-11-29T02:01:18","slug":"comite-organizador","status":"publish","type":"page","link":"https:\/\/promociondeeventos.sld.cu\/histomay2024\/comite-organizador\/","title":{"rendered":"Comit\u00e9 organizador"},"content":{"rendered":"<p>Presidenta: Lic. Ana Margarita M\u00e9ndez Ramos. Jefa del departamento de Marxismo-Hist\u00f3ria<\/p>\n<p>Lic. Felix L Marrero Rivero.Profesor Principal de Marxismo<\/p>\n<p>Msc.Juan Edilio Holanda Meri\u00f1o. Jefe de la c\u00e1tedra para el estudio de la obra y el Pensamiento de Fidel Castro Ruz<\/p>\n<p>Lic. Caridad Damisel Gonz\u00e1lez Abreu<\/p>\n<p>Lic. Jos\u00e9 B. Sulet Aguiar<\/p>\n<p>Lic. Belkis Guerra Rojas. Jefa del departamento de Extensi\u00f3n Universitaria<\/p>\n<p>Lic. Mar\u00eda M Pedroso Gonz\u00e1lez<\/p>\n","protected":false},"excerpt":{"rendered":"<p>Presidenta: Lic. Ana Margarita M\u00e9ndez Ramos. Jefa del departamento de Marxismo-Hist\u00f3ria Lic. Felix L Marrero Rivero.Profesor Principal de Marxismo Msc.Juan Edilio Holanda Meri\u00f1o. Jefe de la c\u00e1tedra para el estudio de la obra y el Pensamiento de Fidel Castro Ruz Lic. Caridad Damisel Gonz\u00e1lez Abreu Lic. Jos\u00e9 B. Sulet Aguiar Lic. Belkis Guerra Rojas. Jefa [&hellip;]<\/p>\n","protected":false},"author":3262,"featured_media":0,"parent":0,"menu_order":0,"comment_status":"closed","ping_status":"closed","template":"","meta":[],"_links":{"self":[{"href":"https:\/\/promociondeeventos.sld.cu\/histomay2024\/wp-json\/wp\/v2\/pages\/8"}],"collection":[{"href":"https:\/\/promociondeeventos.sld.cu\/histomay2024\/wp-json\/wp\/v2\/pages"}],"about":[{"href":"https:\/\/promociondeeventos.sld.cu\/histomay2024\/wp-json\/wp\/v2\/types\/page"}],"author":[{"embeddable":true,"href":"https:\/\/promociondeeventos.sld.cu\/histomay2024\/wp-json\/wp\/v2\/users\/3262"}],"replies":[{"embeddable":true,"href":"https:\/\/promociondeeventos.sld.cu\/histomay2024\/wp-json\/wp\/v2\/comments?post=8"}],"version-history":[{"count":4,"href":"https:\/\/promociondeeventos.sld.cu\/histomay2024\/wp-json\/wp\/v2\/pages\/8\/revisions"}],"predecessor-version":[{"id":66,"href":"https:\/\/promociondeeventos.sld.cu\/histomay2024\/wp-json\/wp\/v2\/pages\/8\/revisions\/66"}],"wp:attachment":[{"href":"https:\/\/promociondeeventos.sld.cu\/histomay2024\/wp-json\/wp\/v2\/media?parent=8"}],"curies":[{"name":"wp","href":"https:\/\/api.w.org\/{rel}","templated":true}]}}