{"id":76,"date":"2024-11-29T02:47:42","date_gmt":"2024-11-29T02:47:42","guid":{"rendered":"https:\/\/promociondeeventos.sld.cu\/histomay2024\/?page_id=76"},"modified":"2024-11-29T02:47:42","modified_gmt":"2024-11-29T02:47:42","slug":"tema-central","status":"publish","type":"page","link":"https:\/\/promociondeeventos.sld.cu\/histomay2024\/tema-central\/","title":{"rendered":"Tema Central"},"content":{"rendered":"<p>&nbsp;<\/p>\n<p style=\"text-align: center\">TEMA CENTRAL<\/p>\n<p>El Pensamiento y la Obra del Comandante en Jefe Fidel Castro Ruz, l\u00edder hist\u00f3rico de la revoluci\u00f3n cubana, principal inspirador del desarrollo cient\u00edfico-t\u00e9cnico como propulsor de la ciencia y la biotecnolog\u00eda en Cuba.<\/p>\n","protected":false},"excerpt":{"rendered":"<p>&nbsp; TEMA CENTRAL El Pensamiento y la Obra del Comandante en Jefe Fidel Castro Ruz, l\u00edder hist\u00f3rico de la revoluci\u00f3n cubana, principal inspirador del desarrollo cient\u00edfico-t\u00e9cnico como propulsor de la ciencia y la biotecnolog\u00eda en Cuba.<\/p>\n","protected":false},"author":3303,"featured_media":0,"parent":0,"menu_order":0,"comment_status":"closed","ping_status":"closed","template":"","meta":[],"_links":{"self":[{"href":"https:\/\/promociondeeventos.sld.cu\/histomay2024\/wp-json\/wp\/v2\/pages\/76"}],"collection":[{"href":"https:\/\/promociondeeventos.sld.cu\/histomay2024\/wp-json\/wp\/v2\/pages"}],"about":[{"href":"https:\/\/promociondeeventos.sld.cu\/histomay2024\/wp-json\/wp\/v2\/types\/page"}],"author":[{"embeddable":true,"href":"https:\/\/promociondeeventos.sld.cu\/histomay2024\/wp-json\/wp\/v2\/users\/3303"}],"replies":[{"embeddable":true,"href":"https:\/\/promociondeeventos.sld.cu\/histomay2024\/wp-json\/wp\/v2\/comments?post=76"}],"version-history":[{"count":1,"href":"https:\/\/promociondeeventos.sld.cu\/histomay2024\/wp-json\/wp\/v2\/pages\/76\/revisions"}],"predecessor-version":[{"id":77,"href":"https:\/\/promociondeeventos.sld.cu\/histomay2024\/wp-json\/wp\/v2\/pages\/76\/revisions\/77"}],"wp:attachment":[{"href":"https:\/\/promociondeeventos.sld.cu\/histomay2024\/wp-json\/wp\/v2\/media?parent=76"}],"curies":[{"name":"wp","href":"https:\/\/api.w.org\/{rel}","templated":true}]}}