{"id":59,"date":"2024-11-29T01:32:23","date_gmt":"2024-11-29T01:32:23","guid":{"rendered":"https:\/\/promociondeeventos.sld.cu\/histomay2024\/?page_id=59"},"modified":"2024-11-29T01:32:23","modified_gmt":"2024-11-29T01:32:23","slug":"ejes-tematicos","status":"publish","type":"page","link":"https:\/\/promociondeeventos.sld.cu\/histomay2024\/ejes-tematicos\/","title":{"rendered":"Ejes Tem\u00e1ticos"},"content":{"rendered":"<p>1- Fidel Castro Ruz su alegato en el juicio por los asaltos\u00a0 a los cuarteles Moncada\u00a0 en Santiago de Cuba y Carlos Manuel de C\u00e9spedes en Bayamo, pre\u00e1mbulo de su pensamiento cient\u00edfico.<\/p>\n<p>2- Fidel Casto y la ciencia durante el proceso de liberaci\u00f3n<\/p>\n<p>3- Discurso pronunciado por el XX Aniversario de la Sociedad Espeol\u00f3gica de Cuba,Fidel el 15 de enero de 1960.Significaci\u00f3n Hist\u00f3rica. Su importancia para el pensamiento Cient\u00edfico Cubano actual.<\/p>\n<p>4- Fidel Castro Ruz. Significado de la Campa\u00f1a\u00a0 de Alfabetizaci\u00f3n, pre\u00e1mbulo de la revoluci\u00f3n educacional y las Ciencias Pedag\u00f3gicas.<\/p>\n<p>5- Fidel Castro Ruz. El desarrollo de las Ciencias Agrarias en Cuba y su visi\u00f3n.<\/p>\n<p>6- Fidel Castro Ruz. Su visi\u00f3n sobre la necesidad de los centros de investigaciones para el posterior desarrollo de la ciencia en cuba.<\/p>\n<p>7- Fidel y su relaci\u00f3n con el Drc Manuel Limonita en el desarrollo de la Biotecnolog\u00eda en Cuba.<\/p>\n","protected":false},"excerpt":{"rendered":"<p>1- Fidel Castro Ruz su alegato en el juicio por los asaltos\u00a0 a los cuarteles Moncada\u00a0 en Santiago de Cuba y Carlos Manuel de C\u00e9spedes en Bayamo, pre\u00e1mbulo de su pensamiento cient\u00edfico. 2- Fidel Casto y la ciencia durante el proceso de liberaci\u00f3n 3- Discurso pronunciado por el XX Aniversario de la Sociedad Espeol\u00f3gica de [&hellip;]<\/p>\n","protected":false},"author":3303,"featured_media":0,"parent":0,"menu_order":0,"comment_status":"closed","ping_status":"closed","template":"","meta":[],"_links":{"self":[{"href":"https:\/\/promociondeeventos.sld.cu\/histomay2024\/wp-json\/wp\/v2\/pages\/59"}],"collection":[{"href":"https:\/\/promociondeeventos.sld.cu\/histomay2024\/wp-json\/wp\/v2\/pages"}],"about":[{"href":"https:\/\/promociondeeventos.sld.cu\/histomay2024\/wp-json\/wp\/v2\/types\/page"}],"author":[{"embeddable":true,"href":"https:\/\/promociondeeventos.sld.cu\/histomay2024\/wp-json\/wp\/v2\/users\/3303"}],"replies":[{"embeddable":true,"href":"https:\/\/promociondeeventos.sld.cu\/histomay2024\/wp-json\/wp\/v2\/comments?post=59"}],"version-history":[{"count":1,"href":"https:\/\/promociondeeventos.sld.cu\/histomay2024\/wp-json\/wp\/v2\/pages\/59\/revisions"}],"predecessor-version":[{"id":60,"href":"https:\/\/promociondeeventos.sld.cu\/histomay2024\/wp-json\/wp\/v2\/pages\/59\/revisions\/60"}],"wp:attachment":[{"href":"https:\/\/promociondeeventos.sld.cu\/histomay2024\/wp-json\/wp\/v2\/media?parent=59"}],"curies":[{"name":"wp","href":"https:\/\/api.w.org\/{rel}","templated":true}]}}