{"id":10,"date":"2024-11-27T17:55:57","date_gmt":"2024-11-27T17:55:57","guid":{"rendered":"https:\/\/promociondeeventos.sld.cu\/histomay2024\/?page_id=10"},"modified":"2024-11-29T01:49:12","modified_gmt":"2024-11-29T01:49:12","slug":"normas-de-presentacion","status":"publish","type":"page","link":"https:\/\/promociondeeventos.sld.cu\/histomay2024\/normas-de-presentacion\/","title":{"rendered":"Normas de presentaci\u00f3n"},"content":{"rendered":"<p>Se recomienda a los autores no sobrepasar 10-15 cuartillas de extensi\u00f3n total del trabajo. Escribir en fuente arial 12 y con interliniado sencillo 1.5, p\u00e1rrafo justificado, m\u00e1rgenes(normal) 2,5 cm de cada lado<\/p>\n<p>El t\u00edtulo debe\u00a0 ser breve, no mas de 15 palabras\u00a0 aproximadamente<\/p>\n<p>Nombre y Apellidos de cada autor ( no mas de 3 autores), separado por coma, con el t\u00edtulo acad\u00e9mico mas alto que ha obtenido y la instituci\u00f3n a la que pertenecen, municipio, provincia y pa\u00eds en el caso\u00a0 de ser profesional que se encuentra fuera del mismo, adem\u00e1s el correo eletr\u00f3nico y tel\u00e9fonos.<\/p>\n<p>Nombre y apellidos de tutores y acesores con sus repectivas categorias cient\u00edficas y docentes.<\/p>\n<p>Anexos: Se ponen im\u00e1genes, documentos, mapas ect. Responden a las ideas desarrolladas en el trabajo. Se enumeran por orden de aparici\u00f3n y con n\u00fameros concecutivos. Estan\u00a0 relacionados con el desarrollo. No son obligatorios<\/p>\n","protected":false},"excerpt":{"rendered":"<p>Se recomienda a los autores no sobrepasar 10-15 cuartillas de extensi\u00f3n total del trabajo. Escribir en fuente arial 12 y con interliniado sencillo 1.5, p\u00e1rrafo justificado, m\u00e1rgenes(normal) 2,5 cm de cada lado El t\u00edtulo debe\u00a0 ser breve, no mas de 15 palabras\u00a0 aproximadamente Nombre y Apellidos de cada autor ( no mas de 3 autores), [&hellip;]<\/p>\n","protected":false},"author":3262,"featured_media":0,"parent":0,"menu_order":0,"comment_status":"closed","ping_status":"closed","template":"","meta":[],"_links":{"self":[{"href":"https:\/\/promociondeeventos.sld.cu\/histomay2024\/wp-json\/wp\/v2\/pages\/10"}],"collection":[{"href":"https:\/\/promociondeeventos.sld.cu\/histomay2024\/wp-json\/wp\/v2\/pages"}],"about":[{"href":"https:\/\/promociondeeventos.sld.cu\/histomay2024\/wp-json\/wp\/v2\/types\/page"}],"author":[{"embeddable":true,"href":"https:\/\/promociondeeventos.sld.cu\/histomay2024\/wp-json\/wp\/v2\/users\/3262"}],"replies":[{"embeddable":true,"href":"https:\/\/promociondeeventos.sld.cu\/histomay2024\/wp-json\/wp\/v2\/comments?post=10"}],"version-history":[{"count":4,"href":"https:\/\/promociondeeventos.sld.cu\/histomay2024\/wp-json\/wp\/v2\/pages\/10\/revisions"}],"predecessor-version":[{"id":63,"href":"https:\/\/promociondeeventos.sld.cu\/histomay2024\/wp-json\/wp\/v2\/pages\/10\/revisions\/63"}],"wp:attachment":[{"href":"https:\/\/promociondeeventos.sld.cu\/histomay2024\/wp-json\/wp\/v2\/media?parent=10"}],"curies":[{"name":"wp","href":"https:\/\/api.w.org\/{rel}","templated":true}]}}