{"id":8,"date":"2022-06-24T16:55:22","date_gmt":"2022-06-24T16:55:22","guid":{"rendered":"http:\/\/promociondeeventos.sld.cu\/helicobacter2022\/?page_id=8"},"modified":"2022-06-28T15:33:37","modified_gmt":"2022-06-28T15:33:37","slug":"comite-organizador","status":"publish","type":"page","link":"https:\/\/promociondeeventos.sld.cu\/helicobacter2022\/comite-organizador\/","title":{"rendered":"Comit\u00e9 Organizador"},"content":{"rendered":"<p><strong>Comit\u00e9 Organizador<\/strong><\/p>\n<p>Presidente: Dr. Rafael Llanes, IPK, <a href=\"mailto:%20llanes@ipk.sld.cu\">\u00a0llanes@ipk.sld.cu<\/a><\/p>\n<p>Vicepresidente: Dr. Ra\u00fal Brizuela, Hospital Militar Luis D\u00edaz Soto, <a href=\"mailto:raulab@infomed.sld.cu\">raulab@infomed.sld.cu<\/a><\/p>\n<p>Dra. Mirta Infante, Sociedad Cubana de Gastroenterolog\u00eda, IGE, <a href=\"mailto:m.infante@infomed.sld.cu\">m.infante@infomed.sld.cu<\/a><\/p>\n<p>Lic. Rosabel Falc\u00f3n, IPK, <a href=\"mailto:rosabel@ipk.sld.cu\">rosabel@ipk.sld.cu<\/a><\/p>\n<p>Dra. Ludmila Mart\u00ednez, Hospital Militar Carlos J. Finlay, <a href=\"mailto:ludmila@infomed.sld.cu\">ludmila@infomed.sld.cu<\/a><\/p>\n<p>Dra. Mar\u00eda de los Angeles Le\u00f3n, MINSAP <a href=\"mailto:leonv@infomed.sld.cu\">leonv@infomed.sld.cu<\/a><\/p>\n<p>Dr. Amilcar Duquesne, Hospital Fructuoso Rodriguez, <a href=\"mailto:%20alduque@infomed.sld.cu\">\u00a0alduque@infomed.sld.cu<\/a><\/p>\n<p>Lic. Oderay Guti\u00e9rrez, IPK,<a href=\"mailto:%20oderay@ipk.sld.cu\"> oderay@ipk.sld.cu<\/a><\/p>\n<p>Tec. Tatiana Almaguer, IPK,<a href=\"mailto:%20tatiana@ipk.sld.cu\"> tatiana@ipk.sld.cu<\/a><\/p>\n","protected":false},"excerpt":{"rendered":"<p>Comit\u00e9 Organizador Presidente: Dr. Rafael Llanes, IPK, \u00a0llanes@ipk.sld.cu Vicepresidente: Dr. Ra\u00fal Brizuela, Hospital Militar Luis D\u00edaz Soto, raulab@infomed.sld.cu Dra. Mirta Infante, Sociedad Cubana de Gastroenterolog\u00eda, IGE, m.infante@infomed.sld.cu Lic. Rosabel Falc\u00f3n, IPK, rosabel@ipk.sld.cu Dra. Ludmila Mart\u00ednez, Hospital Militar Carlos J. Finlay, ludmila@infomed.sld.cu Dra. Mar\u00eda de los Angeles Le\u00f3n, MINSAP leonv@infomed.sld.cu Dr. Amilcar Duquesne, Hospital Fructuoso Rodriguez, [&hellip;]<\/p>\n","protected":false},"author":3205,"featured_media":0,"parent":0,"menu_order":0,"comment_status":"closed","ping_status":"open","template":"","meta":[],"_links":{"self":[{"href":"https:\/\/promociondeeventos.sld.cu\/helicobacter2022\/wp-json\/wp\/v2\/pages\/8"}],"collection":[{"href":"https:\/\/promociondeeventos.sld.cu\/helicobacter2022\/wp-json\/wp\/v2\/pages"}],"about":[{"href":"https:\/\/promociondeeventos.sld.cu\/helicobacter2022\/wp-json\/wp\/v2\/types\/page"}],"author":[{"embeddable":true,"href":"https:\/\/promociondeeventos.sld.cu\/helicobacter2022\/wp-json\/wp\/v2\/users\/3205"}],"replies":[{"embeddable":true,"href":"https:\/\/promociondeeventos.sld.cu\/helicobacter2022\/wp-json\/wp\/v2\/comments?post=8"}],"version-history":[{"count":2,"href":"https:\/\/promociondeeventos.sld.cu\/helicobacter2022\/wp-json\/wp\/v2\/pages\/8\/revisions"}],"predecessor-version":[{"id":24,"href":"https:\/\/promociondeeventos.sld.cu\/helicobacter2022\/wp-json\/wp\/v2\/pages\/8\/revisions\/24"}],"wp:attachment":[{"href":"https:\/\/promociondeeventos.sld.cu\/helicobacter2022\/wp-json\/wp\/v2\/media?parent=8"}],"curies":[{"name":"wp","href":"https:\/\/api.w.org\/{rel}","templated":true}]}}