{"id":93,"date":"2023-04-13T17:50:26","date_gmt":"2023-04-13T17:50:26","guid":{"rendered":"https:\/\/promociondeeventos.sld.cu\/graduacion50giron1973\/?page_id=93"},"modified":"2023-07-04T14:47:08","modified_gmt":"2023-07-04T14:47:08","slug":"noticias","status":"publish","type":"page","link":"https:\/\/promociondeeventos.sld.cu\/graduacion50giron1973\/noticias\/","title":{"rendered":"Noticias"},"content":{"rendered":"<table style=\"border-collapse: collapse;width: 100%\">\n<tbody>\n<tr>\n<td style=\"width: 50%\"><img decoding=\"async\" loading=\"lazy\" class=\"alignleft\" src=\"http:\/\/promociondeeventos.sld.cu\/graduacion50giron1973\/files\/2023\/04\/TV.jpg\" width=\"275\" height=\"172\" \/><\/td>\n<td style=\"width: 50%\">El viernes 14 de abril de 2023, un grupo de graduados participaron en el Programa de la televisi\u00f3n cubana \u00a8Al Mediod\u00eda\u00a8. Ellos son:<\/p>\n<ul>\n<li>Dr. Jorge P\u00e9rez Avila<\/li>\n<li>Dra. Anayda Fern\u00e1ndez Naranjo<\/li>\n<li>Dr. Eduardo Lazaro Caballero Poutou<\/li>\n<li>Dra. Ana Mar\u00eda D\u00edaz-Canel Navarro<\/li>\n<li>Dr. Enrique Ar\u00fas Soler<\/li>\n<\/ul>\n<\/td>\n<\/tr>\n<tr>\n<td style=\"width: 50%\"><img decoding=\"async\" loading=\"lazy\" class=\"\" src=\"http:\/\/promociondeeventos.sld.cu\/graduacion50giron1973\/files\/2023\/06\/JP-2.jpg\" width=\"276\" height=\"190\" \/><\/td>\n<td style=\"width: 50%\"><a href=\"https:\/\/youtu.be\/mFFOelSvMuM\" target=\"_blank\" rel=\"noopener\">Ver el programa<\/a><\/td>\n<\/tr>\n<tr>\n<td style=\"width: 50%\"><img decoding=\"async\" loading=\"lazy\" class=\" wp-image-513 alignleft\" src=\"http:\/\/promociondeeventos.sld.cu\/graduacion50giron1973\/files\/2023\/07\/Imagen1-216x300.png\" alt=\"\" width=\"183\" height=\"254\" srcset=\"https:\/\/promociondeeventos.sld.cu\/graduacion50giron1973\/files\/2023\/07\/Imagen1-216x300.png 216w, https:\/\/promociondeeventos.sld.cu\/graduacion50giron1973\/files\/2023\/07\/Imagen1-250x347.png 250w, https:\/\/promociondeeventos.sld.cu\/graduacion50giron1973\/files\/2023\/07\/Imagen1.png 427w\" sizes=\"(max-width: 183px) 100vw, 183px\" \/><\/td>\n<td style=\"width: 50%\"><strong>Patricio Roberto Vergara Reina<\/strong><\/p>\n<p>San Juan y Martinez, Pinar del R\u00edo 1948<\/p>\n<p>Graduado en Medicina en 1973. Especialista en Ginecolog\u00eda y Obstetricia. Artista de la pl\u00e1stica, pintor por vocaci\u00f3n y autodidacta<\/p>\n<p><a href=\"https:\/\/youtu.be\/-kO5V3WIIr4\" target=\"_blank\" rel=\"noopener\">Ver en video<\/a><\/td>\n<\/tr>\n<\/tbody>\n<\/table>\n","protected":false},"excerpt":{"rendered":"<p>El viernes 14 de abril de 2023, un grupo de graduados participaron en el Programa de la televisi\u00f3n cubana \u00a8Al Mediod\u00eda\u00a8. Ellos son: Dr. Jorge P\u00e9rez Avila Dra. Anayda Fern\u00e1ndez Naranjo Dr. Eduardo Lazaro Caballero Poutou Dra. Ana Mar\u00eda D\u00edaz-Canel Navarro Dr. Enrique Ar\u00fas Soler Ver el programa Patricio Roberto Vergara Reina San Juan y [&hellip;]<\/p>\n","protected":false},"author":3257,"featured_media":0,"parent":0,"menu_order":0,"comment_status":"closed","ping_status":"closed","template":"","meta":[],"_links":{"self":[{"href":"https:\/\/promociondeeventos.sld.cu\/graduacion50giron1973\/wp-json\/wp\/v2\/pages\/93"}],"collection":[{"href":"https:\/\/promociondeeventos.sld.cu\/graduacion50giron1973\/wp-json\/wp\/v2\/pages"}],"about":[{"href":"https:\/\/promociondeeventos.sld.cu\/graduacion50giron1973\/wp-json\/wp\/v2\/types\/page"}],"author":[{"embeddable":true,"href":"https:\/\/promociondeeventos.sld.cu\/graduacion50giron1973\/wp-json\/wp\/v2\/users\/3257"}],"replies":[{"embeddable":true,"href":"https:\/\/promociondeeventos.sld.cu\/graduacion50giron1973\/wp-json\/wp\/v2\/comments?post=93"}],"version-history":[{"count":20,"href":"https:\/\/promociondeeventos.sld.cu\/graduacion50giron1973\/wp-json\/wp\/v2\/pages\/93\/revisions"}],"predecessor-version":[{"id":515,"href":"https:\/\/promociondeeventos.sld.cu\/graduacion50giron1973\/wp-json\/wp\/v2\/pages\/93\/revisions\/515"}],"wp:attachment":[{"href":"https:\/\/promociondeeventos.sld.cu\/graduacion50giron1973\/wp-json\/wp\/v2\/media?parent=93"}],"curies":[{"name":"wp","href":"https:\/\/api.w.org\/{rel}","templated":true}]}}