{"id":95,"date":"2022-10-24T13:46:29","date_gmt":"2022-10-24T13:46:29","guid":{"rendered":"http:\/\/promociondeeventos.sld.cu\/ginecobs2023\/?page_id=95"},"modified":"2022-10-24T14:02:09","modified_gmt":"2022-10-24T14:02:09","slug":"eventos-anteriores","status":"publish","type":"page","link":"https:\/\/promociondeeventos.sld.cu\/ginecobs2023\/eventos-anteriores\/","title":{"rendered":"Congresos"},"content":{"rendered":"<ul style=\"list-style-type: square;\">\n<li><a title=\"Ginecobs 2019\" href=\"https:\/\/promociondeeventos.sld.cu\/ginecobs2019\/\" target=\"_blank\">XVII Congreso de la Sociedad Cubana de Obstetricia y Ginecolog\u00eda<\/a> (2019)<\/li>\n<li><a title=\"Congreso nacional de la Sociedad de Obstetricia y ginecologia, 2016\" href=\"https:\/\/promociondeeventos.sld.cu\/ginecobs2016\/\" target=\"_blank\">XVI Congreso de la Sociedad Cubana de Obstetricia y Ginecolog\u00eda (2016)<\/a><\/li>\n<li>XV<a title=\"Ginecobs 2013\" href=\"https:\/\/promociondeeventos.sld.cu\/ginecobs2013\/\" target=\"_blank\"> Congreso Nacional De Obstetricia y Ginecolog\u00eda (2013<\/a>)<\/li>\n<li><a title=\"Congreso de obstetricia y ginecolog\u00eda, 2010\" href=\"https:\/\/promociondeeventos.sld.cu\/ginecobs2010\/\" target=\"_blank\">XIV Congreso de la Obstetricia y Ginecolog\u00eda (2010<\/a>)<\/li>\n<\/ul>\n","protected":false},"excerpt":{"rendered":"<p>XVII Congreso de la Sociedad Cubana de Obstetricia y Ginecolog\u00eda (2019) XVI Congreso de la Sociedad Cubana de Obstetricia y Ginecolog\u00eda (2016) XV Congreso Nacional De Obstetricia y Ginecolog\u00eda (2013) XIV Congreso de la Obstetricia y Ginecolog\u00eda (2010)<\/p>\n","protected":false},"author":3262,"featured_media":0,"parent":0,"menu_order":0,"comment_status":"closed","ping_status":"open","template":"","meta":[],"_links":{"self":[{"href":"https:\/\/promociondeeventos.sld.cu\/ginecobs2023\/wp-json\/wp\/v2\/pages\/95"}],"collection":[{"href":"https:\/\/promociondeeventos.sld.cu\/ginecobs2023\/wp-json\/wp\/v2\/pages"}],"about":[{"href":"https:\/\/promociondeeventos.sld.cu\/ginecobs2023\/wp-json\/wp\/v2\/types\/page"}],"author":[{"embeddable":true,"href":"https:\/\/promociondeeventos.sld.cu\/ginecobs2023\/wp-json\/wp\/v2\/users\/3262"}],"replies":[{"embeddable":true,"href":"https:\/\/promociondeeventos.sld.cu\/ginecobs2023\/wp-json\/wp\/v2\/comments?post=95"}],"version-history":[{"count":11,"href":"https:\/\/promociondeeventos.sld.cu\/ginecobs2023\/wp-json\/wp\/v2\/pages\/95\/revisions"}],"predecessor-version":[{"id":107,"href":"https:\/\/promociondeeventos.sld.cu\/ginecobs2023\/wp-json\/wp\/v2\/pages\/95\/revisions\/107"}],"wp:attachment":[{"href":"https:\/\/promociondeeventos.sld.cu\/ginecobs2023\/wp-json\/wp\/v2\/media?parent=95"}],"curies":[{"name":"wp","href":"https:\/\/api.w.org\/{rel}","templated":true}]}}