{"id":64,"date":"2022-07-08T15:15:07","date_gmt":"2022-07-08T15:15:07","guid":{"rendered":"http:\/\/promociondeeventos.sld.cu\/ginecobs2023\/?page_id=64"},"modified":"2022-10-28T03:32:09","modified_gmt":"2022-10-28T03:32:09","slug":"premio-eusebio-hernandez-al-mejor-trabajo-cientifico","status":"publish","type":"page","link":"https:\/\/promociondeeventos.sld.cu\/ginecobs2023\/premio-eusebio-hernandez-al-mejor-trabajo-cientifico\/","title":{"rendered":"Premio \u00abEusebio Hern\u00e1ndez\u00bb al mejor trabajo cient\u00edfico"},"content":{"rendered":"<h1><strong>Jurado del Concurso al Premio<\/strong><\/h1>\n<p><strong>Presidente:<\/strong> \u00a0\u00a0 \u00a0\u00a0\u00a0\u00a0\u00a0\u00a0\u00a0\u00a0\u00a0\u00a0 Dr. C. Stalina Santisteban Alba<br \/>\n<strong>Vicepresidente:<\/strong> \u00a0\u00a0 \u00a0 Dr. C. Reinaldo L\u00f3pez Barroso<br \/>\n<strong>Secretaria:<\/strong> \u00a0\u00a0 \u00a0\u00a0\u00a0\u00a0\u00a0\u00a0\u00a0\u00a0\u00a0\u00a0\u00a0 Dr. C. Mar\u00eda Elena Cunill L\u00f3pez<\/p>\n<h2><strong>Miembros:<\/strong><\/h2>\n<p>Dr. C. Danilo N\u00e1poles M\u00e9ndez<br \/>\nDr. C. Gladys Cruz Laguna<br \/>\nDr. C. Sara Amneris Urgell\u00e9s Carrera<br \/>\nDr. C. Xiomara Pujadas R\u00edos<\/p>\n<p><strong>REQUISITOS Y BASES PARA OPTAR POR EL PREMIO \u201cEUSEBIO HERN\u00c1NDEZ\u201d<\/strong><\/p>\n<ul>\n<li>Los trabajos abordar\u00e1n investigaciones b\u00e1sicas, aspectos estad\u00edsticos o epidemiol\u00f3gicos y\/o estudios cl\u00ednicos.<\/li>\n<li>Podr\u00e1n optar por este premio solo profesionales cubanos. Los trabajos de investigaci\u00f3n deber\u00e1n:\n<ul>\n<li>Haber sido realizados en el territorio nacional.<\/li>\n<li>Ser in\u00e9ditos, de relevancia para la especialidad, avalados por el Comit\u00e9 de \u00c9tica y Consejo Cient\u00edfico de la instituci\u00f3n donde radica el primer autor.<\/li>\n<\/ul>\n<\/li>\n<\/ul>\n<p>El trabajo \u00edntegro, en versi\u00f3n digital, se enviar\u00e1 al Comit\u00e9 Cient\u00edfico del Congreso, a trav\u00e9s de la direcci\u00f3n electr\u00f3nica: <a href=\"mailto:ginecobs2019@infomed.sld.cu\">ginecobs2023@infomed.sld.cu<\/a>. Adem\u00e1s, se enviar\u00e1 por correo postal o se entregar\u00e1 personalmente una versi\u00f3n impresa, en sobre cerrado, en el Consejo Nacional de Sociedades Cient\u00edficas de la Salud (Calle 2 entre 15 y 17, Vedado, Plaza), con la siguiente inscripci\u00f3n:<\/p>\n<p>Concurso Premio \u201cEusebio Hern\u00e1ndez\u201d al Mejor Trabajo de Investigaci\u00f3n. XVIII Congreso de la Sociedad Cubana de Obstetricia y Ginecolog\u00eda, Consejo Nacional de Sociedades Cient\u00edficas de la Salud. Calle 2, entre 15 y 17, municipio Plaza de la Revoluci\u00f3n, La Habana, Cuba. C\u00f3digo Postal 10400.<\/p>\n<p>La recepci\u00f3n de los trabajos postulantes se inicia el __ de ______ de 2023 y culmina el __ de _______ de 2023. El Comit\u00e9 Cient\u00edfico ubicar\u00e1 los trabajos por tem\u00e1ticas y los entregar\u00e1 con no menos de 45 d\u00edas de antelaci\u00f3n a los miembros del jurado designados para tal fin.<\/p>\n<p>El jurado que analizar\u00e1 los trabajos enviados para concursar, est\u00e1 integrado por un n\u00famero impar de profesionales del m\u00e1s alto prestigio y nivel cient\u00edfico. En el mismo est\u00e1n representados todos los grupos de trabajo de la Sociedad. Los miembros del jurado no tendr\u00e1n v\u00ednculo directo, familiar o laboral, con los autores de los trabajos postulantes a premio.<\/p>\n<p>El Premio al Mejor Trabajo incluye: certificado oficial, publicaci\u00f3n de una versi\u00f3n de la investigaci\u00f3n en la Revista Cubana de Obstetricia y Ginecolog\u00eda y la invitaci\u00f3n e inscripci\u00f3n gratuita al pr\u00f3ximo XIX Congreso para el primer autor.<\/p>\n<p>El presidente del jurado podr\u00e1 declarar desierto el premio en caso que ninguno de los trabajos postulantes lo merezca. La decisi\u00f3n ser\u00e1 inapelable.<\/p>\n","protected":false},"excerpt":{"rendered":"<p>Jurado del Concurso al Premio Presidente: \u00a0\u00a0 \u00a0\u00a0\u00a0\u00a0\u00a0\u00a0\u00a0\u00a0\u00a0\u00a0 Dr. C. Stalina Santisteban Alba Vicepresidente: \u00a0\u00a0 \u00a0 Dr. C. Reinaldo L\u00f3pez Barroso Secretaria: \u00a0\u00a0 \u00a0\u00a0\u00a0\u00a0\u00a0\u00a0\u00a0\u00a0\u00a0\u00a0\u00a0 Dr. C. Mar\u00eda Elena Cunill L\u00f3pez Miembros: Dr. C. Danilo N\u00e1poles M\u00e9ndez Dr. C. Gladys Cruz Laguna Dr. C. Sara Amneris Urgell\u00e9s Carrera Dr. C. Xiomara Pujadas R\u00edos REQUISITOS Y BASES [&hellip;]<\/p>\n","protected":false},"author":3262,"featured_media":0,"parent":0,"menu_order":0,"comment_status":"closed","ping_status":"closed","template":"","meta":[],"_links":{"self":[{"href":"https:\/\/promociondeeventos.sld.cu\/ginecobs2023\/wp-json\/wp\/v2\/pages\/64"}],"collection":[{"href":"https:\/\/promociondeeventos.sld.cu\/ginecobs2023\/wp-json\/wp\/v2\/pages"}],"about":[{"href":"https:\/\/promociondeeventos.sld.cu\/ginecobs2023\/wp-json\/wp\/v2\/types\/page"}],"author":[{"embeddable":true,"href":"https:\/\/promociondeeventos.sld.cu\/ginecobs2023\/wp-json\/wp\/v2\/users\/3262"}],"replies":[{"embeddable":true,"href":"https:\/\/promociondeeventos.sld.cu\/ginecobs2023\/wp-json\/wp\/v2\/comments?post=64"}],"version-history":[{"count":3,"href":"https:\/\/promociondeeventos.sld.cu\/ginecobs2023\/wp-json\/wp\/v2\/pages\/64\/revisions"}],"predecessor-version":[{"id":151,"href":"https:\/\/promociondeeventos.sld.cu\/ginecobs2023\/wp-json\/wp\/v2\/pages\/64\/revisions\/151"}],"wp:attachment":[{"href":"https:\/\/promociondeeventos.sld.cu\/ginecobs2023\/wp-json\/wp\/v2\/media?parent=64"}],"curies":[{"name":"wp","href":"https:\/\/api.w.org\/{rel}","templated":true}]}}