{"id":4,"date":"2022-06-01T16:27:56","date_gmt":"2022-06-01T16:27:56","guid":{"rendered":"http:\/\/promociondeeventos.sld.cu\/ginecobs2023\/?page_id=4"},"modified":"2022-12-06T23:40:05","modified_gmt":"2022-12-06T23:40:05","slug":"comite-cientifico","status":"publish","type":"page","link":"https:\/\/promociondeeventos.sld.cu\/ginecobs2023\/acerca-de\/comite-cientifico\/","title":{"rendered":"Comit\u00e9 cient\u00edfico"},"content":{"rendered":"<p><strong>Presidente<\/strong><\/p>\n<ul>\n<li style=\"text-align: justify\">Dr. C Miguel R. Sarduy N\u00e1poles\/ Hospital Docente Ginecobst\u00e9trico Ram\u00f3n Gonz\u00e1lez Coro\/ miguel.sarduy@infomed.sld.cu<\/li>\n<\/ul>\n<p><strong>Vicepresidente<\/strong><\/p>\n<ul>\n<li>MSc Dr. Jorge J. Delgado Calzado\/ Universidad de Ciencias M\u00e9dicas de La Habana\/ ginecobs2023@infomed.sld.cu<\/li>\n<\/ul>\n<p><strong>Secretaria<\/strong><\/p>\n<ul>\n<li>MSc Dra. Anadys Beatriz Segura Fern\u00e1ndez\/Hospital Dr. Luis D\u00edaz Soto\/ asegura@infomed.sld.cu<\/li>\n<\/ul>\n<p><strong>Miembros<\/strong><\/p>\n<p>Dra. C. Stalina Santisteban Alba<\/p>\n<p>Dra. C. Lidia Lori\u00e9 Sierra<\/p>\n<p>Dra. B\u00e1rbara Enr\u00edquez Dom\u00ednguez<\/p>\n<p>Dra. Liliam Delgado Peruyera<\/p>\n<p>Dra. Mirtha Johnson Qui\u00f1ones<\/p>\n<p>Dr. Miguel Aguilar Charara<\/p>\n<p>Dr. Jorge Aguilar Estrada<\/p>\n<p>Dr. Carlos Moya Toneut<\/p>\n<p>Dr. Gabriel Gonz\u00e1lez Jim\u00e9nez<\/p>\n<p>Dr. \u00c1ngel Ganfong El\u00edas<\/p>\n<p>Dr. Juan Antonio Su\u00e1rez Gonz\u00e1lez<\/p>\n","protected":false},"excerpt":{"rendered":"<p>Presidente Dr. C Miguel R. Sarduy N\u00e1poles\/ Hospital Docente Ginecobst\u00e9trico Ram\u00f3n Gonz\u00e1lez Coro\/ miguel.sarduy@infomed.sld.cu Vicepresidente MSc Dr. Jorge J. Delgado Calzado\/ Universidad de Ciencias M\u00e9dicas de La Habana\/ ginecobs2023@infomed.sld.cu Secretaria MSc Dra. Anadys Beatriz Segura Fern\u00e1ndez\/Hospital Dr. Luis D\u00edaz Soto\/ asegura@infomed.sld.cu Miembros Dra. C. Stalina Santisteban Alba Dra. C. Lidia Lori\u00e9 Sierra Dra. B\u00e1rbara Enr\u00edquez [&hellip;]<\/p>\n","protected":false},"author":3262,"featured_media":0,"parent":171,"menu_order":0,"comment_status":"closed","ping_status":"open","template":"","meta":[],"_links":{"self":[{"href":"https:\/\/promociondeeventos.sld.cu\/ginecobs2023\/wp-json\/wp\/v2\/pages\/4"}],"collection":[{"href":"https:\/\/promociondeeventos.sld.cu\/ginecobs2023\/wp-json\/wp\/v2\/pages"}],"about":[{"href":"https:\/\/promociondeeventos.sld.cu\/ginecobs2023\/wp-json\/wp\/v2\/types\/page"}],"author":[{"embeddable":true,"href":"https:\/\/promociondeeventos.sld.cu\/ginecobs2023\/wp-json\/wp\/v2\/users\/3262"}],"replies":[{"embeddable":true,"href":"https:\/\/promociondeeventos.sld.cu\/ginecobs2023\/wp-json\/wp\/v2\/comments?post=4"}],"version-history":[{"count":9,"href":"https:\/\/promociondeeventos.sld.cu\/ginecobs2023\/wp-json\/wp\/v2\/pages\/4\/revisions"}],"predecessor-version":[{"id":204,"href":"https:\/\/promociondeeventos.sld.cu\/ginecobs2023\/wp-json\/wp\/v2\/pages\/4\/revisions\/204"}],"up":[{"embeddable":true,"href":"https:\/\/promociondeeventos.sld.cu\/ginecobs2023\/wp-json\/wp\/v2\/pages\/171"}],"wp:attachment":[{"href":"https:\/\/promociondeeventos.sld.cu\/ginecobs2023\/wp-json\/wp\/v2\/media?parent=4"}],"curies":[{"name":"wp","href":"https:\/\/api.w.org\/{rel}","templated":true}]}}