{"id":37,"date":"2022-06-01T18:14:01","date_gmt":"2022-06-01T18:14:01","guid":{"rendered":"http:\/\/promociondeeventos.sld.cu\/ginecobs2023\/?page_id=37"},"modified":"2022-12-06T23:38:48","modified_gmt":"2022-12-06T23:38:48","slug":"contactos","status":"publish","type":"page","link":"https:\/\/promociondeeventos.sld.cu\/ginecobs2023\/acerca-de\/contactos\/","title":{"rendered":"Contactos"},"content":{"rendered":"<ul>\n<li>Dr. C. Miguel Rom\u00e1n Sarduy N\u00e1poles<br \/>\nPresidente del Comit\u00e9 Cient\u00edfico<br \/>\nCorreo electr\u00f3nico: miguel.sarduy@infomed.sld.cu<\/li>\n<li>Dr. Jorge Delgado Calzado<br \/>\nVicepresidente del Comit\u00e9 Cient\u00edfico. Webm\u00e1ster<br \/>\nCorreo electr\u00f3nico: ginecobs2023@infomed.sld.cu<\/li>\n<\/ul>\n","protected":false},"excerpt":{"rendered":"<p>Dr. C. Miguel Rom\u00e1n Sarduy N\u00e1poles Presidente del Comit\u00e9 Cient\u00edfico Correo electr\u00f3nico: miguel.sarduy@infomed.sld.cu Dr. Jorge Delgado Calzado Vicepresidente del Comit\u00e9 Cient\u00edfico. Webm\u00e1ster Correo electr\u00f3nico: ginecobs2023@infomed.sld.cu<\/p>\n","protected":false},"author":3262,"featured_media":0,"parent":171,"menu_order":0,"comment_status":"closed","ping_status":"open","template":"","meta":[],"_links":{"self":[{"href":"https:\/\/promociondeeventos.sld.cu\/ginecobs2023\/wp-json\/wp\/v2\/pages\/37"}],"collection":[{"href":"https:\/\/promociondeeventos.sld.cu\/ginecobs2023\/wp-json\/wp\/v2\/pages"}],"about":[{"href":"https:\/\/promociondeeventos.sld.cu\/ginecobs2023\/wp-json\/wp\/v2\/types\/page"}],"author":[{"embeddable":true,"href":"https:\/\/promociondeeventos.sld.cu\/ginecobs2023\/wp-json\/wp\/v2\/users\/3262"}],"replies":[{"embeddable":true,"href":"https:\/\/promociondeeventos.sld.cu\/ginecobs2023\/wp-json\/wp\/v2\/comments?post=37"}],"version-history":[{"count":5,"href":"https:\/\/promociondeeventos.sld.cu\/ginecobs2023\/wp-json\/wp\/v2\/pages\/37\/revisions"}],"predecessor-version":[{"id":202,"href":"https:\/\/promociondeeventos.sld.cu\/ginecobs2023\/wp-json\/wp\/v2\/pages\/37\/revisions\/202"}],"up":[{"embeddable":true,"href":"https:\/\/promociondeeventos.sld.cu\/ginecobs2023\/wp-json\/wp\/v2\/pages\/171"}],"wp:attachment":[{"href":"https:\/\/promociondeeventos.sld.cu\/ginecobs2023\/wp-json\/wp\/v2\/media?parent=37"}],"curies":[{"name":"wp","href":"https:\/\/api.w.org\/{rel}","templated":true}]}}