{"id":30,"date":"2022-06-01T17:55:55","date_gmt":"2022-06-01T17:55:55","guid":{"rendered":"http:\/\/promociondeeventos.sld.cu\/ginecobs2023\/?page_id=30"},"modified":"2022-12-06T23:58:52","modified_gmt":"2022-12-06T23:58:52","slug":"normas-de-presentacion","status":"publish","type":"page","link":"https:\/\/promociondeeventos.sld.cu\/ginecobs2023\/normas-de-presentacion\/","title":{"rendered":"Normas de presentaci\u00f3n de los res\u00famenes"},"content":{"rendered":"<p><strong>Presentaci\u00f3n de los res\u00famenes<\/strong><\/p>\n<ul>\n<li>Los res\u00famenes deben enviarse en espa\u00f1ol, en formato digital a trav\u00e9s del formulario de la web .<\/li>\n<li>El Comit\u00e9 Cient\u00edfico del XVIII Congreso evaluar\u00e1 los trabajos recibidos, hasta el 5 de febrero de 2023.<\/li>\n<li>Los requisitos indispensables para la aprobaci\u00f3n son: su relaci\u00f3n con los temas centrales del congreso y el pago de la inscripci\u00f3n en el evento de, al menos uno de los autores, para su presentaci\u00f3n y discusi\u00f3n.<\/li>\n<li>Los autores de los trabajos recibir\u00e1n una notificaci\u00f3n de aceptaci\u00f3n y si han sido seleccionados para presentaci\u00f3n en la modalidad de p\u00f3ster digital.<\/li>\n<\/ul>\n<p><strong>Normas para la presentaci\u00f3n de los res\u00famenes<\/strong><\/p>\n<ul>\n<li>Fuente: Arial, tama\u00f1o 12, a un espacio y medio.<\/li>\n<li>Formato estructurado, en un solo bloque o columna y su contenido debe estar relacionado con alguno de los temas centrales del congreso.<\/li>\n<li>Tendr\u00e1n una extensi\u00f3n no mayor de 250 palabras y ser\u00e1n redactados siguiendo la estructura siguiente:<\/li>\n<li>T\u00edtulo del tema.<\/li>\n<\/ul>\n<p>-Autores (m\u00e1ximo seis autores) identificados con el n\u00famero ORCID de investigador de cada uno de los autores.<br \/>\n-Especialidad<br \/>\n-Instituci\u00f3n, ciudad, pa\u00eds.<br \/>\n-Modalidad de presentaci\u00f3n (p\u00f3ster digital)<br \/>\n-Resumen estructurado en: introducci\u00f3n, objetivos, material y m\u00e9todos, resultados, principales conclusiones y palabras claves.<\/p>\n<ul>\n<li>Si no se cumplen los requisitos establecidos el Comit\u00e9 Cient\u00edfico no aceptar\u00e1n dichos res\u00famenes.<\/li>\n<li>Para obtener mayor informaci\u00f3n sobre los Cursos y el Programa cient\u00edfico contacte a:<\/li>\n<\/ul>\n<p>-Dr. C. Miguel Rom\u00e1n Sarduy N\u00e1poles<\/p>\n<p>Presidente del Comit\u00e9 Cient\u00edfico<\/p>\n<p>Correo electr\u00f3nico: miguel.sarduy@infomed.sld.cu<\/p>\n<p>-Dr. Jorge Delgado Calzado<\/p>\n<p>Vicepresidente del Comit\u00e9 Cient\u00edfico<\/p>\n<p>Correo electr\u00f3nico: ginecobs2023@infomed.sld.cu<\/p>\n<p>Webmaster: Dr. Jorge J. Delgado Calzado.<\/p>\n<p>Sitio web: www.ginecobs2023.sld.cu<\/p>\n","protected":false},"excerpt":{"rendered":"<p>Presentaci\u00f3n de los res\u00famenes Los res\u00famenes deben enviarse en espa\u00f1ol, en formato digital a trav\u00e9s del formulario de la web . El Comit\u00e9 Cient\u00edfico del XVIII Congreso evaluar\u00e1 los trabajos recibidos, hasta el 5 de febrero de 2023. Los requisitos indispensables para la aprobaci\u00f3n son: su relaci\u00f3n con los temas centrales del congreso y el [&hellip;]<\/p>\n","protected":false},"author":3262,"featured_media":0,"parent":0,"menu_order":0,"comment_status":"closed","ping_status":"open","template":"","meta":[],"_links":{"self":[{"href":"https:\/\/promociondeeventos.sld.cu\/ginecobs2023\/wp-json\/wp\/v2\/pages\/30"}],"collection":[{"href":"https:\/\/promociondeeventos.sld.cu\/ginecobs2023\/wp-json\/wp\/v2\/pages"}],"about":[{"href":"https:\/\/promociondeeventos.sld.cu\/ginecobs2023\/wp-json\/wp\/v2\/types\/page"}],"author":[{"embeddable":true,"href":"https:\/\/promociondeeventos.sld.cu\/ginecobs2023\/wp-json\/wp\/v2\/users\/3262"}],"replies":[{"embeddable":true,"href":"https:\/\/promociondeeventos.sld.cu\/ginecobs2023\/wp-json\/wp\/v2\/comments?post=30"}],"version-history":[{"count":7,"href":"https:\/\/promociondeeventos.sld.cu\/ginecobs2023\/wp-json\/wp\/v2\/pages\/30\/revisions"}],"predecessor-version":[{"id":208,"href":"https:\/\/promociondeeventos.sld.cu\/ginecobs2023\/wp-json\/wp\/v2\/pages\/30\/revisions\/208"}],"wp:attachment":[{"href":"https:\/\/promociondeeventos.sld.cu\/ginecobs2023\/wp-json\/wp\/v2\/media?parent=30"}],"curies":[{"name":"wp","href":"https:\/\/api.w.org\/{rel}","templated":true}]}}