{"id":2,"date":"2022-06-01T16:23:49","date_gmt":"2022-06-01T16:23:49","guid":{"rendered":"http:\/\/promociondeeventos.sld.cu\/ginecobs2023\/?page_id=2"},"modified":"2022-11-28T13:06:58","modified_gmt":"2022-11-28T13:06:58","slug":"pagina-ejemplo","status":"publish","type":"page","link":"https:\/\/promociondeeventos.sld.cu\/ginecobs2023\/","title":{"rendered":"Convocatoria"},"content":{"rendered":"<p style=\"text-align: justify;\">La Sociedad Cubana de Obstetricia y Ginecolog\u00eda tiene el placer de convocarles al XVIII Congreso de la Sociedad Cubana de Obstetricia y Ginecolog\u00eda, que sesionar\u00e1 del 8 al 12 de mayo del a\u00f1o 2023 en las funcionales instalaciones del Palacio de Convenciones de La Habana, Cuba.<\/p>\n<ul style=\"list-style-type: square;\">\n<li class=\"Ttulo11\" style=\"text-align: justify;\">XVIII Congreso de la Sociedad Cubana de Obstetricia y Ginecolog\u00eda<\/li>\n<li style=\"text-align: justify;\">XI Congreso de Medicina materno fetal y planificaci\u00f3n familiar<\/li>\n<li style=\"text-align: justify;\">VIII Congreso de Ginecolog\u00eda infanto juvenil y salud reproductiva del adolescente<\/li>\n<li style=\"text-align: justify;\">VIII Congreso de Climaterio y menopausia<\/li>\n<li style=\"text-align: justify;\">VII Congreso de patolog\u00eda del tracto genital inferior y colposcop\u00eda<\/li>\n<\/ul>\n<p>&nbsp;<\/p>\n","protected":false},"excerpt":{"rendered":"<p>La Sociedad Cubana de Obstetricia y Ginecolog\u00eda tiene el placer de convocarles al XVIII Congreso de la Sociedad Cubana de Obstetricia y Ginecolog\u00eda, que sesionar\u00e1 del 8 al 12 de mayo del a\u00f1o 2023 en las funcionales instalaciones del Palacio de Convenciones de La Habana, Cuba. XVIII Congreso de la Sociedad Cubana de Obstetricia y [&hellip;]<\/p>\n","protected":false},"author":44,"featured_media":0,"parent":171,"menu_order":0,"comment_status":"closed","ping_status":"open","template":"","meta":[],"_links":{"self":[{"href":"https:\/\/promociondeeventos.sld.cu\/ginecobs2023\/wp-json\/wp\/v2\/pages\/2"}],"collection":[{"href":"https:\/\/promociondeeventos.sld.cu\/ginecobs2023\/wp-json\/wp\/v2\/pages"}],"about":[{"href":"https:\/\/promociondeeventos.sld.cu\/ginecobs2023\/wp-json\/wp\/v2\/types\/page"}],"author":[{"embeddable":true,"href":"https:\/\/promociondeeventos.sld.cu\/ginecobs2023\/wp-json\/wp\/v2\/users\/44"}],"replies":[{"embeddable":true,"href":"https:\/\/promociondeeventos.sld.cu\/ginecobs2023\/wp-json\/wp\/v2\/comments?post=2"}],"version-history":[{"count":10,"href":"https:\/\/promociondeeventos.sld.cu\/ginecobs2023\/wp-json\/wp\/v2\/pages\/2\/revisions"}],"predecessor-version":[{"id":186,"href":"https:\/\/promociondeeventos.sld.cu\/ginecobs2023\/wp-json\/wp\/v2\/pages\/2\/revisions\/186"}],"up":[{"embeddable":true,"href":"https:\/\/promociondeeventos.sld.cu\/ginecobs2023\/wp-json\/wp\/v2\/pages\/171"}],"wp:attachment":[{"href":"https:\/\/promociondeeventos.sld.cu\/ginecobs2023\/wp-json\/wp\/v2\/media?parent=2"}],"curies":[{"name":"wp","href":"https:\/\/api.w.org\/{rel}","templated":true}]}}