{"id":171,"date":"2022-11-09T20:23:18","date_gmt":"2022-11-09T20:23:18","guid":{"rendered":"http:\/\/promociondeeventos.sld.cu\/ginecobs2023\/?page_id=171"},"modified":"2022-11-09T20:37:26","modified_gmt":"2022-11-09T20:37:26","slug":"acerca-de","status":"publish","type":"page","link":"https:\/\/promociondeeventos.sld.cu\/ginecobs2023\/acerca-de\/","title":{"rendered":"Acerca de"},"content":{"rendered":"<ul style=\"list-style-type: square;\">\n<li><strong><a title=\"Convocatoria\" href=\"http:\/\/promociondeeventos.sld.cu\/ginecobs2023\/\" target=\"_blank\">Convocatoria<\/a><\/strong><\/li>\n<li><strong><a title=\"Organizan y auspician\" href=\"http:\/\/promociondeeventos.sld.cu\/ginecobs2023\/acerca-de\/organizan-y-auspician\/\" target=\"_blank\">Organizan y auspician<\/a><\/strong><\/li>\n<li><strong><a title=\"Comit\u00e9 Organizador\" href=\"http:\/\/promociondeeventos.sld.cu\/ginecobs2023\/acerca-de\/comite-organizador\/\" target=\"_blank\">Comit\u00e9 organizador<\/a><\/strong><\/li>\n<li><strong><a title=\"Comit\u00e9 Cient\u00edfico\" href=\"http:\/\/promociondeeventos.sld.cu\/ginecobs2023\/acerca-de\/comite-cientifico\/\" target=\"_blank\">Comit\u00e9 cient\u00edfico<\/a><\/strong><\/li>\n<li><strong><a title=\"Comit\u00e9 de honor\" href=\"http:\/\/promociondeeventos.sld.cu\/ginecobs2023\/acerca-de\/comite-de-honor\/\" target=\"_blank\">Comit\u00e9 de honor<\/a><\/strong><\/li>\n<li><strong><a title=\"Contactos\" href=\"http:\/\/promociondeeventos.sld.cu\/ginecobs2023\/acerca-de\/contactos\/\" target=\"_blank\">Contactos<\/a><\/strong><\/li>\n<\/ul>\n","protected":false},"excerpt":{"rendered":"<p>Convocatoria Organizan y auspician Comit\u00e9 organizador Comit\u00e9 cient\u00edfico Comit\u00e9 de honor Contactos<\/p>\n","protected":false},"author":3262,"featured_media":0,"parent":0,"menu_order":0,"comment_status":"closed","ping_status":"open","template":"","meta":[],"_links":{"self":[{"href":"https:\/\/promociondeeventos.sld.cu\/ginecobs2023\/wp-json\/wp\/v2\/pages\/171"}],"collection":[{"href":"https:\/\/promociondeeventos.sld.cu\/ginecobs2023\/wp-json\/wp\/v2\/pages"}],"about":[{"href":"https:\/\/promociondeeventos.sld.cu\/ginecobs2023\/wp-json\/wp\/v2\/types\/page"}],"author":[{"embeddable":true,"href":"https:\/\/promociondeeventos.sld.cu\/ginecobs2023\/wp-json\/wp\/v2\/users\/3262"}],"replies":[{"embeddable":true,"href":"https:\/\/promociondeeventos.sld.cu\/ginecobs2023\/wp-json\/wp\/v2\/comments?post=171"}],"version-history":[{"count":11,"href":"https:\/\/promociondeeventos.sld.cu\/ginecobs2023\/wp-json\/wp\/v2\/pages\/171\/revisions"}],"predecessor-version":[{"id":183,"href":"https:\/\/promociondeeventos.sld.cu\/ginecobs2023\/wp-json\/wp\/v2\/pages\/171\/revisions\/183"}],"wp:attachment":[{"href":"https:\/\/promociondeeventos.sld.cu\/ginecobs2023\/wp-json\/wp\/v2\/media?parent=171"}],"curies":[{"name":"wp","href":"https:\/\/api.w.org\/{rel}","templated":true}]}}