{"id":140,"date":"2022-10-27T13:57:34","date_gmt":"2022-10-27T13:57:34","guid":{"rendered":"http:\/\/promociondeeventos.sld.cu\/ginecobs2023\/?page_id=140"},"modified":"2022-10-28T14:07:55","modified_gmt":"2022-10-28T14:07:55","slug":"exposicicon-cientifica-comercial","status":"publish","type":"page","link":"https:\/\/promociondeeventos.sld.cu\/ginecobs2023\/exposicicon-cientifica-comercial\/","title":{"rendered":"Exposici\u00f3n"},"content":{"rendered":"<ul style=\"list-style-type: square;\">\n<li>Paralelamente al evento cient\u00edfico, se desarrollar\u00e1 una exposici\u00f3n en la cual las instituciones, universidades, editoriales, hospitales, centros de investigaci\u00f3n,<br \/>\nlaboratorios, firmas especializadas, tanto nacionales como extranjeras,<br \/>\ndispondr\u00e1n de una ocasi\u00f3n excepcional para exponer, promocionar y<br \/>\ncomercializar sus equipos, productos, literatura y otros medios afines a la<br \/>\ntem\u00e1tica del evento.<\/li>\n<li>Los interesados en esta exposici\u00f3n cient\u00edfico \u2013 comercial pueden contactar a:<br \/>\n-Lic. Katia Batista Noa<br \/>\n-Organizadora Profesional de Ferias y Exposiciones<br \/>\n-Palacio de Convenciones de La Habana, Cuba<br \/>\n-Tel\u00e9fonos: (53) 7208 7541\/ 7210 7100 extensi\u00f3n 1106<br \/>\n-Correo electr\u00f3nico: katiabatista@palco.cu<br \/>\n-www.eventospalco.com<\/li>\n<\/ul>\n","protected":false},"excerpt":{"rendered":"<p>Paralelamente al evento cient\u00edfico, se desarrollar\u00e1 una exposici\u00f3n en la cual las instituciones, universidades, editoriales, hospitales, centros de investigaci\u00f3n, laboratorios, firmas especializadas, tanto nacionales como extranjeras, dispondr\u00e1n de una ocasi\u00f3n excepcional para exponer, promocionar y comercializar sus equipos, productos, literatura y otros medios afines a la tem\u00e1tica del evento. Los interesados en esta exposici\u00f3n cient\u00edfico [&hellip;]<\/p>\n","protected":false},"author":3262,"featured_media":0,"parent":0,"menu_order":0,"comment_status":"closed","ping_status":"open","template":"","meta":[],"_links":{"self":[{"href":"https:\/\/promociondeeventos.sld.cu\/ginecobs2023\/wp-json\/wp\/v2\/pages\/140"}],"collection":[{"href":"https:\/\/promociondeeventos.sld.cu\/ginecobs2023\/wp-json\/wp\/v2\/pages"}],"about":[{"href":"https:\/\/promociondeeventos.sld.cu\/ginecobs2023\/wp-json\/wp\/v2\/types\/page"}],"author":[{"embeddable":true,"href":"https:\/\/promociondeeventos.sld.cu\/ginecobs2023\/wp-json\/wp\/v2\/users\/3262"}],"replies":[{"embeddable":true,"href":"https:\/\/promociondeeventos.sld.cu\/ginecobs2023\/wp-json\/wp\/v2\/comments?post=140"}],"version-history":[{"count":3,"href":"https:\/\/promociondeeventos.sld.cu\/ginecobs2023\/wp-json\/wp\/v2\/pages\/140\/revisions"}],"predecessor-version":[{"id":154,"href":"https:\/\/promociondeeventos.sld.cu\/ginecobs2023\/wp-json\/wp\/v2\/pages\/140\/revisions\/154"}],"wp:attachment":[{"href":"https:\/\/promociondeeventos.sld.cu\/ginecobs2023\/wp-json\/wp\/v2\/media?parent=140"}],"curies":[{"name":"wp","href":"https:\/\/api.w.org\/{rel}","templated":true}]}}