{"id":12,"date":"2022-06-01T16:34:47","date_gmt":"2022-06-01T16:34:47","guid":{"rendered":"http:\/\/promociondeeventos.sld.cu\/ginecobs2023\/?page_id=12"},"modified":"2022-10-27T13:33:05","modified_gmt":"2022-10-27T13:33:05","slug":"tematicas","status":"publish","type":"page","link":"https:\/\/promociondeeventos.sld.cu\/ginecobs2023\/tematicas\/","title":{"rendered":"Temas centrales"},"content":{"rendered":"<ul style=\"list-style-type: square;\">\n<li>Medicina materno-fetal y perinatal<\/li>\n<li>Morbilidad materna extremadamente grave<\/li>\n<li>Mortalidad materna<\/li>\n<li>Violencia sobre la mujer<\/li>\n<li>Actualidad de medios de diagn\u00f3sticos en Obstetricia y Ginecolog\u00eda<\/li>\n<li>Salud sexual y reproductiva<\/li>\n<li>Manejo de la pareja inf\u00e9rtil. Ginecolog\u00eda de la reproducci\u00f3n e infertilidad<\/li>\n<li>Cirug\u00eda m\u00ednimamente invasiva<\/li>\n<li>Ginecolog\u00eda pedi\u00e1trica y de la adolescente<\/li>\n<li>Ginecolog\u00eda en la mediana y avanzada edad. Disfunciones del suelo p\u00e9lvico<\/li>\n<li>Patolog\u00eda del tracto genital inferior, colposcopia y anoscopia de alta resoluci\u00f3n<\/li>\n<li>Ginecolog\u00eda oncol\u00f3gica<\/li>\n<li>Simulaci\u00f3n y docencia en espacios virtuales<\/li>\n<li>Aspectos m\u00e9dicos legales en Obstetricia y Ginecolog\u00eda<\/li>\n<li>Salud sexual y reproducci\u00f3n en tiempos de COVID<\/li>\n<\/ul>\n","protected":false},"excerpt":{"rendered":"<p>Medicina materno-fetal y perinatal Morbilidad materna extremadamente grave Mortalidad materna Violencia sobre la mujer Actualidad de medios de diagn\u00f3sticos en Obstetricia y Ginecolog\u00eda Salud sexual y reproductiva Manejo de la pareja inf\u00e9rtil. Ginecolog\u00eda de la reproducci\u00f3n e infertilidad Cirug\u00eda m\u00ednimamente invasiva Ginecolog\u00eda pedi\u00e1trica y de la adolescente Ginecolog\u00eda en la mediana y avanzada edad. Disfunciones [&hellip;]<\/p>\n","protected":false},"author":3262,"featured_media":0,"parent":0,"menu_order":0,"comment_status":"closed","ping_status":"open","template":"","meta":[],"_links":{"self":[{"href":"https:\/\/promociondeeventos.sld.cu\/ginecobs2023\/wp-json\/wp\/v2\/pages\/12"}],"collection":[{"href":"https:\/\/promociondeeventos.sld.cu\/ginecobs2023\/wp-json\/wp\/v2\/pages"}],"about":[{"href":"https:\/\/promociondeeventos.sld.cu\/ginecobs2023\/wp-json\/wp\/v2\/types\/page"}],"author":[{"embeddable":true,"href":"https:\/\/promociondeeventos.sld.cu\/ginecobs2023\/wp-json\/wp\/v2\/users\/3262"}],"replies":[{"embeddable":true,"href":"https:\/\/promociondeeventos.sld.cu\/ginecobs2023\/wp-json\/wp\/v2\/comments?post=12"}],"version-history":[{"count":6,"href":"https:\/\/promociondeeventos.sld.cu\/ginecobs2023\/wp-json\/wp\/v2\/pages\/12\/revisions"}],"predecessor-version":[{"id":123,"href":"https:\/\/promociondeeventos.sld.cu\/ginecobs2023\/wp-json\/wp\/v2\/pages\/12\/revisions\/123"}],"wp:attachment":[{"href":"https:\/\/promociondeeventos.sld.cu\/ginecobs2023\/wp-json\/wp\/v2\/media?parent=12"}],"curies":[{"name":"wp","href":"https:\/\/api.w.org\/{rel}","templated":true}]}}