{"id":9,"date":"2012-09-07T12:50:43","date_gmt":"2012-09-07T17:50:43","guid":{"rendered":"http:\/\/promociondeeventos.sld.cu\/ginecobs2013\/?page_id=9"},"modified":"2012-09-16T22:52:19","modified_gmt":"2012-09-17T03:52:19","slug":"programa-cientifico-preliminar","status":"publish","type":"page","link":"https:\/\/promociondeeventos.sld.cu\/ginecobs2013\/programa-cientifico-preliminar\/","title":{"rendered":"Programa cient\u00edfico preliminar"},"content":{"rendered":"<h3>Programa general:<\/h3>\n<ul>\n<li><strong>Martes 7 de mayo<\/strong><\/li>\n<\/ul>\n<p>Traslado a la acreditaci\u00f3n. Palacio de Convenciones (8:30 a.m. a 4:00 p.m.). Regreso a los hoteles. Traslado a los cursos precongreso (hora de inicio: 08:30 a.m.\/ hora de terminaci\u00f3n: 4:30 p.m.). Regreso a los hoteles. Traslado al Palacio de Convenciones. Palabras de saludo y cena de bienvenida, en el restaurante El Buc\u00e1n (7:00 p.m. a 9:00 p.m.). Regreso a los hoteles.<\/p>\n<ul>\n<li><strong>Mi\u00e9rcoles 8 de mayo<\/strong><\/li>\n<\/ul>\n<p>Traslado al Palacio de Convenciones. Sesiones cient\u00edficas (ma\u00f1ana y tarde). Regreso a los hoteles. Noche libre para el disfrute de opcionales tur\u00edsticas.<\/p>\n<ul>\n<li><strong>Jueves 9 de mayo<\/strong><\/li>\n<\/ul>\n<p>Traslado al Palacio de Convenciones. Sesiones cient\u00edficas (ma\u00f1ana y tarde). Regreso a los hoteles. Traslado a un teatro de la ciudad. Velada cultural. Regreso a los hoteles.<\/p>\n<ul>\n<li><strong>Viernes 10 de mayo<\/strong><\/li>\n<\/ul>\n<p>Traslado al Palacio de Convenciones. Sesiones cient\u00edficas (ma\u00f1ana). Clausura del congreso (2:00 pm.). Regreso a los hoteles.<\/p>\n","protected":false},"excerpt":{"rendered":"<p>Programa general: Martes 7 de mayo Traslado a la acreditaci\u00f3n. Palacio de Convenciones (8:30 a.m. a 4:00 p.m.). Regreso a los hoteles. Traslado a los cursos precongreso (hora de inicio: 08:30 a.m.\/ hora de terminaci\u00f3n: 4:30 p.m.). Regreso a los hoteles. Traslado al Palacio de Convenciones. Palabras de saludo y cena de bienvenida, en el [&hellip;]<\/p>\n","protected":false},"author":44,"featured_media":0,"parent":0,"menu_order":6,"comment_status":"closed","ping_status":"closed","template":"","meta":[],"_links":{"self":[{"href":"https:\/\/promociondeeventos.sld.cu\/ginecobs2013\/wp-json\/wp\/v2\/pages\/9"}],"collection":[{"href":"https:\/\/promociondeeventos.sld.cu\/ginecobs2013\/wp-json\/wp\/v2\/pages"}],"about":[{"href":"https:\/\/promociondeeventos.sld.cu\/ginecobs2013\/wp-json\/wp\/v2\/types\/page"}],"author":[{"embeddable":true,"href":"https:\/\/promociondeeventos.sld.cu\/ginecobs2013\/wp-json\/wp\/v2\/users\/44"}],"replies":[{"embeddable":true,"href":"https:\/\/promociondeeventos.sld.cu\/ginecobs2013\/wp-json\/wp\/v2\/comments?post=9"}],"version-history":[{"count":4,"href":"https:\/\/promociondeeventos.sld.cu\/ginecobs2013\/wp-json\/wp\/v2\/pages\/9\/revisions"}],"predecessor-version":[{"id":98,"href":"https:\/\/promociondeeventos.sld.cu\/ginecobs2013\/wp-json\/wp\/v2\/pages\/9\/revisions\/98"}],"wp:attachment":[{"href":"https:\/\/promociondeeventos.sld.cu\/ginecobs2013\/wp-json\/wp\/v2\/media?parent=9"}],"curies":[{"name":"wp","href":"https:\/\/api.w.org\/{rel}","templated":true}]}}