{"id":74,"date":"2012-09-09T16:00:35","date_gmt":"2012-09-09T21:00:35","guid":{"rendered":"http:\/\/promociondeeventos.sld.cu\/ginecobs2013\/?page_id=74"},"modified":"2013-03-01T17:52:27","modified_gmt":"2013-03-01T22:52:27","slug":"alojamiento-y-precios","status":"publish","type":"page","link":"https:\/\/promociondeeventos.sld.cu\/ginecobs2013\/cuotas-de-inscripcion\/alojamiento-y-precios\/","title":{"rendered":"Alojamiento y precios"},"content":{"rendered":"<p><strong>DELEGADOS EXTRANJEROS<\/strong><\/p>\n<p>La agencia de viajes HAVANATUR ha elaborado una atractiva oferta de paquete y ser\u00e1 la encargada del recibimiento, traslado y alojamiento de los participantes en este importante evento.<\/p>\n<p>Los interesados pueden dirigirse a:<\/p>\n<p>Ing. Caridad Sag\u00f3<br \/>\nEspecialista principal<br \/>\nEventos e incentivos<\/p>\n<p>Havanatur receptivo T&amp;T<br \/>\ne-mail: <a href=\"mailto:sago@havanatur.cu\">sago@havanatur.cu<\/a><br \/>\nTelf: 201-9780 Sitio web: <a href=\"http:\/\/www.havanatur.cu\/\">www.havanatur.cu<\/a><\/p>\n<p>El alojamiento <strong><em>on line <\/em><\/strong>puede realizarse a trav\u00e9s de&#8230;: [<strong><a href=\"http:\/\/www.ginecobstcuba.com\/index.php?module=hotel\/hotel_form\">Hacer click<\/a><\/strong>]<\/p>\n<p>Sitio web: <a href=\"http:\/\/www.ginecobstcuba.com\/\">www.ginecobstcuba.com<\/a><\/p>\n<p><strong>DELEGADOS NACIONALES<\/strong><\/p>\n<p>Hasta la fecha no ha sido factible concretar capacidades para el alojamiento masivo a los delegados de provincias. Actualmente se trabaja con vistas a garantizar el hospedaje de los Presidentes de Filiales y de los colegas que tengan intervenciones en el Programa del Congreso. A medida que exista informaci\u00f3n confirmatoria ser\u00e1 difundida por esta v\u00eda.<\/p>\n","protected":false},"excerpt":{"rendered":"<p>DELEGADOS EXTRANJEROS La agencia de viajes HAVANATUR ha elaborado una atractiva oferta de paquete y ser\u00e1 la encargada del recibimiento, traslado y alojamiento de los participantes en este importante evento. Los interesados pueden dirigirse a: Ing. Caridad Sag\u00f3 Especialista principal Eventos e incentivos Havanatur receptivo T&amp;T e-mail: sago@havanatur.cu Telf: 201-9780 Sitio web: www.havanatur.cu El alojamiento [&hellip;]<\/p>\n","protected":false},"author":44,"featured_media":0,"parent":60,"menu_order":0,"comment_status":"closed","ping_status":"closed","template":"","meta":[],"_links":{"self":[{"href":"https:\/\/promociondeeventos.sld.cu\/ginecobs2013\/wp-json\/wp\/v2\/pages\/74"}],"collection":[{"href":"https:\/\/promociondeeventos.sld.cu\/ginecobs2013\/wp-json\/wp\/v2\/pages"}],"about":[{"href":"https:\/\/promociondeeventos.sld.cu\/ginecobs2013\/wp-json\/wp\/v2\/types\/page"}],"author":[{"embeddable":true,"href":"https:\/\/promociondeeventos.sld.cu\/ginecobs2013\/wp-json\/wp\/v2\/users\/44"}],"replies":[{"embeddable":true,"href":"https:\/\/promociondeeventos.sld.cu\/ginecobs2013\/wp-json\/wp\/v2\/comments?post=74"}],"version-history":[{"count":6,"href":"https:\/\/promociondeeventos.sld.cu\/ginecobs2013\/wp-json\/wp\/v2\/pages\/74\/revisions"}],"predecessor-version":[{"id":103,"href":"https:\/\/promociondeeventos.sld.cu\/ginecobs2013\/wp-json\/wp\/v2\/pages\/74\/revisions\/103"}],"up":[{"embeddable":true,"href":"https:\/\/promociondeeventos.sld.cu\/ginecobs2013\/wp-json\/wp\/v2\/pages\/60"}],"wp:attachment":[{"href":"https:\/\/promociondeeventos.sld.cu\/ginecobs2013\/wp-json\/wp\/v2\/media?parent=74"}],"curies":[{"name":"wp","href":"https:\/\/api.w.org\/{rel}","templated":true}]}}