{"id":63,"date":"2012-09-09T10:53:34","date_gmt":"2012-09-09T15:53:34","guid":{"rendered":"http:\/\/promociondeeventos.sld.cu\/ginecobs2013\/?page_id=63"},"modified":"2014-04-20T14:34:41","modified_gmt":"2014-04-20T19:34:41","slug":"auspician","status":"publish","type":"page","link":"https:\/\/promociondeeventos.sld.cu\/ginecobs2013\/auspician\/","title":{"rendered":"Auspician"},"content":{"rendered":"<p>&#8211; <a href=\"mailto:cnscs@infomed.sld.cu\">Consejo Nacional de Sociedades Cient\u00edficas de la Salud<\/a> (CNSCS)<\/p>\n<p>&#8211; Departamento materno infantil del Ministerio de Salud P\u00fablica<\/p>\n<p>&#8211; <a href=\"mailto:socudef@ceniai.inf.cu\">Sociedad Cubana para el Desarrollo de la Familia<\/a> (SOCUDEF)<\/p>\n<p>&#8211; <a href=\"http:\/\/publications.paho.org\/home.php\">Organizaci\u00f3n Panamericana de la Salud (OPS)<\/a><\/p>\n<p>&#8211; <a href=\"www.unfpa.org\/\" target=\"_self\">Fondo de Poblaci\u00f3n de las Naciones Unidas (UNFPA)<\/a><\/p>\n<p>&#8211; <a href=\"www.unicef.cu\/\" target=\"_self\">Fondo de las Naciones Unidas para la Infancia (UNICEF)<\/a><\/p>\n","protected":false},"excerpt":{"rendered":"<p>&#8211; Consejo Nacional de Sociedades Cient\u00edficas de la Salud (CNSCS) &#8211; Departamento materno infantil del Ministerio de Salud P\u00fablica &#8211; Sociedad Cubana para el Desarrollo de la Familia (SOCUDEF) &#8211; Organizaci\u00f3n Panamericana de la Salud (OPS) &#8211; Fondo de Poblaci\u00f3n de las Naciones Unidas (UNFPA) &#8211; Fondo de las Naciones Unidas para la Infancia (UNICEF)<\/p>\n","protected":false},"author":44,"featured_media":0,"parent":0,"menu_order":11,"comment_status":"closed","ping_status":"closed","template":"","meta":[],"_links":{"self":[{"href":"https:\/\/promociondeeventos.sld.cu\/ginecobs2013\/wp-json\/wp\/v2\/pages\/63"}],"collection":[{"href":"https:\/\/promociondeeventos.sld.cu\/ginecobs2013\/wp-json\/wp\/v2\/pages"}],"about":[{"href":"https:\/\/promociondeeventos.sld.cu\/ginecobs2013\/wp-json\/wp\/v2\/types\/page"}],"author":[{"embeddable":true,"href":"https:\/\/promociondeeventos.sld.cu\/ginecobs2013\/wp-json\/wp\/v2\/users\/44"}],"replies":[{"embeddable":true,"href":"https:\/\/promociondeeventos.sld.cu\/ginecobs2013\/wp-json\/wp\/v2\/comments?post=63"}],"version-history":[{"count":7,"href":"https:\/\/promociondeeventos.sld.cu\/ginecobs2013\/wp-json\/wp\/v2\/pages\/63\/revisions"}],"predecessor-version":[{"id":282,"href":"https:\/\/promociondeeventos.sld.cu\/ginecobs2013\/wp-json\/wp\/v2\/pages\/63\/revisions\/282"}],"wp:attachment":[{"href":"https:\/\/promociondeeventos.sld.cu\/ginecobs2013\/wp-json\/wp\/v2\/media?parent=63"}],"curies":[{"name":"wp","href":"https:\/\/api.w.org\/{rel}","templated":true}]}}