{"id":60,"date":"2012-09-09T10:48:26","date_gmt":"2012-09-09T15:48:26","guid":{"rendered":"http:\/\/promociondeeventos.sld.cu\/ginecobs2013\/?page_id=60"},"modified":"2013-03-01T17:49:07","modified_gmt":"2013-03-01T22:49:07","slug":"cuotas-de-inscripcion","status":"publish","type":"page","link":"https:\/\/promociondeeventos.sld.cu\/ginecobs2013\/cuotas-de-inscripcion\/","title":{"rendered":"Cuotas de inscripci\u00f3n"},"content":{"rendered":"<p>Para facilitar la inscripci\u00f3n de los delegados extranjeros y sus acompa\u00f1antes, se establecer\u00e1 un sistema escalonado de pago ON LINE de la inscripci\u00f3n al evento, el cual ofrece cuotas m\u00e1s bajas a aquellos que se inscriban a trav\u00e9s de este sistema en fecha previa al 6 de marzo de 2013, las mismas se muestran a continuaci\u00f3n.<\/p>\n<ul>\n<li>Congreso (<a href=\"http:\/\/www.ginecobstcuba.com\/index.php?module=registration\/accreditation_form\">Pago ON LINE<\/a>): Participante extranjero: $ 200.00 CUC (hasta marzo 5\/2013)<\/li>\n<\/ul>\n<p>y $ 270.00 CUC (6 de marzo\/3 mayo de 2013)<\/p>\n<ul>\n<li>Acompa\u00f1ante extranjero: $ 60.00 CUC (hasta marzo 5\/013) y $ 70.00 CUC (6 de marzo\/3 mayo de 2013)<\/li>\n<li>Cursos $ 50.00 CUC (incluye la certificaci\u00f3n)<\/li>\n<\/ul>\n<p>El lunes 7 de mayo, los interesados que NO hayan pagado ON LINE y que, adem\u00e1s, NO presentar\u00e1n trabajos, pueden realizar el pago de la cuota de $ 270.00 CUC en efectivo.<\/p>\n<p>La cuota de inscripci\u00f3n del congreso incluye:<\/p>\n<ul>\n<li>Delegado: Credencial \/ participaci\u00f3n en las sesiones cient\u00edficas \/ cena de bienvenida \/ m\u00f3dulo de materiales (carpeta con programa cient\u00edfico y res\u00famenes, block de notas y bol\u00edgrafo), certificado de asistencia y\/o de autor de trabajo.<\/li>\n<li>Acompa\u00f1ante: Credencial \/ participaci\u00f3n en las ceremonias de apertura y clausura \/ cena de bienvenida \/ programa para acompa\u00f1ante y souvenir.<\/li>\n<\/ul>\n<p><strong>FORMAS DE PAGO<\/strong><\/p>\n<ul>\n<li>Para aquellos delegados extranjeros que no se inscriban ON LINE, el pago de la cuota de inscripci\u00f3n ser\u00e1 de $ 270.00 Pesos Cubanos Convertibles (CUC), moneda de circulaci\u00f3n oficial del pa\u00eds.<\/li>\n<li>La misma se abonar\u00e1 en la Casa de registro y acreditaci\u00f3n del Palacio de Convenciones de La Habana, en el momento de la acreditaci\u00f3n. El CUC puede adquirirse desde el arribo al pa\u00eds en aeropuertos, hoteles, bancos y casas de cambio (CADECAS) a partir de: euro, d\u00f3lar canadiense, d\u00f3lar americano, libra esterlina y franco suizo. La tasa de canje ser\u00e1 de acuerdo con el cambio internacional del d\u00eda respecto al d\u00f3lar estadounidense.<\/li>\n<li>La cuota de inscripci\u00f3n de los cursos precongreso se abonar\u00e1 el d\u00eda previo del inicio del Congreso en la propia instalaci\u00f3n en la que se imparta el curso seleccionado por el interesado.<\/li>\n<li>En Cuba se aceptan las tarjetas de cr\u00e9dito VISA, MASTERCARD, EUROCARD, CABAL, siempre que la casa matriz no sea estadounidense.<\/li>\n<li>Para m\u00e1s informaci\u00f3n sobre la conversi\u00f3n de la moneda CUC visite el sitio web del Banco Metropolitano: <a href=\"http:\/\/www.banco-metropolitano.com\">www.banco-metropolitano.com<\/a><\/li>\n<\/ul>\n<p><strong>DELEGADOS CUBANOS:<br \/>\n<\/strong><\/p>\n<ul>\n<li>\u00a0<strong>CUOTAS DE INSCRIPCI\u00d3N<\/strong><\/li>\n<\/ul>\n<p>La cuota de inscripci\u00f3n para los delegados nacionales es $200.00 MN. La misma deber\u00e1 abonarse a partir de una fecha, pendiente por\u00a0 definir, que se anunciar\u00e1 a su debido tiempo. El pago deber\u00e1 realizarse en el Consejo Nacional de Sociedades Cient\u00edficas de la Salud, en 15 y 2, Vedado, Plaza de la Revoluci\u00f3n, La Habana. En el caso de los delegados de provincias se estudian otras posibles opciones para efectuar el pago, que ser\u00e1n coordinadas con los Presidentes de Filiales.<\/p>\n<ul>\n<li>Congreso<\/li>\n<li>Delegado Nacional\u00a0\u00a0\u00a0\u00a0\u00a0\u00a0\u00a0\u00a0\u00a0\u00a0\u00a0\u00a0\u00a0\u00a0\u00a0\u00a0\u00a0\u00a0\u00a0\u00a0\u00a0\u00a0 200.00 MN\u00a0\u00a0<\/li>\n<li>Cursos\u00a0\u00a0\u00a0\u00a0\u00a0\u00a0\u00a0\u00a0\u00a0\u00a0\u00a0\u00a0\u00a0\u00a0\u00a0\u00a0\u00a0\u00a0\u00a0\u00a0\u00a0\u00a0\u00a0\u00a0\u00a0\u00a0\u00a0\u00a0\u00a0\u00a0\u00a0\u00a0\u00a0\u00a0\u00a0\u00a0\u00a0\u00a0\u00a0\u00a0\u00a0\u00a0\u00a0\u00a0\u00a0 50.00 MN (incluye la certificaci\u00f3n)<\/li>\n<\/ul>\n<p>La cuota de inscripci\u00f3n a los cursos se abonar\u00e1 mediante pago en efectivo. La misma es de $50.00 MN. Al igual que la inscripci\u00f3n al Congreso, el pago deber\u00e1 realizarse en la sede del Consejo Nacional de Sociedades Cient\u00edficas, en 15 y 2, Vedado. La inscripci\u00f3n ser\u00e1 a libre demanda a partir de una fecha que se anunciar\u00e1 con antelaci\u00f3n. Los cursos se cerrar\u00e1n al llegar a la cifra tope de plazas ofertadas. De existir plazas disponibles al momento del inicio del Curso, se podr\u00e1 abonar la cuota en la propia sede en que se imparta el curso seleccionado por el interesado. En estos casos no se garantiza la entrega inmediata del Diploma acreditativo.<\/p>\n<ul>\n<li><strong>La cuota de inscripci\u00f3n del congreso incluye:<\/strong><\/li>\n<li>Delegado: credencial \/ participaci\u00f3n en las sesiones cient\u00edficas \/Cena de bienvenida \/Velada cultural\/Almuerzo de clausura, m\u00f3dulo de materiales (carpeta con programa cient\u00edfico y res\u00famenes, bloc de notas y bol\u00edgrafo), certificado de asistencia, participaci\u00f3n en el programa cient\u00edfico y\/o de autor del trabajo.<\/li>\n<\/ul>\n","protected":false},"excerpt":{"rendered":"<p>Para facilitar la inscripci\u00f3n de los delegados extranjeros y sus acompa\u00f1antes, se establecer\u00e1 un sistema escalonado de pago ON LINE de la inscripci\u00f3n al evento, el cual ofrece cuotas m\u00e1s bajas a aquellos que se inscriban a trav\u00e9s de este sistema en fecha previa al 6 de marzo de 2013, las mismas se muestran a [&hellip;]<\/p>\n","protected":false},"author":44,"featured_media":0,"parent":0,"menu_order":10,"comment_status":"closed","ping_status":"closed","template":"","meta":[],"_links":{"self":[{"href":"https:\/\/promociondeeventos.sld.cu\/ginecobs2013\/wp-json\/wp\/v2\/pages\/60"}],"collection":[{"href":"https:\/\/promociondeeventos.sld.cu\/ginecobs2013\/wp-json\/wp\/v2\/pages"}],"about":[{"href":"https:\/\/promociondeeventos.sld.cu\/ginecobs2013\/wp-json\/wp\/v2\/types\/page"}],"author":[{"embeddable":true,"href":"https:\/\/promociondeeventos.sld.cu\/ginecobs2013\/wp-json\/wp\/v2\/users\/44"}],"replies":[{"embeddable":true,"href":"https:\/\/promociondeeventos.sld.cu\/ginecobs2013\/wp-json\/wp\/v2\/comments?post=60"}],"version-history":[{"count":8,"href":"https:\/\/promociondeeventos.sld.cu\/ginecobs2013\/wp-json\/wp\/v2\/pages\/60\/revisions"}],"predecessor-version":[{"id":62,"href":"https:\/\/promociondeeventos.sld.cu\/ginecobs2013\/wp-json\/wp\/v2\/pages\/60\/revisions\/62"}],"wp:attachment":[{"href":"https:\/\/promociondeeventos.sld.cu\/ginecobs2013\/wp-json\/wp\/v2\/media?parent=60"}],"curies":[{"name":"wp","href":"https:\/\/api.w.org\/{rel}","templated":true}]}}