{"id":57,"date":"2012-09-09T10:31:15","date_gmt":"2012-09-09T15:31:15","guid":{"rendered":"http:\/\/promociondeeventos.sld.cu\/ginecobs2013\/resumenes\/"},"modified":"2014-04-20T14:41:39","modified_gmt":"2014-04-20T19:41:39","slug":"resumenes","status":"publish","type":"page","link":"https:\/\/promociondeeventos.sld.cu\/ginecobs2013\/resumenes\/","title":{"rendered":"Res\u00famenes"},"content":{"rendered":"<p><strong>PRESENTACI\u00d3N DE LOS RES\u00daMENES<\/strong><\/p>\n<p>Los autores de los temas libres oral\/digital o video deber\u00e1n enviar los res\u00famenes de sus presentaciones al Comit\u00e9 Cient\u00edfico a partir del 1\u00ba de noviembre de 2012, esta recepci\u00f3n termina el 5 de marzo de 2013. Los res\u00famenes se enviar\u00e1n a la siguiente direcci\u00f3n electr\u00f3nica: <a href=\"mailto:scog@infomed.sld.cu\">scog@infomed.sld.cu<\/a>, o por correo postal a:<\/p>\n<p><strong>XV Congreso de la Sociedad Cubana de Obstetricia y Ginecolog\u00eda<\/strong><br \/>\n<strong>Consejo Nacional de Sociedades Cient\u00edficas de la Salud<\/strong><br \/>\nCalle 2, esquina a 15, municipio Plaza de la Revoluci\u00f3n<br \/>\nLa Habana, Cuba. C\u00f3digo Postal 10400.<\/p>\n<p>Entre los res\u00famenes recibidos, el Comit\u00e9 Cient\u00edfico seleccionar\u00e1 5 trabajos por tem\u00e1tica para ser presentados en las salas de forma oral al final de cada sesi\u00f3n. El d\u00eda viernes, por trabajarse solo media sesi\u00f3n, solo se presentar\u00e1n 4 temas libres orales.<br \/>\nLos autores de los trabajos seleccionados ser\u00e1n avisados con antelaci\u00f3n.<\/p>\n<p><strong>NORMAS PARA LA PRESENTACI\u00d3N DE LOS RES\u00daMENES<\/strong><\/p>\n<p>Letra: Times New Roman, tama\u00f1o: 12, a un espacio.<br \/>\nLos res\u00famenes deber\u00e1n ser estructurados, su contenido deber\u00e1 estar relacionado con alguno de los temas centrales del Congreso y tendr\u00e1 una extensi\u00f3n no mayor de 250 palabras. En el caso que se env\u00eden impresos debe hacerse en papel tama\u00f1o A-4. Los mismos ser\u00e1n redactados siguiendo la siguiente estructura:<\/p>\n<ul>\n<li>T\u00edtulo del tema, autores, instituci\u00f3n, ciudad, pa\u00eds.<\/li>\n<li>Modalidad de presentaci\u00f3n (p\u00f3ster digital o video).<\/li>\n<li>Contendr\u00e1 aspectos de la introducci\u00f3n, material y m\u00e9todos, resultados y discusi\u00f3n, as\u00ed como las principales conclusiones y palabras claves.<\/li>\n<li>En el caso de los videos, deber\u00e1n ofrecer una breve descripci\u00f3n del contenido, la que incluir\u00e1 el tiempo de duraci\u00f3n.<\/li>\n<\/ul>\n<p>Vea el formato para la presentaci\u00f3n de los res\u00famenes\u00a0(<a href=\"http:\/\/files.sld.cu\/ginecobs\/files\/2012\/09\/formularioresumenes.pdf\">formato pdf<\/a>) (<a href=\"http:\/\/files.sld.cu\/ginecobs\/files\/2012\/09\/formularioresumenes1.doc\">formato Word<\/a>)<\/p>\n","protected":false},"excerpt":{"rendered":"<p>PRESENTACI\u00d3N DE LOS RES\u00daMENES Los autores de los temas libres oral\/digital o video deber\u00e1n enviar los res\u00famenes de sus presentaciones al Comit\u00e9 Cient\u00edfico a partir del 1\u00ba de noviembre de 2012, esta recepci\u00f3n termina el 5 de marzo de 2013. Los res\u00famenes se enviar\u00e1n a la siguiente direcci\u00f3n electr\u00f3nica: scog@infomed.sld.cu, o por correo postal a: [&hellip;]<\/p>\n","protected":false},"author":44,"featured_media":0,"parent":0,"menu_order":9,"comment_status":"closed","ping_status":"closed","template":"","meta":[],"_links":{"self":[{"href":"https:\/\/promociondeeventos.sld.cu\/ginecobs2013\/wp-json\/wp\/v2\/pages\/57"}],"collection":[{"href":"https:\/\/promociondeeventos.sld.cu\/ginecobs2013\/wp-json\/wp\/v2\/pages"}],"about":[{"href":"https:\/\/promociondeeventos.sld.cu\/ginecobs2013\/wp-json\/wp\/v2\/types\/page"}],"author":[{"embeddable":true,"href":"https:\/\/promociondeeventos.sld.cu\/ginecobs2013\/wp-json\/wp\/v2\/users\/44"}],"replies":[{"embeddable":true,"href":"https:\/\/promociondeeventos.sld.cu\/ginecobs2013\/wp-json\/wp\/v2\/comments?post=57"}],"version-history":[{"count":11,"href":"https:\/\/promociondeeventos.sld.cu\/ginecobs2013\/wp-json\/wp\/v2\/pages\/57\/revisions"}],"predecessor-version":[{"id":284,"href":"https:\/\/promociondeeventos.sld.cu\/ginecobs2013\/wp-json\/wp\/v2\/pages\/57\/revisions\/284"}],"wp:attachment":[{"href":"https:\/\/promociondeeventos.sld.cu\/ginecobs2013\/wp-json\/wp\/v2\/media?parent=57"}],"curies":[{"name":"wp","href":"https:\/\/api.w.org\/{rel}","templated":true}]}}