{"id":49,"date":"2012-09-09T10:19:43","date_gmt":"2012-09-09T15:19:43","guid":{"rendered":"http:\/\/promociondeeventos.sld.cu\/ginecobs2013\/?page_id=49"},"modified":"2014-06-25T11:42:55","modified_gmt":"2014-06-25T16:42:55","slug":"temas-centrales","status":"publish","type":"page","link":"https:\/\/promociondeeventos.sld.cu\/ginecobs2013\/temas-centrales\/","title":{"rendered":"Temas centrales"},"content":{"rendered":"<ul>\n<li>Salud sexual y reproductiva. Infecciones de transmisi\u00f3n sexual<\/li>\n<li>Rol de g\u00e9nero, derechos sexuales y reproductivos<\/li>\n<li>Fecundidad y planificaci\u00f3n familiar<\/li>\n<li>Medicina materno-fetal y perinatal<\/li>\n<li>Morbilidad materna extremadamente grave<\/li>\n<li>Mortalidad materna<\/li>\n<li>Ultrasonido en Obstetricia y Ginecolog\u00eda<\/li>\n<li>Ginecolog\u00eda pedi\u00e1trica y de la adolescente\/ afecciones ginecoendocrinas<\/li>\n<li>Oncolog\u00eda ginecol\u00f3gica<\/li>\n<li>Climaterio y menopausia\/Afecciones del suelo p\u00e9lvico<\/li>\n<li>Patolog\u00eda del tracto genital inferior y colposcopia- Infertilidad \/ endoscopia y cirug\u00eda\u00a0m\u00ednimamente invasiva<\/li>\n<\/ul>\n","protected":false},"excerpt":{"rendered":"<p>Salud sexual y reproductiva. Infecciones de transmisi\u00f3n sexual Rol de g\u00e9nero, derechos sexuales y reproductivos Fecundidad y planificaci\u00f3n familiar Medicina materno-fetal y perinatal Morbilidad materna extremadamente grave Mortalidad materna Ultrasonido en Obstetricia y Ginecolog\u00eda Ginecolog\u00eda pedi\u00e1trica y de la adolescente\/ afecciones ginecoendocrinas Oncolog\u00eda ginecol\u00f3gica Climaterio y menopausia\/Afecciones del suelo p\u00e9lvico Patolog\u00eda del tracto genital inferior [&hellip;]<\/p>\n","protected":false},"author":44,"featured_media":0,"parent":0,"menu_order":5,"comment_status":"closed","ping_status":"closed","template":"","meta":[],"_links":{"self":[{"href":"https:\/\/promociondeeventos.sld.cu\/ginecobs2013\/wp-json\/wp\/v2\/pages\/49"}],"collection":[{"href":"https:\/\/promociondeeventos.sld.cu\/ginecobs2013\/wp-json\/wp\/v2\/pages"}],"about":[{"href":"https:\/\/promociondeeventos.sld.cu\/ginecobs2013\/wp-json\/wp\/v2\/types\/page"}],"author":[{"embeddable":true,"href":"https:\/\/promociondeeventos.sld.cu\/ginecobs2013\/wp-json\/wp\/v2\/users\/44"}],"replies":[{"embeddable":true,"href":"https:\/\/promociondeeventos.sld.cu\/ginecobs2013\/wp-json\/wp\/v2\/comments?post=49"}],"version-history":[{"count":5,"href":"https:\/\/promociondeeventos.sld.cu\/ginecobs2013\/wp-json\/wp\/v2\/pages\/49\/revisions"}],"predecessor-version":[{"id":290,"href":"https:\/\/promociondeeventos.sld.cu\/ginecobs2013\/wp-json\/wp\/v2\/pages\/49\/revisions\/290"}],"wp:attachment":[{"href":"https:\/\/promociondeeventos.sld.cu\/ginecobs2013\/wp-json\/wp\/v2\/media?parent=49"}],"curies":[{"name":"wp","href":"https:\/\/api.w.org\/{rel}","templated":true}]}}