{"id":47,"date":"2012-09-09T10:17:53","date_gmt":"2012-09-09T15:17:53","guid":{"rendered":"http:\/\/promociondeeventos.sld.cu\/ginecobs2013\/?page_id=47"},"modified":"2012-09-19T22:22:05","modified_gmt":"2012-09-20T03:22:05","slug":"comite-cientifico","status":"publish","type":"page","link":"https:\/\/promociondeeventos.sld.cu\/ginecobs2013\/comite-organizador\/comite-cientifico\/","title":{"rendered":"Comit\u00e9 cient\u00edfico"},"content":{"rendered":"<ul>\n<li><strong>Presidente:<\/strong> Dr. Jorge Pel\u00e1ez Mendoza<\/li>\n<li><strong>Vicepresidente:<\/strong> Dr. Ra\u00fal Berm\u00fadez S\u00e1nchez<\/li>\n<li><strong>Secretario:<\/strong> Dr. Alfredo Nodarse Rodr\u00edguez<\/li>\n<\/ul>\n<p><strong>Miembros: <\/strong><\/p>\n<ul>\n<li>Dra. Sonia \u00c1guila Seti\u00e9n<\/li>\n<li>Dra. Lourdes Carrillo Berm\u00fadez<\/li>\n<li>Dr. Jos\u00e9 A. Casas Fern\u00e1ndez<\/li>\n<li>Dr. Jorge \u00a0J.\u00a0 Delgado Calzado<\/li>\n<li>Dra. B\u00e1rbara Enr\u00edquez Aguiar<\/li>\n<li>Dr. Jorge Fern\u00e1ndez Mas\u00f3<\/li>\n<li>Dr. Ariel Fuentes Ram\u00edrez<\/li>\n<li>Dra. Digna Llorente Molina<\/li>\n<li>Dr. Miguel Lugones Botell<\/li>\n<li>Dra. Omayda Safora Enr\u00edquez<\/li>\n<li>Dra. Ana M. Solares Asteasuainzarra<\/li>\n<\/ul>\n","protected":false},"excerpt":{"rendered":"<p>Presidente: Dr. Jorge Pel\u00e1ez Mendoza Vicepresidente: Dr. Ra\u00fal Berm\u00fadez S\u00e1nchez Secretario: Dr. Alfredo Nodarse Rodr\u00edguez Miembros: Dra. Sonia \u00c1guila Seti\u00e9n Dra. Lourdes Carrillo Berm\u00fadez Dr. Jos\u00e9 A. Casas Fern\u00e1ndez Dr. Jorge \u00a0J.\u00a0 Delgado Calzado Dra. B\u00e1rbara Enr\u00edquez Aguiar Dr. Jorge Fern\u00e1ndez Mas\u00f3 Dr. Ariel Fuentes Ram\u00edrez Dra. Digna Llorente Molina Dr. Miguel Lugones Botell Dra. [&hellip;]<\/p>\n","protected":false},"author":44,"featured_media":0,"parent":44,"menu_order":2,"comment_status":"closed","ping_status":"closed","template":"","meta":[],"_links":{"self":[{"href":"https:\/\/promociondeeventos.sld.cu\/ginecobs2013\/wp-json\/wp\/v2\/pages\/47"}],"collection":[{"href":"https:\/\/promociondeeventos.sld.cu\/ginecobs2013\/wp-json\/wp\/v2\/pages"}],"about":[{"href":"https:\/\/promociondeeventos.sld.cu\/ginecobs2013\/wp-json\/wp\/v2\/types\/page"}],"author":[{"embeddable":true,"href":"https:\/\/promociondeeventos.sld.cu\/ginecobs2013\/wp-json\/wp\/v2\/users\/44"}],"replies":[{"embeddable":true,"href":"https:\/\/promociondeeventos.sld.cu\/ginecobs2013\/wp-json\/wp\/v2\/comments?post=47"}],"version-history":[{"count":5,"href":"https:\/\/promociondeeventos.sld.cu\/ginecobs2013\/wp-json\/wp\/v2\/pages\/47\/revisions"}],"predecessor-version":[{"id":94,"href":"https:\/\/promociondeeventos.sld.cu\/ginecobs2013\/wp-json\/wp\/v2\/pages\/47\/revisions\/94"}],"up":[{"embeddable":true,"href":"https:\/\/promociondeeventos.sld.cu\/ginecobs2013\/wp-json\/wp\/v2\/pages\/44"}],"wp:attachment":[{"href":"https:\/\/promociondeeventos.sld.cu\/ginecobs2013\/wp-json\/wp\/v2\/media?parent=47"}],"curies":[{"name":"wp","href":"https:\/\/api.w.org\/{rel}","templated":true}]}}