{"id":44,"date":"2012-09-09T10:12:41","date_gmt":"2012-09-09T15:12:41","guid":{"rendered":"http:\/\/promociondeeventos.sld.cu\/ginecobs2013\/comite-organizador\/"},"modified":"2015-05-07T13:17:31","modified_gmt":"2015-05-07T18:17:31","slug":"comite-organizador","status":"publish","type":"page","link":"https:\/\/promociondeeventos.sld.cu\/ginecobs2013\/comite-organizador\/","title":{"rendered":"Comit\u00e9 organizador"},"content":{"rendered":"<blockquote>\n<ul>\n<li><strong>Presidente: <\/strong><a href=\"mailto:ecabezas@infomed.sld.cu\">Dr. Evelio Cabezas Cruz<\/a><\/li>\n<\/ul>\n<p>Tel\u00e9fono: (53)\u00a07644 1313<\/p>\n<ul>\n<li><strong>Vicepresidente:<\/strong> <a href=\"mailto:jorge.pelaez@retina.sld.cu\">Dr. Jorge Pel\u00e1ez Mendoza<\/a><\/li>\n<li><strong>Secretario:<\/strong> <a href=\"mailto:berlar@infomed.sld.cu\">Dr. Ra\u00fal Berm\u00fadez S\u00e1nchez<\/a><\/li>\n<li><strong>Tesorero:<\/strong> <a href=\"mailto:miguel.sarduy@infomed.sld.cu\">Dr. Miguel Sarduy N\u00e1poles<\/a><\/li>\n<\/ul>\n<\/blockquote>\n<p><strong>Miembros:<\/strong><\/p>\n<ul>\n<li>Dr. Jos\u00e9 A. Oliva Rodr\u00edguez\u00a0\u00a0\u00a0\u00a0<\/li>\n<li>Dr. Jorge J. Delgado Calzado<\/li>\n<li>Dr. Jos\u00e9 A. Casas Fern\u00e1ndez<\/li>\n<li>Dr. Miguel Lugones Botell<\/li>\n<li>Dr. Danilo N\u00e1poles M\u00e9ndez<\/li>\n<li>Dra. \u00c1gueda Santana Mart\u00ednez<\/li>\n<li>Dr. Miguel Sosa Mar\u00edn<\/li>\n<li>Dra. Ana Margarita Solares Asteasuainzarra<\/li>\n<li>Dra. Idania Baladr\u00f3n<\/li>\n<li>Dra. M\u00edriam Garc\u00eda Tirada<\/li>\n<\/ul>\n","protected":false},"excerpt":{"rendered":"<p>Presidente: Dr. Evelio Cabezas Cruz Tel\u00e9fono: (53)\u00a07644 1313 Vicepresidente: Dr. Jorge Pel\u00e1ez Mendoza Secretario: Dr. Ra\u00fal Berm\u00fadez S\u00e1nchez Tesorero: Dr. Miguel Sarduy N\u00e1poles Miembros: Dr. Jos\u00e9 A. Oliva Rodr\u00edguez\u00a0\u00a0\u00a0\u00a0 Dr. Jorge J. Delgado Calzado Dr. Jos\u00e9 A. Casas Fern\u00e1ndez Dr. Miguel Lugones Botell Dr. Danilo N\u00e1poles M\u00e9ndez Dra. \u00c1gueda Santana Mart\u00ednez Dr. Miguel Sosa Mar\u00edn [&hellip;]<\/p>\n","protected":false},"author":44,"featured_media":0,"parent":0,"menu_order":3,"comment_status":"closed","ping_status":"closed","template":"","meta":[],"_links":{"self":[{"href":"https:\/\/promociondeeventos.sld.cu\/ginecobs2013\/wp-json\/wp\/v2\/pages\/44"}],"collection":[{"href":"https:\/\/promociondeeventos.sld.cu\/ginecobs2013\/wp-json\/wp\/v2\/pages"}],"about":[{"href":"https:\/\/promociondeeventos.sld.cu\/ginecobs2013\/wp-json\/wp\/v2\/types\/page"}],"author":[{"embeddable":true,"href":"https:\/\/promociondeeventos.sld.cu\/ginecobs2013\/wp-json\/wp\/v2\/users\/44"}],"replies":[{"embeddable":true,"href":"https:\/\/promociondeeventos.sld.cu\/ginecobs2013\/wp-json\/wp\/v2\/comments?post=44"}],"version-history":[{"count":8,"href":"https:\/\/promociondeeventos.sld.cu\/ginecobs2013\/wp-json\/wp\/v2\/pages\/44\/revisions"}],"predecessor-version":[{"id":46,"href":"https:\/\/promociondeeventos.sld.cu\/ginecobs2013\/wp-json\/wp\/v2\/pages\/44\/revisions\/46"}],"wp:attachment":[{"href":"https:\/\/promociondeeventos.sld.cu\/ginecobs2013\/wp-json\/wp\/v2\/media?parent=44"}],"curies":[{"name":"wp","href":"https:\/\/api.w.org\/{rel}","templated":true}]}}