{"id":42,"date":"2012-09-09T10:11:27","date_gmt":"2012-09-09T15:11:27","guid":{"rendered":"http:\/\/promociondeeventos.sld.cu\/ginecobs2013\/?page_id=42"},"modified":"2015-05-07T13:07:11","modified_gmt":"2015-05-07T18:07:11","slug":"comite-de-honor","status":"publish","type":"page","link":"https:\/\/promociondeeventos.sld.cu\/ginecobs2013\/comite-de-honor\/","title":{"rendered":"Comit\u00e9 de honor"},"content":{"rendered":"<ul>\n<li><strong>Profesor Dr C Ubaldo Farnot Cardoso\u00a0\u00a0\u00a0\u00a0\u00a0\u00a0\u00a0 <\/strong><\/li>\n<li><strong>Profesor Orlando Rigol Ricardo<\/strong><\/li>\n<li><strong>Profesora <strong>MSc <\/strong>Sonia \u00c1guila Seti\u00e9n<\/strong><\/li>\n<li><strong>Profesor Dr C Jos\u00e9 A. Oliva Fern\u00e1ndez<\/strong><\/li>\n<li><strong>Profesora MSc Blanca Rosa Manzano Ovies<\/strong><\/li>\n<\/ul>\n","protected":false},"excerpt":{"rendered":"<p>Profesor Dr C Ubaldo Farnot Cardoso\u00a0\u00a0\u00a0\u00a0\u00a0\u00a0\u00a0 Profesor Orlando Rigol Ricardo Profesora MSc Sonia \u00c1guila Seti\u00e9n Profesor Dr C Jos\u00e9 A. Oliva Fern\u00e1ndez Profesora MSc Blanca Rosa Manzano Ovies<\/p>\n","protected":false},"author":44,"featured_media":0,"parent":0,"menu_order":5,"comment_status":"closed","ping_status":"closed","template":"","meta":[],"_links":{"self":[{"href":"https:\/\/promociondeeventos.sld.cu\/ginecobs2013\/wp-json\/wp\/v2\/pages\/42"}],"collection":[{"href":"https:\/\/promociondeeventos.sld.cu\/ginecobs2013\/wp-json\/wp\/v2\/pages"}],"about":[{"href":"https:\/\/promociondeeventos.sld.cu\/ginecobs2013\/wp-json\/wp\/v2\/types\/page"}],"author":[{"embeddable":true,"href":"https:\/\/promociondeeventos.sld.cu\/ginecobs2013\/wp-json\/wp\/v2\/users\/44"}],"replies":[{"embeddable":true,"href":"https:\/\/promociondeeventos.sld.cu\/ginecobs2013\/wp-json\/wp\/v2\/comments?post=42"}],"version-history":[{"count":5,"href":"https:\/\/promociondeeventos.sld.cu\/ginecobs2013\/wp-json\/wp\/v2\/pages\/42\/revisions"}],"predecessor-version":[{"id":300,"href":"https:\/\/promociondeeventos.sld.cu\/ginecobs2013\/wp-json\/wp\/v2\/pages\/42\/revisions\/300"}],"wp:attachment":[{"href":"https:\/\/promociondeeventos.sld.cu\/ginecobs2013\/wp-json\/wp\/v2\/media?parent=42"}],"curies":[{"name":"wp","href":"https:\/\/api.w.org\/{rel}","templated":true}]}}