{"id":301,"date":"2015-05-07T12:51:49","date_gmt":"2015-05-07T17:51:49","guid":{"rendered":"http:\/\/promociondeeventos.sld.cu\/ginecobs2013\/?page_id=301"},"modified":"2015-05-07T13:16:36","modified_gmt":"2015-05-07T18:16:36","slug":"auspician-2","status":"publish","type":"page","link":"https:\/\/promociondeeventos.sld.cu\/ginecobs2013\/auspician-2\/","title":{"rendered":"Auspician"},"content":{"rendered":"<p><b>Auspician:<\/b><\/p>\n<ul>\n<li>Consejo Nacional de Sociedades Cient\u00edficas de la Salud (CNSCS)<\/li>\n<li>Departamento Materno Infantil del Ministerio de Salud P\u00fablica&lt;<\/li>\n<li>Sociedad Cient\u00edfica Cubana para el Desarrollo de la Familia (SOCUDEF)<\/li>\n<li>Organizaci\u00f3n Panamericana de la Salud (OPS)<\/li>\n<li>Fondo de Poblaci\u00f3n de Naciones Unidas (UNFPA)<\/li>\n<li>Fondo de naciones Unidas para la Infancia (UNICEF)<\/li>\n<\/ul>\n","protected":false},"excerpt":{"rendered":"<p>Auspician: Consejo Nacional de Sociedades Cient\u00edficas de la Salud (CNSCS) Departamento Materno Infantil del Ministerio de Salud P\u00fablica&lt; Sociedad Cient\u00edfica Cubana para el Desarrollo de la Familia (SOCUDEF) Organizaci\u00f3n Panamericana de la Salud (OPS) Fondo de Poblaci\u00f3n de Naciones Unidas (UNFPA) Fondo de naciones Unidas para la Infancia (UNICEF)<\/p>\n","protected":false},"author":44,"featured_media":0,"parent":0,"menu_order":4,"comment_status":"closed","ping_status":"closed","template":"","meta":[],"_links":{"self":[{"href":"https:\/\/promociondeeventos.sld.cu\/ginecobs2013\/wp-json\/wp\/v2\/pages\/301"}],"collection":[{"href":"https:\/\/promociondeeventos.sld.cu\/ginecobs2013\/wp-json\/wp\/v2\/pages"}],"about":[{"href":"https:\/\/promociondeeventos.sld.cu\/ginecobs2013\/wp-json\/wp\/v2\/types\/page"}],"author":[{"embeddable":true,"href":"https:\/\/promociondeeventos.sld.cu\/ginecobs2013\/wp-json\/wp\/v2\/users\/44"}],"replies":[{"embeddable":true,"href":"https:\/\/promociondeeventos.sld.cu\/ginecobs2013\/wp-json\/wp\/v2\/comments?post=301"}],"version-history":[{"count":3,"href":"https:\/\/promociondeeventos.sld.cu\/ginecobs2013\/wp-json\/wp\/v2\/pages\/301\/revisions"}],"predecessor-version":[{"id":312,"href":"https:\/\/promociondeeventos.sld.cu\/ginecobs2013\/wp-json\/wp\/v2\/pages\/301\/revisions\/312"}],"wp:attachment":[{"href":"https:\/\/promociondeeventos.sld.cu\/ginecobs2013\/wp-json\/wp\/v2\/media?parent=301"}],"curies":[{"name":"wp","href":"https:\/\/api.w.org\/{rel}","templated":true}]}}