{"id":294,"date":"2015-05-06T11:27:32","date_gmt":"2015-05-06T16:27:32","guid":{"rendered":"http:\/\/promociondeeventos.sld.cu\/ginecobs2013\/?page_id=294"},"modified":"2015-05-07T13:13:37","modified_gmt":"2015-05-07T18:13:37","slug":"primer-anuncio","status":"publish","type":"page","link":"https:\/\/promociondeeventos.sld.cu\/ginecobs2013\/primer-anuncio\/","title":{"rendered":"Primer anuncio"},"content":{"rendered":"<p style=\"text-align: center\"><a href=\"http:\/\/promociondeeventos.sld.cu\/ginecobs2013\/files\/2015\/05\/logo-scog.jpg\"><img decoding=\"async\" loading=\"lazy\" class=\"alignnone size-medium wp-image-295\" alt=\"logo scog\" src=\"http:\/\/promociondeeventos.sld.cu\/ginecobs2013\/files\/2015\/05\/logo-scog.jpg\" width=\"109\" height=\"103\" \/><\/a><\/p>\n<p style=\"text-align: center\">\u00a0\u00a0\u00a0 <strong>PRIMER ANUNCIO<\/strong><\/p>\n<p style=\"text-align: center\">XVI CONGRESO DE LA SOCIEDAD CUBANA DE OBSTETRICIA Y GINECOLOG\u00cdA<\/p>\n<p style=\"text-align: center\">IX CONGRESO DE PERINATOLOG\u00cdA Y PLANIFICACI\u00d3N FAMILIAR<\/p>\n<p style=\"text-align: center\">VI CONGRESO DE GINECOLOG\u00cdA INFANTO\u2013JUVENIL Y SALUD REPRODUCTIVA DEL ADOLESCENTE<\/p>\n<p style=\"text-align: center\">VI CONGRESO DE CLIMATERIO Y MENOPAUSIA<\/p>\n<p style=\"text-align: center\">VI CONGRESO DE ULTRASONOGRAF\u00cdA EN OBSTETRICIA Y GINECOLOG\u00cdA<\/p>\n<p style=\"text-align: center\">V CONGRESO DE PATOLOG\u00cdA DEL TRACTO GENITAL INFERIOR Y COLPOSCOPIA<\/p>\n<p style=\"text-align: center\">Fecha: 4 AL 7 DE OCTUBRE DE 2016<\/p>\n<p style=\"text-align: center\">PALACIO DE CONVENCIONES DE LA HABANA<\/p>\n","protected":false},"excerpt":{"rendered":"<p>\u00a0\u00a0\u00a0 PRIMER ANUNCIO XVI CONGRESO DE LA SOCIEDAD CUBANA DE OBSTETRICIA Y GINECOLOG\u00cdA IX CONGRESO DE PERINATOLOG\u00cdA Y PLANIFICACI\u00d3N FAMILIAR VI CONGRESO DE GINECOLOG\u00cdA INFANTO\u2013JUVENIL Y SALUD REPRODUCTIVA DEL ADOLESCENTE VI CONGRESO DE CLIMATERIO Y MENOPAUSIA VI CONGRESO DE ULTRASONOGRAF\u00cdA EN OBSTETRICIA Y GINECOLOG\u00cdA V CONGRESO DE PATOLOG\u00cdA DEL TRACTO GENITAL INFERIOR Y COLPOSCOPIA Fecha: [&hellip;]<\/p>\n","protected":false},"author":44,"featured_media":0,"parent":0,"menu_order":1,"comment_status":"closed","ping_status":"closed","template":"","meta":[],"_links":{"self":[{"href":"https:\/\/promociondeeventos.sld.cu\/ginecobs2013\/wp-json\/wp\/v2\/pages\/294"}],"collection":[{"href":"https:\/\/promociondeeventos.sld.cu\/ginecobs2013\/wp-json\/wp\/v2\/pages"}],"about":[{"href":"https:\/\/promociondeeventos.sld.cu\/ginecobs2013\/wp-json\/wp\/v2\/types\/page"}],"author":[{"embeddable":true,"href":"https:\/\/promociondeeventos.sld.cu\/ginecobs2013\/wp-json\/wp\/v2\/users\/44"}],"replies":[{"embeddable":true,"href":"https:\/\/promociondeeventos.sld.cu\/ginecobs2013\/wp-json\/wp\/v2\/comments?post=294"}],"version-history":[{"count":3,"href":"https:\/\/promociondeeventos.sld.cu\/ginecobs2013\/wp-json\/wp\/v2\/pages\/294\/revisions"}],"predecessor-version":[{"id":307,"href":"https:\/\/promociondeeventos.sld.cu\/ginecobs2013\/wp-json\/wp\/v2\/pages\/294\/revisions\/307"}],"wp:attachment":[{"href":"https:\/\/promociondeeventos.sld.cu\/ginecobs2013\/wp-json\/wp\/v2\/media?parent=294"}],"curies":[{"name":"wp","href":"https:\/\/api.w.org\/{rel}","templated":true}]}}