{"id":129,"date":"2012-09-18T10:52:22","date_gmt":"2012-09-18T15:52:22","guid":{"rendered":"http:\/\/promociondeeventos.sld.cu\/ginecobs2013\/cursos-precongreso\/progresos-en-perinatologia\/"},"modified":"2014-04-20T14:25:43","modified_gmt":"2014-04-20T19:25:43","slug":"progresos-en-perinatologia","status":"publish","type":"page","link":"https:\/\/promociondeeventos.sld.cu\/ginecobs2013\/cursos-precongreso\/progresos-en-perinatologia\/","title":{"rendered":"Progresos en Perinatolog\u00eda"},"content":{"rendered":"<p><strong><img decoding=\"async\" loading=\"lazy\" class=\"alignleft size-full wp-image-162\" style=\"margin: 5px; border: 0px;\" alt=\"atencionrn\" src=\"http:\/\/promociondeeventos.sld.cu\/ginecobs2013\/files\/2012\/09\/atencionrn.jpg\" width=\"104\" height=\"85\" \/>Tema central:<\/strong> Medicina materno fetal y perinatal<\/p>\n<p><strong>Coordinador:<\/strong> <a href=\"mailto:danilon@medired.scu.sld.cu\">Dr. C Danilo N\u00e1poles M\u00e9ndez<\/a><br \/>\n<strong><br \/>\nSede:<\/strong> Hospital universitario ginecobst\u00e9trico Am\u00e9rica Arias<br \/>\n<strong><br \/>\nPlazas:<\/strong> 50<\/p>\n<p><strong>Contenido tem\u00e1tico:<\/strong><\/p>\n<p>&#8211; Nuevos protocolos de atenci\u00f3n al periparto<br \/>\n&#8211; La operaci\u00f3n ces\u00e1rea. Un problema de Salud. Consideraciones actuales<br \/>\n&#8211; Cirug\u00eda obst\u00e9trica. C\u00f3digo rojo y tiempos de la emergencia<br \/>\n&#8211; Preeclampsia. Nuevos conceptos fisiopatol\u00f3gicos, de diagn\u00f3stico y tratamiento<br \/>\n&#8211; S\u00edndrome de infecci\u00f3n del l\u00edquido amni\u00f3tico. S\u00edndrome de respuesta inflamatoria fetal (FIRS). Interrelaci\u00f3n fisiopatol\u00f3gica con otras entidades. Impacto perinatal.<br \/>\n&#8211; Bienestar fetal anteparto e intraparto. Actualizaci\u00f3n.<br \/>\n&#8211; Doppler en Obstetricia<br \/>\n&#8211; Implicaciones neonatales de la asfixia perinatal.<\/p>\n<p><strong>Colectivo de profesores:<\/strong><\/p>\n<p>Dr. C Danilo N\u00e1poles M\u00e9ndez, Dr. Juan V\u00e1zquez Cabrera,\u00a0Dra. Mercedes Piloto Padr\u00f3n, Dr C. Fernando Dom\u00ednguez Dieppa, Dr. Alfredo Nodarse, Dr. Ariel Karolinski<\/p>\n","protected":false},"excerpt":{"rendered":"<p>Tema central: Medicina materno fetal y perinatal Coordinador: Dr. C Danilo N\u00e1poles M\u00e9ndez Sede: Hospital universitario ginecobst\u00e9trico Am\u00e9rica Arias Plazas: 50 Contenido tem\u00e1tico: &#8211; Nuevos protocolos de atenci\u00f3n al periparto &#8211; La operaci\u00f3n ces\u00e1rea. Un problema de Salud. Consideraciones actuales &#8211; Cirug\u00eda obst\u00e9trica. C\u00f3digo rojo y tiempos de la emergencia &#8211; Preeclampsia. Nuevos conceptos fisiopatol\u00f3gicos, [&hellip;]<\/p>\n","protected":false},"author":44,"featured_media":0,"parent":52,"menu_order":5,"comment_status":"closed","ping_status":"closed","template":"","meta":[],"_links":{"self":[{"href":"https:\/\/promociondeeventos.sld.cu\/ginecobs2013\/wp-json\/wp\/v2\/pages\/129"}],"collection":[{"href":"https:\/\/promociondeeventos.sld.cu\/ginecobs2013\/wp-json\/wp\/v2\/pages"}],"about":[{"href":"https:\/\/promociondeeventos.sld.cu\/ginecobs2013\/wp-json\/wp\/v2\/types\/page"}],"author":[{"embeddable":true,"href":"https:\/\/promociondeeventos.sld.cu\/ginecobs2013\/wp-json\/wp\/v2\/users\/44"}],"replies":[{"embeddable":true,"href":"https:\/\/promociondeeventos.sld.cu\/ginecobs2013\/wp-json\/wp\/v2\/comments?post=129"}],"version-history":[{"count":12,"href":"https:\/\/promociondeeventos.sld.cu\/ginecobs2013\/wp-json\/wp\/v2\/pages\/129\/revisions"}],"predecessor-version":[{"id":274,"href":"https:\/\/promociondeeventos.sld.cu\/ginecobs2013\/wp-json\/wp\/v2\/pages\/129\/revisions\/274"}],"up":[{"embeddable":true,"href":"https:\/\/promociondeeventos.sld.cu\/ginecobs2013\/wp-json\/wp\/v2\/pages\/52"}],"wp:attachment":[{"href":"https:\/\/promociondeeventos.sld.cu\/ginecobs2013\/wp-json\/wp\/v2\/media?parent=129"}],"curies":[{"name":"wp","href":"https:\/\/api.w.org\/{rel}","templated":true}]}}