{"id":86,"date":"2024-01-22T22:07:59","date_gmt":"2024-01-22T22:07:59","guid":{"rendered":"https:\/\/promociondeeventos.sld.cu\/genmay2024\/?page_id=86"},"modified":"2024-02-29T04:08:21","modified_gmt":"2024-02-29T04:08:21","slug":"programa-general","status":"publish","type":"page","link":"https:\/\/promociondeeventos.sld.cu\/genmay2024\/programa-general\/","title":{"rendered":"Programa General"},"content":{"rendered":"<p><strong>V JORNADA CIENT\u00cdFICA PROVINCIAL DE GEN\u00c9TICA M\u00c9DICA <\/strong><\/p>\n<p><strong>MAYABEQUE 2024<\/strong><\/p>\n<p style=\"text-align: center\"><strong>GenMay 2024<\/strong><\/p>\n<p>&nbsp;<\/p>\n<p style=\"text-align: center\"><strong>PROGRAMA DEL EVENTO PRESENCIAL<\/strong><\/p>\n<p><strong>Fecha: 22 de febrero del 2024<\/strong><\/p>\n<p><strong>Sede: Facultad de Ciencias M\u00e9dicas de Mayabeque <\/strong><\/p>\n<p><strong>Lugar: Teatro Central <\/strong><\/p>\n<p>&nbsp;<\/p>\n<p>8:30 am. \u00a0\u00a0\u00a0\u00a0\u00a0 Acreditaci\u00f3n y C\u00f3ctel de Bienvenida<\/p>\n<p>9:00 am. \u00a0\u00a0\u00a0\u00a0\u00a0 Inauguraci\u00f3n del evento<\/p>\n<p>9.15 am. \u00a0\u00a0\u00a0\u00a0\u00a0 Conferencia Magistral. Enfermedades raras o poco frecuentes. Desaf\u00edos de la dismorfolog\u00eda. Dra. Estela Morales Peralta, Dra.C.<\/p>\n<p>10.00 am. \u00a0\u00a0\u00a0 Panel de expertos: Enfermedades raras o poco frecuentes.\u00a0 Retos y oportunidades en la era gen\u00f3mica.<\/p>\n<ul>\n<li style=\"list-style-type: none\">\n<ul>\n<li style=\"list-style-type: none\">\n<ul>\n<li>Dr. Daniel Quintana Hern\u00e1ndez, Dr.C.<\/li>\n<li>Dr. Asney D\u00edaz S\u00e1nchez, MsC.<\/li>\n<li>Lic. Enny Morales Rodr\u00edguez, Dr.C.<\/li>\n<li>Lic. Tatiana Acosta S\u00e1nchez, Dr.C.<\/li>\n<li>Dra. Iris Andrea Rojas Betancourt, Dr.C.<\/li>\n<\/ul>\n<\/li>\n<\/ul>\n<\/li>\n<\/ul>\n<p>11:45 am. \u00a0\u00a0\u00a0 Coffee Bread<\/p>\n<p>12:00\u00a0 pm. Conferencia: Enfermedades gen\u00e9ticas de baja frecuencia. Un acercamiento a su epidemiolog\u00eda en Cuba. Dra. Yudelkys Ben\u00edtez Cordero, Msc.<\/p>\n<p>12:45 pm\u00a0\u00a0\u00a0\u00a0\u00a0 Presentaciones Orales<\/p>\n<ul>\n<li style=\"list-style-type: none\">\n<ul>\n<li style=\"list-style-type: none\">\n<ul>\n<li>Factores predictivos para la detecci\u00f3n de aberraciones cromos\u00f3micas fetales en gestantes de riesgo. Mayabeque, 2011- 2022. Autora: Dra. Yanisbell Fajardo Pe\u00f1a, MsC.<\/li>\n<li>\u00cdndice de fragmentaci\u00f3n esperm\u00e1tica y respuesta a terapia antioxidante en hombres inf\u00e9rtiles de Mayabeque. Autora: Dra. Yiselt Ruiz Gonz\u00e1lez.<\/li>\n<li>Abordaje psicol\u00f3gico de hombres inf\u00e9rtiles con fragmentaci\u00f3n elevada del ADN esperm\u00e1tico.\u00a0 Autora: Lic. Ainadys Herrera Luis, MsC.<\/li>\n<\/ul>\n<\/li>\n<\/ul>\n<\/li>\n<\/ul>\n<p>1:30 pm. \u00a0\u00a0\u00a0\u00a0\u00a0 Clausura de sesi\u00f3n cient\u00edfica<\/p>\n<p>1:35 pm. \u00a0\u00a0\u00a0\u00a0\u00a0 Reuni\u00f3n de la Sociedad Cubana de Gen\u00e9tica Humana.<\/p>\n<p>Creaci\u00f3n del Cap\u00edtulo Provincial de la SOCUGEN Mayabeque.<\/p>\n<p>2:00 pm. \u00a0\u00a0\u00a0\u00a0\u00a0 Brindis y Almuerzo<\/p>\n<p>&nbsp;<\/p>\n<p><strong>PROGRAMA DEL EVENTO VIRTUAL<\/strong><\/p>\n<p><strong>\u00a0<\/strong><\/p>\n<p><strong>Fecha: 29 de febrero del 2024<\/strong><\/p>\n<p><strong>Sede: Facultad de Ciencias M\u00e9dicas de Mayabeque <\/strong><\/p>\n<p><strong>Horario: 9:00 am \u2013 5:00 pm<\/strong><\/p>\n<p><strong>Plataforma: <a href=\"https:\/\/cencomed.sld.cu\/servicio\/videoconferencia\/\">Servicios de Videoconferencia de Cencomed<\/a> <\/strong><\/p>\n<p><strong>\u00a0<\/strong><\/p>\n<p><strong>CONFERENCIA DE APERTURA<\/strong><\/p>\n<ul>\n<li><strong>El binomio Genetista Cl\u00ednico \u2013 Asesor Gen\u00e9tico en la prevenci\u00f3n de las enfermedades raras. Dr.C. Paulina Araceli Lantigua Cruz <\/strong><em>(Profesora Titular y Consultante de la UCM-H. Investigadora Titular. Centro Nacional de Gen\u00e9tica M\u00e9dica)<\/em><\/li>\n<\/ul>\n<p><strong>\u00a0<\/strong><\/p>\n<p><strong>DISCUSI\u00d3N DE TRABAJOS<br \/>\n<\/strong><\/p>\n<table style=\"width: 87.3576%;height: 5687px\" width=\"332\">\n<tbody>\n<tr>\n<td style=\"width: 10.6965%\" width=\"83\"><span style=\"font-size: 10pt\">#\u00a0<\/span><\/td>\n<td style=\"width: 41.2935%\" width=\"83\"><span style=\"font-size: 10pt\">TITULO DEL TRABAJO<\/span><\/td>\n<td style=\"width: 28.8391%\" width=\"83\"><span style=\"font-size: 10pt\">AUTOR PRINCIPAL<\/span><\/td>\n<td style=\"width: 16.1858%\" width=\"83\"><span style=\"font-size: 10pt\">PROVINCIA<\/span><\/td>\n<\/tr>\n<tr>\n<td style=\"width: 10.6965%\"><span style=\"font-size: 10pt\">1<\/span><\/td>\n<td style=\"width: 41.2935%\"><span style=\"font-size: 10pt\">Bases gen\u00e9ticas y perspectivas terap\u00e9uticas en la Agammaglobulinemia ligada al X o enfermedad de Bruton\u00a0<\/span><\/td>\n<td style=\"width: 28.8391%\"><span style=\"font-size: 10pt\">Julio Israel Hern\u00e1ndez Pacheco<\/span><\/td>\n<td style=\"width: 16.1858%\"><span style=\"font-size: 10pt\">PR<\/span><\/td>\n<\/tr>\n<tr>\n<td style=\"width: 10.6965%\"><span style=\"font-size: 10pt\">2<\/span><\/td>\n<td style=\"width: 41.2935%\"><span style=\"font-size: 10pt\">Caracterizaci\u00f3n del fenotipo cl\u00ednico de cinco tipos de defectos cong\u00e9nitos folato-sensibles en Villa Clara<\/span><\/td>\n<td style=\"width: 28.8391%\"><span style=\"font-size: 10pt\">Noel Taboada Lugo<\/span><\/td>\n<td style=\"width: 16.1858%\"><span style=\"font-size: 10pt\">VC<\/span><\/td>\n<\/tr>\n<tr>\n<td style=\"width: 10.6965%\"><span style=\"font-size: 10pt\">3<\/span><\/td>\n<td style=\"width: 41.2935%\"><span style=\"font-size: 10pt\">Prevalencia de cinco tipos de defectos cong\u00e9nitos folato-sensibles seg\u00fan destino del producto en la provincia de Villa Clara.\u00a0<\/span><\/td>\n<td style=\"width: 28.8391%\"><span style=\"font-size: 10pt\">Noel Taboada Lugo<\/span><\/td>\n<td style=\"width: 16.1858%\"><span style=\"font-size: 10pt\">VC<\/span><\/td>\n<\/tr>\n<tr>\n<td style=\"width: 10.6965%\"><span style=\"font-size: 10pt\">4<\/span><\/td>\n<td style=\"width: 41.2935%\"><span style=\"font-size: 10pt\">Diagn\u00f3stico citogen\u00e9tico molecular del S\u00edndrome Kallman<\/span><\/td>\n<td style=\"width: 28.8391%\"><span style=\"font-size: 10pt\">Anduri\u00f1a Barrios Mart\u00ednez<\/span><\/td>\n<td style=\"width: 16.1858%\"><span style=\"font-size: 10pt\">HAB<\/span><\/td>\n<\/tr>\n<tr>\n<td style=\"width: 10.6965%\" width=\"83\"><span style=\"font-size: 10pt\">5<\/span><\/td>\n<td style=\"width: 41.2935%\" width=\"83\"><span style=\"font-size: 10pt\">Aberraciones cromos\u00f3micas en tejidos s\u00f3lidos\u00a0<\/span><\/td>\n<td style=\"width: 28.8391%\" width=\"83\"><span style=\"font-size: 10pt\">Marilyn del Sol Gonz\u00e1lez<\/span><\/td>\n<td style=\"width: 16.1858%\"><span style=\"font-size: 10pt\">HAB<\/span><\/td>\n<\/tr>\n<tr>\n<td style=\"width: 10.6965%\"><span style=\"font-size: 10pt\">6<\/span><\/td>\n<td style=\"width: 41.2935%\"><span style=\"font-size: 10pt\">Edad materna adolescente como factor de riesgo en el diagn\u00f3stico prenatal citogen\u00e9tico<\/span><\/td>\n<td style=\"width: 28.8391%\"><span style=\"font-size: 10pt\">Arlay Castelv\u00ed L\u00f3pez<\/span><\/td>\n<td style=\"width: 16.1858%\"><span style=\"font-size: 10pt\">HAB<\/span><\/td>\n<\/tr>\n<tr>\n<td style=\"width: 10.6965%\"><span style=\"font-size: 10pt\">7<\/span><\/td>\n<td style=\"width: 41.2935%\"><span style=\"font-size: 10pt\">Criptoftalmos bilateral. Abordaje de los aspectos psicol\u00f3gicos en un adolescente durante el asesoramiento gen\u00e9tico<\/span><\/td>\n<td style=\"width: 28.8391%\"><span style=\"font-size: 10pt\">Daniel Quintana Hern\u00e1ndez<\/span><\/td>\n<td style=\"width: 16.1858%\"><span style=\"font-size: 10pt\">MYB<\/span><\/td>\n<\/tr>\n<tr>\n<td style=\"width: 10.6965%\"><span style=\"font-size: 10pt\">8<\/span><\/td>\n<td style=\"width: 41.2935%\"><span style=\"font-size: 10pt\">Cornelia de Lange. Correlaci\u00f3n del diagn\u00f3stico ecogr\u00e1fico prenatal y estudio anatomopatol\u00f3gico. Presentaci\u00f3n de un caso<\/span><\/td>\n<td style=\"width: 28.8391%\"><span style=\"font-size: 10pt\">Yanisbell Fajardo Pe\u00f1a<\/span><\/td>\n<td style=\"width: 16.1858%\"><span style=\"font-size: 10pt\">HAB<\/span><\/td>\n<\/tr>\n<tr>\n<td style=\"width: 10.6965%\"><span style=\"font-size: 10pt\">9<\/span><\/td>\n<td style=\"width: 41.2935%\"><span style=\"font-size: 10pt\">Diagn\u00f3stico prenatal de linfedema cong\u00e9nito bilateral de miembros inferiores tipo Milroy. Presentaci\u00f3n de caso<\/span><\/td>\n<td style=\"width: 28.8391%\"><span style=\"font-size: 10pt\">Daniel Quintana Hern\u00e1ndez<\/span><\/td>\n<td style=\"width: 16.1858%\"><span style=\"font-size: 10pt\">MYB<\/span><\/td>\n<\/tr>\n<tr>\n<td style=\"width: 10.6965%\"><span style=\"font-size: 10pt\">10<\/span><\/td>\n<td style=\"width: 41.2935%\"><span style=\"font-size: 10pt\">Paciente afrodescendiente con diagn\u00f3stico sugestivo de Xeroderma Pigmentosum y marcadores bioqu\u00edmicos normales de la enfermedad<\/span><\/td>\n<td style=\"width: 28.8391%\"><span style=\"font-size: 10pt\">Judith Beatriz Pupo-Balboa<\/span><\/td>\n<td style=\"width: 16.1858%\"><span style=\"font-size: 10pt\">HAB<\/span><\/td>\n<\/tr>\n<tr>\n<td style=\"width: 10.6965%\"><span style=\"font-size: 10pt\">11<\/span><\/td>\n<td style=\"width: 41.2935%\"><span style=\"font-size: 10pt\">Estudio citogen\u00e9tico convencional de 112 pacientes con sospecha de S\u00edndrome Prader Willi<\/span><\/td>\n<td style=\"width: 28.8391%\"><span style=\"font-size: 10pt\">Marilyn del Sol Gonz\u00e1lez<\/span><\/td>\n<td style=\"width: 16.1858%\"><span style=\"font-size: 10pt\">HAB<\/span><\/td>\n<\/tr>\n<tr>\n<td style=\"width: 10.6965%\"><span style=\"font-size: 10pt\">12<\/span><\/td>\n<td style=\"width: 41.2935%\"><span style=\"font-size: 10pt\">Neurosonograf\u00eda avanzada en el diagn\u00f3stico prenatal de defectos cong\u00e9nitos del sistema nervioso central. Cuba, 2020-2022<\/span><\/td>\n<td style=\"width: 28.8391%\"><span style=\"font-size: 10pt\">Nelvis Delgado Zayas<\/span><\/td>\n<td style=\"width: 16.1858%\"><span style=\"font-size: 10pt\">HAB<\/span><\/td>\n<\/tr>\n<tr>\n<td style=\"width: 10.6965%\"><span style=\"font-size: 10pt\">13<\/span><\/td>\n<td style=\"width: 41.2935%\"><span style=\"font-size: 10pt\">Agentes ambientales prenatales en pacientes con fisura labiopalatina del Hospital William Soler\u00a0<\/span><\/td>\n<td style=\"width: 28.8391%\"><span style=\"font-size: 10pt\">Julio Valcarcel Llerandi<\/span><\/td>\n<td style=\"width: 16.1858%\"><span style=\"font-size: 10pt\">HAB<\/span><\/td>\n<\/tr>\n<tr>\n<td style=\"width: 10.6965%\"><span style=\"font-size: 10pt\">14<\/span><\/td>\n<td style=\"width: 41.2935%\"><span style=\"font-size: 10pt\">Distribuci\u00f3n espacial y estacionalidad de defectos cong\u00e9nitos mayores en Villa Clara. 2010-2022<\/span><\/td>\n<td style=\"width: 28.8391%\"><span style=\"font-size: 10pt\">Liset Caridad Lara O&#8217;Farrill<\/span><\/td>\n<td style=\"width: 16.1858%\"><span style=\"font-size: 10pt\">VC<\/span><\/td>\n<\/tr>\n<tr>\n<td style=\"width: 10.6965%\"><span style=\"font-size: 10pt\">15<\/span><\/td>\n<td style=\"width: 41.2935%\"><span style=\"font-size: 10pt\">Ictiosis cong\u00e9nita severa tipo Arlequ\u00edn. Presentaci\u00f3n de caso cl\u00ednico<\/span><\/td>\n<td style=\"width: 28.8391%\"><span style=\"font-size: 10pt\">Juan Carlos Perdomo Arri\u00e9n<\/span><\/td>\n<td style=\"width: 16.1858%\"><span style=\"font-size: 10pt\">MAT\u00a0<\/span><\/td>\n<\/tr>\n<tr>\n<td style=\"width: 10.6965%\"><span style=\"font-size: 10pt\">16<\/span><\/td>\n<td style=\"width: 41.2935%\"><span style=\"font-size: 10pt\">Hiperglicinemia no cet\u00f3sica de presentaci\u00f3n at\u00edpica. Presentac\u00edon de caso<\/span><\/td>\n<td style=\"width: 28.8391%\"><span style=\"font-size: 10pt\">F\u00e9lix Ramiro Rodr\u00edguez Aranega<\/span><\/td>\n<td style=\"width: 16.1858%\"><span style=\"font-size: 10pt\">MYB<\/span><\/td>\n<\/tr>\n<tr>\n<td style=\"width: 10.6965%\"><span style=\"font-size: 10pt\">17<\/span><\/td>\n<td style=\"width: 41.2935%\"><span style=\"font-size: 10pt\">Displasia Tanatoforica a prop\u00f3sito de un caso<\/span><\/td>\n<td style=\"width: 28.8391%\"><span style=\"font-size: 10pt\">Karina Kemell Mart\u00ednez<\/span><\/td>\n<td style=\"width: 16.1858%\"><span style=\"font-size: 10pt\">HAB<\/span><\/td>\n<\/tr>\n<tr>\n<td style=\"width: 10.6965%\"><span style=\"font-size: 10pt\">18<\/span><\/td>\n<td style=\"width: 41.2935%\"><span style=\"font-size: 10pt\">Polisom\u00edas del X. Presentaci\u00f3n de caso.<\/span><\/td>\n<td style=\"width: 28.8391%\"><span style=\"font-size: 10pt\">Carmen Mar\u00eda Chiong Quesada<\/span><\/td>\n<td style=\"width: 16.1858%\"><span style=\"font-size: 10pt\">CMG<\/span><\/td>\n<\/tr>\n<tr>\n<td style=\"width: 10.6965%\"><span style=\"font-size: 10pt\">19<\/span><\/td>\n<td style=\"width: 41.2935%\"><span style=\"font-size: 10pt\">S\u00edndrome poliglandular asociado a Adrenoleucodistrofia ligada al X<\/span><\/td>\n<td style=\"width: 28.8391%\"><span style=\"font-size: 10pt\">Asney D\u00edaz S\u00e1nchez<\/span><\/td>\n<td style=\"width: 16.1858%\"><span style=\"font-size: 10pt\">HAB<\/span><\/td>\n<\/tr>\n<tr>\n<td style=\"width: 10.6965%\"><span style=\"font-size: 10pt\">20<\/span><\/td>\n<td style=\"width: 41.2935%\"><span style=\"font-size: 10pt\">Caracterizaci\u00f3n cl\u00ednica y respuesta al tratamiento en un paciente con Oftalmopelj\u00eda Externa Progresiva Cr\u00f3nica<\/span><\/td>\n<td style=\"width: 28.8391%\"><span style=\"font-size: 10pt\">Yelena Pereira Perera\u00a0<\/span><\/td>\n<td style=\"width: 16.1858%\"><span style=\"font-size: 10pt\">HAB<\/span><\/td>\n<\/tr>\n<tr>\n<td style=\"width: 10.6965%\"><span style=\"font-size: 10pt\">21<\/span><\/td>\n<td style=\"width: 41.2935%\"><span style=\"font-size: 10pt\">Impacto de las enfermedades raras en la din\u00e1mica familiar<\/span><\/td>\n<td style=\"width: 28.8391%\"><span style=\"font-size: 10pt\">Osnaimy Echazabal Rodr\u00edguez<\/span><\/td>\n<td style=\"width: 16.1858%\"><span style=\"font-size: 10pt\">MYB<\/span><\/td>\n<\/tr>\n<tr>\n<td style=\"width: 10.6965%\"><span style=\"font-size: 10pt\">22<\/span><\/td>\n<td style=\"width: 41.2935%\"><span style=\"font-size: 10pt\">Hemofilia B severa. Reporte de caso<\/span><\/td>\n<td style=\"width: 28.8391%\"><span style=\"font-size: 10pt\">Lyliana P\u00e9rez Rodr\u00edguez<\/span><\/td>\n<td style=\"width: 16.1858%\"><span style=\"font-size: 10pt\">MYB<\/span><\/td>\n<\/tr>\n<tr>\n<td style=\"width: 10.6965%\"><span style=\"font-size: 10pt\">23<\/span><\/td>\n<td style=\"width: 41.2935%\"><span style=\"font-size: 10pt\">Histidinemia. Reporte de caso.<\/span><\/td>\n<td style=\"width: 28.8391%\"><span style=\"font-size: 10pt\">Dayami Dorta Garc\u00edas<\/span><\/td>\n<td style=\"width: 16.1858%\"><span style=\"font-size: 10pt\">MYB<\/span><\/td>\n<\/tr>\n<tr>\n<td style=\"width: 10.6965%\"><span style=\"font-size: 10pt\">24<\/span><\/td>\n<td style=\"width: 41.2935%\"><span style=\"font-size: 10pt\">Diagn\u00f3stico prenatal de displasia craneofrontonasal ligada al cromosoma X. Presentaci\u00f3n de un caso.\u00a0<\/span><\/td>\n<td style=\"width: 28.8391%\"><span style=\"font-size: 10pt\">Daniel Quintana Hern\u00e1ndez<\/span><\/td>\n<td style=\"width: 16.1858%\"><span style=\"font-size: 10pt\">MYB<\/span><\/td>\n<\/tr>\n<tr>\n<td style=\"width: 10.6965%\"><span style=\"font-size: 10pt\">25<\/span><\/td>\n<td style=\"width: 41.2935%\"><span style=\"font-size: 10pt\">S\u00edndrome de Stickler. Diagn\u00f3stico y seguimiento de un caso.\u00a0\u00a0\u00a0\u00a0<\/span><\/td>\n<td style=\"width: 28.8391%\"><span style=\"font-size: 10pt\">Yunia Maria Cardo de Armas<\/span><\/td>\n<td style=\"width: 16.1858%\"><span style=\"font-size: 10pt\">MYB<\/span><\/td>\n<\/tr>\n<tr>\n<td style=\"width: 10.6965%\"><span style=\"font-size: 10pt\">26<\/span><\/td>\n<td style=\"width: 41.2935%\"><span style=\"font-size: 10pt\">El S\u00edndrome de Marfan. S\u00edntomas. Diagn\u00f3stico y Tratamiento<\/span><\/td>\n<td style=\"width: 28.8391%\"><span style=\"font-size: 10pt\">Anelis G\u00f3mez Hern\u00e1ndez<\/span><\/td>\n<td style=\"width: 16.1858%\"><span style=\"font-size: 10pt\">GRAN<\/span><\/td>\n<\/tr>\n<tr>\n<td style=\"width: 10.6965%\"><span style=\"font-size: 10pt\">27<\/span><\/td>\n<td style=\"width: 41.2935%\"><span style=\"font-size: 10pt\">Enfermedad de Werdnig Hoffmann. Presentaci\u00f3n de un caso<\/span><\/td>\n<td style=\"width: 28.8391%\"><span style=\"font-size: 10pt\">Niurka Mirabal M\u00e9ndez<\/span><\/td>\n<td style=\"width: 16.1858%\"><span style=\"font-size: 10pt\">MYB<\/span><\/td>\n<\/tr>\n<tr>\n<td style=\"width: 10.6965%\"><span style=\"font-size: 10pt\">28<\/span><\/td>\n<td style=\"width: 41.2935%\"><span style=\"font-size: 10pt\">Serie de casos con sospecha prenatal de enfermedades gen\u00e9ticas monog\u00e9nicas poco frecuentes<\/span><\/td>\n<td style=\"width: 28.8391%\"><span style=\"font-size: 10pt\">Maidalys Bravo Ram\u00edrez.<\/span><\/td>\n<td style=\"width: 16.1858%\"><span style=\"font-size: 10pt\">HAB<\/span><\/td>\n<\/tr>\n<tr>\n<td style=\"width: 10.6965%\"><span style=\"font-size: 10pt\">29<\/span><\/td>\n<td style=\"width: 41.2935%\"><span style=\"font-size: 10pt\">S\u00edndrome de Meckel-Gruber. Diagn\u00f3stico prenatal.\u00a0<\/span><\/td>\n<td style=\"width: 28.8391%\"><span style=\"font-size: 10pt\">Mar\u00eda Eugenia Dom\u00ednguez P\u00e9rez<\/span><\/td>\n<td style=\"width: 16.1858%\"><span style=\"font-size: 10pt\">MTZ<\/span><\/td>\n<\/tr>\n<tr>\n<td style=\"width: 10.6965%\"><span style=\"font-size: 10pt\">30<\/span><\/td>\n<td style=\"width: 41.2935%\"><span style=\"font-size: 10pt\">Incontinencia pigmenti. Revisi\u00f3n bibliogr\u00e1fica\u00a0\u00a0\u00a0<\/span><\/td>\n<td style=\"width: 28.8391%\"><span style=\"font-size: 10pt\">Evangelina Enr\u00edquez Montes de Oca<\/span><\/td>\n<td style=\"width: 16.1858%\"><span style=\"font-size: 10pt\">MYB<\/span><\/td>\n<\/tr>\n<tr>\n<td style=\"width: 10.6965%\"><span style=\"font-size: 10pt\">31<\/span><\/td>\n<td style=\"width: 41.2935%\"><span style=\"font-size: 10pt\">Riesgo gen\u00e9tico incrementado por consumo de alcohol en gestantes de un \u00e1rea de salud<\/span><\/td>\n<td style=\"width: 28.8391%\"><span style=\"font-size: 10pt\">Keny Alfonso D\u00edaz<\/span><\/td>\n<td style=\"width: 16.1858%\"><span style=\"font-size: 10pt\">HAB<\/span><\/td>\n<\/tr>\n<tr>\n<td style=\"width: 10.6965%\"><span style=\"font-size: 10pt\">32<\/span><\/td>\n<td style=\"width: 41.2935%\"><span style=\"font-size: 10pt\">Ante una leucodermia neonatal rara pensar en piebaldismo. A prop\u00f3sito de un caso.<\/span><\/td>\n<td style=\"width: 28.8391%\"><span style=\"font-size: 10pt\">Mabel Gonz\u00e1lez Escudero<\/span><\/td>\n<td style=\"width: 16.1858%\"><span style=\"font-size: 10pt\">VC<\/span><\/td>\n<\/tr>\n<tr>\n<td style=\"width: 10.6965%\"><span style=\"font-size: 10pt\">33<\/span><\/td>\n<td style=\"width: 41.2935%\"><span style=\"font-size: 10pt\">Diagn\u00f3stico y seguimiento del S\u00edndrome Beckwith- Wiedemann. Presentaci\u00f3n de caso<\/span><\/td>\n<td style=\"width: 28.8391%\"><span style=\"font-size: 10pt\">Eroilda Fuentes Guti\u00e9rrez<\/span><\/td>\n<td style=\"width: 16.1858%\"><span style=\"font-size: 10pt\">MYB<\/span><\/td>\n<\/tr>\n<tr>\n<td style=\"width: 10.6965%\"><span style=\"font-size: 10pt\">34<\/span><\/td>\n<td style=\"width: 41.2935%\"><span style=\"font-size: 10pt\">Manejo familiar &amp; riesgo gen\u00e9tico incrementado prenatalmente.<\/span><\/td>\n<td style=\"width: 28.8391%\"><span style=\"font-size: 10pt\">Damaris Rizo L\u00f3pez\u00a0<\/span><\/td>\n<td style=\"width: 16.1858%\"><span style=\"font-size: 10pt\">HAB<\/span><\/td>\n<\/tr>\n<tr>\n<td style=\"width: 10.6965%\"><span style=\"font-size: 10pt\">35<\/span><\/td>\n<td style=\"width: 41.2935%\"><span style=\"font-size: 10pt\">Prevalencia al nacimiento y Frecuencia ajustada de los Defectos Cong\u00e9nitos en la Habana. 2017-2021.<\/span><\/td>\n<td style=\"width: 28.8391%\"><span style=\"font-size: 10pt\">Aicha J. Llamos Paneque<\/span><\/td>\n<td style=\"width: 16.1858%\"><span style=\"font-size: 10pt\">HAB<\/span><\/td>\n<\/tr>\n<tr>\n<td style=\"width: 10.6965%\"><span style=\"font-size: 10pt\">36<\/span><\/td>\n<td style=\"width: 41.2935%\"><span style=\"font-size: 10pt\">Terminaciones voluntarias de embarazo de causa gen\u00e9tica en Mayabeque, 2014 &#8211; 2023<\/span><\/td>\n<td style=\"width: 28.8391%\"><span style=\"font-size: 10pt\">Lidia M. Cotilla Mart\u00ednez\u00a0<\/span><\/td>\n<td style=\"width: 16.1858%\"><span style=\"font-size: 10pt\">MYB<\/span><\/td>\n<\/tr>\n<tr>\n<td style=\"width: 10.6965%\"><span style=\"font-size: 10pt\">37<\/span><\/td>\n<td style=\"width: 41.2935%\"><span style=\"font-size: 10pt\">Variantes de hemoglobinas raras o poco frecuentes en pesquisa prenatal. Mayabeque 2012-2023.<\/span><\/td>\n<td style=\"width: 28.8391%\"><span style=\"font-size: 10pt\">Yeney de la Caridad Donate de Armas<\/span><\/td>\n<td style=\"width: 16.1858%\"><span style=\"font-size: 10pt\">MYB<\/span><\/td>\n<\/tr>\n<tr>\n<td style=\"width: 10.6965%\"><span style=\"font-size: 10pt\">38<\/span><\/td>\n<td style=\"width: 41.2935%\"><span style=\"font-size: 10pt\">Diagn\u00f3stico prenatal de esquizencefalia. Presentaci\u00f3n de un caso.<\/span><\/td>\n<td style=\"width: 28.8391%\"><span style=\"font-size: 10pt\">Nancy Hern\u00e1ndez Hern\u00e1ndez<\/span><\/td>\n<td style=\"width: 16.1858%\"><span style=\"font-size: 10pt\">MYB<\/span><\/td>\n<\/tr>\n<tr>\n<td style=\"width: 10.6965%\"><span style=\"font-size: 10pt\">39<\/span><\/td>\n<td style=\"width: 41.2935%\"><span style=\"font-size: 10pt\">S\u00edndrome Leopard. Presentaci\u00f3n de un caso.<\/span><\/td>\n<td style=\"width: 28.8391%\"><span style=\"font-size: 10pt\">Nancy Hern\u00e1ndez Hern\u00e1ndez<\/span><\/td>\n<td style=\"width: 16.1858%\"><span style=\"font-size: 10pt\">MYB<\/span><\/td>\n<\/tr>\n<tr>\n<td style=\"width: 10.6965%\"><span style=\"font-size: 10pt\">40<\/span><\/td>\n<td style=\"width: 41.2935%\"><span style=\"font-size: 10pt\">Enfermedad de Von Gierke: rara pero no invisible<\/span><\/td>\n<td style=\"width: 28.8391%\"><span style=\"font-size: 10pt\">Dariel Mar\u00edn Gonz\u00e1lez<\/span><\/td>\n<td style=\"width: 16.1858%\"><span style=\"font-size: 10pt\">GTM<\/span><\/td>\n<\/tr>\n<tr>\n<td style=\"width: 10.6965%\"><span style=\"font-size: 10pt\">41<\/span><\/td>\n<td style=\"width: 41.2935%\"><span style=\"font-size: 10pt\">Diagn\u00f3stico tard\u00edo de anemia drepanoc\u00edtica en el curso de la crisis hep\u00e1tica.<\/span><\/td>\n<td style=\"width: 28.8391%\"><span style=\"font-size: 10pt\">Anelys Garc\u00eda Salgado<\/span><\/td>\n<td style=\"width: 16.1858%\"><span style=\"font-size: 10pt\">ART<\/span><\/td>\n<\/tr>\n<tr>\n<td style=\"width: 10.6965%\"><span style=\"font-size: 10pt\">42<\/span><\/td>\n<td style=\"width: 41.2935%\"><span style=\"font-size: 10pt\">S\u00edndrome de Hipermovilidad Articular: Reporte de un Caso Ecuatoriano<\/span><\/td>\n<td style=\"width: 28.8391%\"><span style=\"font-size: 10pt\">Marcos V\u00e1squez Mendoza<\/span><\/td>\n<td style=\"width: 16.1858%\"><span style=\"font-size: 10pt\">Ecuador\u00a0<\/span><\/td>\n<\/tr>\n<tr>\n<td style=\"width: 10.6965%\"><span style=\"font-size: 10pt\">TESIS<\/span><\/td>\n<td style=\"width: 41.2935%\"><span style=\"font-size: 10pt\">Factores predictivos para la detecci\u00f3n de aberraciones cromos\u00f3micas fetales&#8230;<\/span><\/td>\n<td style=\"width: 28.8391%\"><span style=\"font-size: 10pt\">Yanisbell Fajardo Pe\u00f1a<\/span><\/td>\n<td style=\"width: 16.1858%\"><span style=\"font-size: 10pt\">HAB<\/span><\/td>\n<\/tr>\n<tr>\n<td style=\"width: 10.6965%\"><span style=\"font-size: 10pt\">TESIS<\/span><\/td>\n<td style=\"width: 41.2935%\"><span style=\"font-size: 10pt\">Abordaje psicol\u00f3gico de hombres inf\u00e9rtiles con fragmentaci\u00f3n&#8230;<\/span><\/td>\n<td style=\"width: 28.8391%\"><span style=\"font-size: 10pt\">Ainadys Herrera Luis<\/span><\/td>\n<td style=\"width: 16.1858%\"><span style=\"font-size: 10pt\">MYB<\/span><\/td>\n<\/tr>\n<tr>\n<td style=\"width: 10.6965%\"><span style=\"font-size: 10pt\">TESIS<\/span><\/td>\n<td style=\"width: 41.2935%\"><span style=\"font-size: 10pt\">\u00cdndice de fragmentaci\u00f3n esperm\u00e1tica y respuesta a terapia antioxidante en hombres inf\u00e9rtiles de Mayabeque<\/span><\/td>\n<td style=\"width: 28.8391%\"><span style=\"font-size: 10pt\">Yiselt Ruiz Gonz\u00e1lez<\/span><\/td>\n<td style=\"width: 16.1858%\"><span style=\"font-size: 10pt\">MYB<\/span><\/td>\n<\/tr>\n<\/tbody>\n<\/table>\n<p>&nbsp;<\/p>\n<p>&nbsp;<\/p>\n","protected":false},"excerpt":{"rendered":"<p>V JORNADA CIENT\u00cdFICA PROVINCIAL DE GEN\u00c9TICA M\u00c9DICA MAYABEQUE 2024 GenMay 2024 &nbsp; PROGRAMA DEL EVENTO PRESENCIAL Fecha: 22 de febrero del 2024 Sede: Facultad de Ciencias M\u00e9dicas de Mayabeque Lugar: Teatro Central &nbsp; 8:30 am. \u00a0\u00a0\u00a0\u00a0\u00a0 Acreditaci\u00f3n y C\u00f3ctel de Bienvenida 9:00 am. \u00a0\u00a0\u00a0\u00a0\u00a0 Inauguraci\u00f3n del evento 9.15 am. \u00a0\u00a0\u00a0\u00a0\u00a0 Conferencia Magistral. Enfermedades raras o [&hellip;]<\/p>\n","protected":false},"author":4,"featured_media":0,"parent":0,"menu_order":0,"comment_status":"closed","ping_status":"closed","template":"","meta":[],"_links":{"self":[{"href":"https:\/\/promociondeeventos.sld.cu\/genmay2024\/wp-json\/wp\/v2\/pages\/86"}],"collection":[{"href":"https:\/\/promociondeeventos.sld.cu\/genmay2024\/wp-json\/wp\/v2\/pages"}],"about":[{"href":"https:\/\/promociondeeventos.sld.cu\/genmay2024\/wp-json\/wp\/v2\/types\/page"}],"author":[{"embeddable":true,"href":"https:\/\/promociondeeventos.sld.cu\/genmay2024\/wp-json\/wp\/v2\/users\/4"}],"replies":[{"embeddable":true,"href":"https:\/\/promociondeeventos.sld.cu\/genmay2024\/wp-json\/wp\/v2\/comments?post=86"}],"version-history":[{"count":13,"href":"https:\/\/promociondeeventos.sld.cu\/genmay2024\/wp-json\/wp\/v2\/pages\/86\/revisions"}],"predecessor-version":[{"id":113,"href":"https:\/\/promociondeeventos.sld.cu\/genmay2024\/wp-json\/wp\/v2\/pages\/86\/revisions\/113"}],"wp:attachment":[{"href":"https:\/\/promociondeeventos.sld.cu\/genmay2024\/wp-json\/wp\/v2\/media?parent=86"}],"curies":[{"name":"wp","href":"https:\/\/api.w.org\/{rel}","templated":true}]}}