{"id":8,"date":"2024-01-19T01:03:44","date_gmt":"2024-01-19T01:03:44","guid":{"rendered":"https:\/\/promociondeeventos.sld.cu\/genmay2024\/?page_id=8"},"modified":"2024-02-14T04:43:24","modified_gmt":"2024-02-14T04:43:24","slug":"comite-cientifico","status":"publish","type":"page","link":"https:\/\/promociondeeventos.sld.cu\/genmay2024\/comite-cientifico\/","title":{"rendered":"Comit\u00e9 Cient\u00edfico"},"content":{"rendered":"<p><strong>\u00a0Presidente:<\/strong><\/p>\n<p><em>Dr. Daniel Quintana Hern\u00e1ndez.<br \/>\nDrC. (Especialista de Gen\u00e9tica Cl\u00ednica. Profesor e Investigador Auxiliar. Facultad de Ciencias M\u00e9dicas de Mayabeque \/ daniel.quintana@infomed.sld.cu)<\/em><\/p>\n<p>Miembros<\/p>\n<ul>\n<li>Dra. Estela Morales Peralta, DrC. (Especialista de Gen\u00e9tica Cl\u00ednica. Profesor e Investigador Titular. Centro Nacional de Gen\u00e9tica M\u00e9dica \/\u00a0 fornaris@infomed.sld.cu)<\/li>\n<li>Dra. Iris A. Rojas Betancourt, DrC. (Especialista de Gen\u00e9tica Cl\u00ednica. Profesor e Investigador Auxiliar. Centro Nacional de Gen\u00e9tica M\u00e9dica \/ iris@infomed.sld.cu)<\/li>\n<li>Lic. Enny\u00a0 Morales\u00a0 Rodr\u00edguez, DrC. (Profesora Auxiliar. Investigador Titular. Centro Nacional de Gen\u00e9tica M\u00e9dica \/ enny@infomed.sld.cu)<\/li>\n<li>Lic. Tatiana\u00a0 Acosta\u00a0 S\u00e1nchez, DrC. (Profesora e Investigador Auxiliar. Centro Nacional de Gen\u00e9tica M\u00e9dica\/tatianaacosta@infomed.sld.cu)<\/li>\n<li>Dr. Marcel Deniel Mendieta Pedroso, DrC. (Especialista de Medicina Interna. Profesor e Investigador Titular. Facultad de Ciencias M\u00e9dicas de Mayabeque \/ marcel@infomed.sld.cu)<\/li>\n<li>Dra. Yalili Hern\u00e1ndez Mart\u00ednez, MsC. (Especialista de Pediatr\u00eda. Cardiopediatra. Profesor e Investigador Auxiliar. Facultad de Ciencias M\u00e9dicas de Mayabeque \/ yalili@infomed.sld.cu)<\/li>\n<li>Lic.\u00a0 Norma Esther \u00c1lvarez Morales, MsC. (Especialista en Psicolog\u00eda de la Salud. Directora Revista Medimay. Profesor e Investigador Auxiliar. Facultad de Ciencias M\u00e9dicas de Mayabeque \/\u00a0 normaalvarez@infomed.sld.cu)<\/li>\n<\/ul>\n","protected":false},"excerpt":{"rendered":"<p>\u00a0Presidente: Dr. Daniel Quintana Hern\u00e1ndez. DrC. (Especialista de Gen\u00e9tica Cl\u00ednica. Profesor e Investigador Auxiliar. Facultad de Ciencias M\u00e9dicas de Mayabeque \/ daniel.quintana@infomed.sld.cu) Miembros Dra. Estela Morales Peralta, DrC. (Especialista de Gen\u00e9tica Cl\u00ednica. Profesor e Investigador Titular. Centro Nacional de Gen\u00e9tica M\u00e9dica \/\u00a0 fornaris@infomed.sld.cu) Dra. Iris A. Rojas Betancourt, DrC. (Especialista de Gen\u00e9tica Cl\u00ednica. Profesor e [&hellip;]<\/p>\n","protected":false},"author":4,"featured_media":0,"parent":0,"menu_order":0,"comment_status":"closed","ping_status":"closed","template":"","meta":[],"_links":{"self":[{"href":"https:\/\/promociondeeventos.sld.cu\/genmay2024\/wp-json\/wp\/v2\/pages\/8"}],"collection":[{"href":"https:\/\/promociondeeventos.sld.cu\/genmay2024\/wp-json\/wp\/v2\/pages"}],"about":[{"href":"https:\/\/promociondeeventos.sld.cu\/genmay2024\/wp-json\/wp\/v2\/types\/page"}],"author":[{"embeddable":true,"href":"https:\/\/promociondeeventos.sld.cu\/genmay2024\/wp-json\/wp\/v2\/users\/4"}],"replies":[{"embeddable":true,"href":"https:\/\/promociondeeventos.sld.cu\/genmay2024\/wp-json\/wp\/v2\/comments?post=8"}],"version-history":[{"count":6,"href":"https:\/\/promociondeeventos.sld.cu\/genmay2024\/wp-json\/wp\/v2\/pages\/8\/revisions"}],"predecessor-version":[{"id":100,"href":"https:\/\/promociondeeventos.sld.cu\/genmay2024\/wp-json\/wp\/v2\/pages\/8\/revisions\/100"}],"wp:attachment":[{"href":"https:\/\/promociondeeventos.sld.cu\/genmay2024\/wp-json\/wp\/v2\/media?parent=8"}],"curies":[{"name":"wp","href":"https:\/\/api.w.org\/{rel}","templated":true}]}}