{"id":62,"date":"2024-01-19T16:09:58","date_gmt":"2024-01-19T16:09:58","guid":{"rendered":"https:\/\/promociondeeventos.sld.cu\/genmay2024\/?page_id=62"},"modified":"2024-01-19T16:09:58","modified_gmt":"2024-01-19T16:09:58","slug":"contactos","status":"publish","type":"page","link":"https:\/\/promociondeeventos.sld.cu\/genmay2024\/contactos\/","title":{"rendered":"Contactos"},"content":{"rendered":"<p>Para m\u00e1s informaci\u00f3n contactar a:<\/p>\n<ul>\n<li>Dr C. Daniel Quintana Hern\u00e1ndez<\/li>\n<li>Hospital Materno Infantil Manuel Piti Fajardo.<\/li>\n<li>correo electr\u00f3nico: daniel.quintana@infomed.sld.cu<\/li>\n<\/ul>\n","protected":false},"excerpt":{"rendered":"<p>Para m\u00e1s informaci\u00f3n contactar a: Dr C. Daniel Quintana Hern\u00e1ndez Hospital Materno Infantil Manuel Piti Fajardo. correo electr\u00f3nico: daniel.quintana@infomed.sld.cu<\/p>\n","protected":false},"author":4,"featured_media":0,"parent":0,"menu_order":0,"comment_status":"closed","ping_status":"closed","template":"","meta":[],"_links":{"self":[{"href":"https:\/\/promociondeeventos.sld.cu\/genmay2024\/wp-json\/wp\/v2\/pages\/62"}],"collection":[{"href":"https:\/\/promociondeeventos.sld.cu\/genmay2024\/wp-json\/wp\/v2\/pages"}],"about":[{"href":"https:\/\/promociondeeventos.sld.cu\/genmay2024\/wp-json\/wp\/v2\/types\/page"}],"author":[{"embeddable":true,"href":"https:\/\/promociondeeventos.sld.cu\/genmay2024\/wp-json\/wp\/v2\/users\/4"}],"replies":[{"embeddable":true,"href":"https:\/\/promociondeeventos.sld.cu\/genmay2024\/wp-json\/wp\/v2\/comments?post=62"}],"version-history":[{"count":1,"href":"https:\/\/promociondeeventos.sld.cu\/genmay2024\/wp-json\/wp\/v2\/pages\/62\/revisions"}],"predecessor-version":[{"id":63,"href":"https:\/\/promociondeeventos.sld.cu\/genmay2024\/wp-json\/wp\/v2\/pages\/62\/revisions\/63"}],"wp:attachment":[{"href":"https:\/\/promociondeeventos.sld.cu\/genmay2024\/wp-json\/wp\/v2\/media?parent=62"}],"curies":[{"name":"wp","href":"https:\/\/api.w.org\/{rel}","templated":true}]}}