{"id":18,"date":"2024-01-19T01:14:25","date_gmt":"2024-01-19T01:14:25","guid":{"rendered":"https:\/\/promociondeeventos.sld.cu\/genmay2024\/?page_id=18"},"modified":"2024-01-19T19:52:24","modified_gmt":"2024-01-19T19:52:24","slug":"normas-de-presentacion-de-los-trabajos","status":"publish","type":"page","link":"https:\/\/promociondeeventos.sld.cu\/genmay2024\/normas-de-presentacion-de-los-trabajos\/","title":{"rendered":"Normas de presentaci\u00f3n de los trabajos"},"content":{"rendered":"<p><strong>Normas de presentaci\u00f3n de los trabajos:<\/strong><\/p>\n<p><strong>Evento presencial<\/strong>:<\/p>\n<p>22 de febrero de 2024, 9:00 am.<\/p>\n<p>Sede: Facultad de Ciencias M\u00e9dicas de Mayabeque.<\/p>\n<p>Los interesados en exponer sus contribuciones lo realizar\u00e1n por medio de ponencias orales: conferencias, mesas redondas, conferencias magistrales, presentaci\u00f3n de casos y temas libres. Las ponencias orales dispondr\u00e1n de 15 minutos para la presentaci\u00f3n y se organizar\u00e1n seg\u00fan el tipo de modalidad para el que sea aprobado. El interesado podr\u00e1 solicitar al Comit\u00e9 Cient\u00edfico la modalidad de su presentaci\u00f3n, no obstante, este se reservar\u00e1 el derecho de definirla y lo comunicar\u00e1 al autor oportunamente.<\/p>\n<p><strong>Evento virtual:<\/strong><\/p>\n<p>29 de febrero de 2024.<\/p>\n<p>Se utilizar\u00e1 la plataforma WhatsApp para la socializaci\u00f3n de los trabajos presentados, a trav\u00e9s de la cual los participantes podr\u00e1n interactuar con los autores. Los res\u00famenes de los trabajos ser\u00e1n enviados al comit\u00e9 cient\u00edfico (daniel.quintana@infomed.sld.cu) con los siguientes datos a trav\u00e9s del correo electr\u00f3nico.<\/p>\n<p>No se aceptar\u00e1n res\u00famenes enviados por otra v\u00eda.<\/p>\n<p><strong>Requisitos para la estructura de los trabajos:<\/strong><\/p>\n<ul>\n<li>Tipograf\u00eda Times New Roman a 12 puntos, a un espacio, formato de hoja de 8,5 x 11.<\/li>\n<li>Elaborado en procesador de texto Word.<\/li>\n<li>Extensi\u00f3n hasta 500 palabras. La mayor extensi\u00f3n se requiere en los ac\u00e1pites m\u00e9todos y resultados del resumen estructurado. Se deben incluir los siguientes datos:<\/li>\n<li>T\u00edtulo (en la parte superior, Tipograf\u00eda Times New Roman a 14 punto)<\/li>\n<li>Autor principal y coautores Nombre y dos apellidos, carnet de identidad, grado cient\u00edfico, categor\u00eda docente e investigativa, nombre de la instituci\u00f3n, municipio y provincia. Correo electr\u00f3nico y n\u00famero de tel\u00e9fono m\u00f3vil que utilizar\u00e1 en el evento.<\/li>\n<li>Se\u00f1ale con un asterisco el autor que ser\u00e1 responsable de la correspondencia durante el proceso de evaluaci\u00f3n del resumen.<\/li>\n<li>Resumen estructurado en: introducci\u00f3n, objetivos, m\u00e9todos, resultados y conclusiones. Los res\u00famenes enviados ser\u00e1n sometidos a la evaluaci\u00f3n del Comit\u00e9 Cient\u00edfico del evento, que determinar\u00e1 su aprobaci\u00f3n o rechazo en un plazo breve de tiempo y comunicar\u00e1 su decisi\u00f3n al autor.<\/li>\n<li>Fecha l\u00edmite para el env\u00edo de res\u00famenes: 21 de febrero de 2024. La informaci\u00f3n solicitada debe estar completa para recibir el certificado de participaci\u00f3n con los cr\u00e9ditos correspondientes.<\/li>\n<li>Una vez aprobado su trabajo, debe enviarnos el p\u00f3ster electr\u00f3nico en formato PowerPoint con un m\u00e1ximo de seis (6) diapositivas, distribuido de la siguiente manera:\n<ul>\n<li>Primera diapositiva: Presentaci\u00f3n.<\/li>\n<li>Segunda diapositiva: Introducci\u00f3n y objetivos.<\/li>\n<li>Tercera diapositiva: Material y M\u00e9todos.<\/li>\n<li>Cuarta y quinta diapositivas: Resultados (puede incluir comentarios que considere necesarios).<\/li>\n<li>Sexta diapositiva: Conclusiones y Recomendaciones.<\/li>\n<li>Fecha l\u00edmite de env\u00edo del p\u00f3ster electr\u00f3nico: 27 de febrero de 2024<\/li>\n<\/ul>\n<\/li>\n<\/ul>\n","protected":false},"excerpt":{"rendered":"<p>Normas de presentaci\u00f3n de los trabajos: Evento presencial: 22 de febrero de 2024, 9:00 am. Sede: Facultad de Ciencias M\u00e9dicas de Mayabeque. Los interesados en exponer sus contribuciones lo realizar\u00e1n por medio de ponencias orales: conferencias, mesas redondas, conferencias magistrales, presentaci\u00f3n de casos y temas libres. Las ponencias orales dispondr\u00e1n de 15 minutos para la [&hellip;]<\/p>\n","protected":false},"author":4,"featured_media":0,"parent":0,"menu_order":0,"comment_status":"closed","ping_status":"closed","template":"","meta":[],"_links":{"self":[{"href":"https:\/\/promociondeeventos.sld.cu\/genmay2024\/wp-json\/wp\/v2\/pages\/18"}],"collection":[{"href":"https:\/\/promociondeeventos.sld.cu\/genmay2024\/wp-json\/wp\/v2\/pages"}],"about":[{"href":"https:\/\/promociondeeventos.sld.cu\/genmay2024\/wp-json\/wp\/v2\/types\/page"}],"author":[{"embeddable":true,"href":"https:\/\/promociondeeventos.sld.cu\/genmay2024\/wp-json\/wp\/v2\/users\/4"}],"replies":[{"embeddable":true,"href":"https:\/\/promociondeeventos.sld.cu\/genmay2024\/wp-json\/wp\/v2\/comments?post=18"}],"version-history":[{"count":3,"href":"https:\/\/promociondeeventos.sld.cu\/genmay2024\/wp-json\/wp\/v2\/pages\/18\/revisions"}],"predecessor-version":[{"id":80,"href":"https:\/\/promociondeeventos.sld.cu\/genmay2024\/wp-json\/wp\/v2\/pages\/18\/revisions\/80"}],"wp:attachment":[{"href":"https:\/\/promociondeeventos.sld.cu\/genmay2024\/wp-json\/wp\/v2\/media?parent=18"}],"curies":[{"name":"wp","href":"https:\/\/api.w.org\/{rel}","templated":true}]}}